{"id":988,"date":"2021-03-09T19:43:39","date_gmt":"2021-03-09T19:43:39","guid":{"rendered":"http:\/\/zakra.ovaonlinecol.com\/?post_type=product&#038;p=988"},"modified":"2021-03-11T21:14:49","modified_gmt":"2021-03-11T21:14:49","slug":"revoflex-xtreme","status":"publish","type":"product","link":"https:\/\/ovaonline.co\/index.php\/producto\/revoflex-xtreme\/","title":{"rendered":"Revoflex Xtreme"},"content":{"rendered":"<p>Revoflex Xtreme Rueda Para Ejercicios Multifuncional + Bolso<\/p>\n<p>Revoflex Xtreme es la mejor opci\u00f3n para trabajar pecho, brazos, hombros, espalda, muslos,<br \/>\ngl\u00fateos y abdomen ya que sus ligas generan la tensi\u00f3n necesaria para poder generar en el<br \/>\ncuerpo la resistencia y fuerza necesarias para una trabajo muscular adecuado.<\/p>\n<p>Revoflex Xtreme es un aparato de ejercicio con una base de goma y un par de ruedas que<br \/>\ntienen un movimiento bidireccional sostenidas por ligas que te ayudan a hacer ejercicio en<br \/>\nabdominales, adem\u00e1s de generar tensi\u00f3n para un entrenamiento de mayor resistencia y<br \/>\nfuerza y todo en la comodidad de tu hogar o para complementar el trabajo en el gimnasio.<\/p>\n<p>Incluye pr\u00e1ctica tula para transportar.<\/p>\n<p>Ahora tonificar tus m\u00fasculos es m\u00e1s divertido y pr\u00e1ctico con un solo aparato.<\/p>\n<p>Con pocos minutos al d\u00eda de entrenamiento ver\u00e1s grandes resultados.<\/p>\n<p>Te presentamos el Revoflex Xtreme que permite un ejercicio de mayor resistencia y fuerza<br \/>\ndebido a las gomas el\u00e1sticas, por lo que el trabajo ser\u00e1 m\u00e1s satisfactorio y los resultados<br \/>\nvisibles en menos tiempo.<\/p>\n<p>Cuenta con 6 niveles de intensidad y se pueden realizar hasta 44 ejercicios diferentes<\/p>\n<p>ELEMENTOS INCLUIDOS<br \/>\nRevoflex con dos ruedas<br \/>\nBandas y base de apoyo.<br \/>\nGu\u00eda de ejercicios<\/p>\n<p>En Ova Online traemos para ti los mejores productos del mercado en Colombia.<br \/>\nCon ENV\u00cdO GRATIS y paga Cuando recibes *Colombia + lugares seleccionados por transportadora.<\/p>\n<figure style=\"width: 81px\" class=\"wp-caption alignleft\"><a href=\"https:\/\/www.facebook.com\/ovaonlinecol\"><img data-recalc-dims=\"1\" decoding=\"async\" class=\"\" src=\"https:\/\/i0.wp.com\/image.freepik.com\/foto-gratis\/conexion-red-facebook-logo-social_121-76534.jpg?resize=81%2C45&#038;ssl=1\" width=\"81\" height=\"45\" \/><\/a><figcaption class=\"wp-caption-text\">Facebook<\/figcaption><\/figure>\n","protected":false},"excerpt":{"rendered":"<h6>REVOFLEX EXTREME IDEAL PARA HACER EJERCICIOS ABDOMINALES, DE BRAZOS ,ESPALDA Y MUCHOS MASSE PUEDEN REALIZAR 44 TIPOS DE EJERCICIOS<\/h6>\n<h6>CONTENIDO:<\/h6>\n<h6>REVOFLEX EXTREM<br \/>\nBANDAS CON RUEDAS Y BASES DE APOYO<br \/>\nGUIA DE EJERCICIOS<\/h6>\n","protected":false},"featured_media":989,"comment_status":"open","ping_status":"closed","template":"","meta":{"zakra_page_container_layout":"customizer","zakra_page_sidebar_layout":"customizer","zakra_remove_content_margin":false,"zakra_sidebar":"customizer","zakra_transparent_header":"customizer","zakra_logo":0,"zakra_main_header_style":"default","zakra_menu_item_color":"","zakra_menu_item_hover_color":"","zakra_menu_item_active_color":"","zakra_menu_active_style":"","zakra_page_header":true,"_joinchat":[]},"product_brand":[],"product_cat":[39,23,25],"product_tag":[],"class_list":{"0":"post-988","1":"product","2":"type-product","3":"status-publish","4":"has-post-thumbnail","6":"product_cat-cuidado-personal","7":"product_cat-deportes","8":"product_cat-hogar","10":"first","11":"instock","12":"taxable","13":"shipping-taxable","14":"purchasable","15":"product-type-simple"},"yoast_head":"<!-- This site is optimized with the Yoast SEO plugin v27.2 - https:\/\/yoast.com\/product\/yoast-seo-wordpress\/ -->\n<title>Revoflex Xtreme | Env\u00edo Gratis | Colombia<\/title>\n<meta name=\"description\" content=\"Revoflex Xtreme ideal para hacer ejercicios abdominales, de brazos, espalda y muchos mas, se pueden realizar 44 tipos de ejercicios.\" \/>\n<meta name=\"robots\" content=\"index, follow, max-snippet:-1, max-image-preview:large, max-video-preview:-1\" \/>\n<link rel=\"canonical\" href=\"https:\/\/ovaonline.co\/index.php\/producto\/revoflex-xtreme\/\" \/>\n<meta property=\"og:locale\" content=\"es_ES\" \/>\n<meta property=\"og:type\" content=\"article\" \/>\n<meta property=\"og:title\" content=\"Revoflex Xtreme | Env\u00edo Gratis | Colombia\" \/>\n<meta property=\"og:description\" content=\"Revoflex Xtreme ideal para hacer ejercicios abdominales, de brazos, espalda y muchos mas, se pueden realizar 44 tipos de ejercicios.\" \/>\n<meta property=\"og:url\" content=\"https:\/\/ovaonline.co\/index.php\/producto\/revoflex-xtreme\/\" \/>\n<meta property=\"article:publisher\" content=\"https:\/\/www.facebook.com\/ovaonline2022\/\" \/>\n<meta property=\"article:modified_time\" content=\"2021-03-11T21:14:49+00:00\" \/>\n<meta property=\"og:image\" content=\"https:\/\/i0.wp.com\/ovaonline.co\/wp-content\/uploads\/2021\/03\/revo1_optimized.jpg?fit=600%2C600&ssl=1\" \/>\n\t<meta property=\"og:image:width\" content=\"600\" \/>\n\t<meta property=\"og:image:height\" content=\"600\" \/>\n\t<meta property=\"og:image:type\" content=\"image\/jpeg\" \/>\n<meta name=\"twitter:card\" content=\"summary_large_image\" \/>\n<meta name=\"twitter:label1\" content=\"Tiempo de lectura\" \/>\n\t<meta name=\"twitter:data1\" content=\"2 minutos\" \/>\n<script type=\"application\/ld+json\" class=\"yoast-schema-graph\">{\"@context\":\"https:\/\/schema.org\",\"@graph\":[{\"@type\":\"WebPage\",\"@id\":\"https:\/\/ovaonline.co\/index.php\/producto\/revoflex-xtreme\/\",\"url\":\"https:\/\/ovaonline.co\/index.php\/producto\/revoflex-xtreme\/\",\"name\":\"Revoflex Xtreme | Env\u00edo Gratis | Colombia\",\"isPartOf\":{\"@id\":\"https:\/\/ovaonline.co\/#website\"},\"primaryImageOfPage\":{\"@id\":\"https:\/\/ovaonline.co\/index.php\/producto\/revoflex-xtreme\/#primaryimage\"},\"image\":{\"@id\":\"https:\/\/ovaonline.co\/index.php\/producto\/revoflex-xtreme\/#primaryimage\"},\"thumbnailUrl\":\"https:\/\/i0.wp.com\/ovaonline.co\/wp-content\/uploads\/2021\/03\/revo1_optimized.jpg?fit=600%2C600&ssl=1\",\"datePublished\":\"2021-03-09T19:43:39+00:00\",\"dateModified\":\"2021-03-11T21:14:49+00:00\",\"description\":\"Revoflex Xtreme ideal para hacer ejercicios abdominales, de brazos, espalda y muchos mas, se pueden realizar 44 tipos de ejercicios.\",\"breadcrumb\":{\"@id\":\"https:\/\/ovaonline.co\/index.php\/producto\/revoflex-xtreme\/#breadcrumb\"},\"inLanguage\":\"es-CO\",\"potentialAction\":[{\"@type\":\"ReadAction\",\"target\":[\"https:\/\/ovaonline.co\/index.php\/producto\/revoflex-xtreme\/\"]}]},{\"@type\":\"ImageObject\",\"inLanguage\":\"es-CO\",\"@id\":\"https:\/\/ovaonline.co\/index.php\/producto\/revoflex-xtreme\/#primaryimage\",\"url\":\"https:\/\/i0.wp.com\/ovaonline.co\/wp-content\/uploads\/2021\/03\/revo1_optimized.jpg?fit=600%2C600&ssl=1\",\"contentUrl\":\"https:\/\/i0.wp.com\/ovaonline.co\/wp-content\/uploads\/2021\/03\/revo1_optimized.jpg?fit=600%2C600&ssl=1\",\"width\":600,\"height\":600},{\"@type\":\"BreadcrumbList\",\"@id\":\"https:\/\/ovaonline.co\/index.php\/producto\/revoflex-xtreme\/#breadcrumb\",\"itemListElement\":[{\"@type\":\"ListItem\",\"position\":1,\"name\":\"Portada\",\"item\":\"https:\/\/ovaonline.co\/\"},{\"@type\":\"ListItem\",\"position\":2,\"name\":\"Shop\",\"item\":\"https:\/\/ovaonline.co\/index.php\/shop\/\"},{\"@type\":\"ListItem\",\"position\":3,\"name\":\"Revoflex Xtreme\"}]},{\"@type\":\"WebSite\",\"@id\":\"https:\/\/ovaonline.co\/#website\",\"url\":\"https:\/\/ovaonline.co\/\",\"name\":\"OVA Online\",\"description\":\"Moda alternativa, cors\u00e9s y arneses premium. Tu estilo definitivo para destacar en raves, festivales y conciertos en Colombia.\",\"publisher\":{\"@id\":\"https:\/\/ovaonline.co\/#organization\"},\"alternateName\":\"OVA Online Colombia\",\"potentialAction\":[{\"@type\":\"SearchAction\",\"target\":{\"@type\":\"EntryPoint\",\"urlTemplate\":\"https:\/\/ovaonline.co\/?s={search_term_string}\"},\"query-input\":{\"@type\":\"PropertyValueSpecification\",\"valueRequired\":true,\"valueName\":\"search_term_string\"}}],\"inLanguage\":\"es-CO\"},{\"@type\":\"Organization\",\"@id\":\"https:\/\/ovaonline.co\/#organization\",\"name\":\"Ova Online\",\"alternateName\":\"OVA Online Colombia\",\"url\":\"https:\/\/ovaonline.co\/\",\"logo\":{\"@type\":\"ImageObject\",\"inLanguage\":\"es-CO\",\"@id\":\"https:\/\/ovaonline.co\/#\/schema\/logo\/image\/\",\"url\":\"https:\/\/ovaonline.co\/wp-content\/uploads\/2026\/03\/logo-ova.png\",\"contentUrl\":\"https:\/\/ovaonline.co\/wp-content\/uploads\/2026\/03\/logo-ova.png\",\"width\":225,\"height\":225,\"caption\":\"Ova Online\"},\"image\":{\"@id\":\"https:\/\/ovaonline.co\/#\/schema\/logo\/image\/\"},\"sameAs\":[\"https:\/\/www.facebook.com\/ovaonline2022\/\",\"https:\/\/www.instagram.com\/ovaonlinecol\/\"]}]}<\/script>\n<!-- \/ Yoast SEO plugin. -->","yoast_head_json":{"title":"Revoflex Xtreme | Env\u00edo Gratis | Colombia","description":"Revoflex Xtreme ideal para hacer ejercicios abdominales, de brazos, espalda y muchos mas, se pueden realizar 44 tipos de ejercicios.","robots":{"index":"index","follow":"follow","max-snippet":"max-snippet:-1","max-image-preview":"max-image-preview:large","max-video-preview":"max-video-preview:-1"},"canonical":"https:\/\/ovaonline.co\/index.php\/producto\/revoflex-xtreme\/","og_locale":"es_ES","og_type":"article","og_title":"Revoflex Xtreme | Env\u00edo Gratis | Colombia","og_description":"Revoflex Xtreme ideal para hacer ejercicios abdominales, de brazos, espalda y muchos mas, se pueden realizar 44 tipos de ejercicios.","og_url":"https:\/\/ovaonline.co\/index.php\/producto\/revoflex-xtreme\/","article_publisher":"https:\/\/www.facebook.com\/ovaonline2022\/","article_modified_time":"2021-03-11T21:14:49+00:00","og_image":[{"width":600,"height":600,"url":"https:\/\/i0.wp.com\/ovaonline.co\/wp-content\/uploads\/2021\/03\/revo1_optimized.jpg?fit=600%2C600&ssl=1","type":"image\/jpeg"}],"twitter_card":"summary_large_image","twitter_misc":{"Tiempo de lectura":"2 minutos"},"schema":{"@context":"https:\/\/schema.org","@graph":[{"@type":"WebPage","@id":"https:\/\/ovaonline.co\/index.php\/producto\/revoflex-xtreme\/","url":"https:\/\/ovaonline.co\/index.php\/producto\/revoflex-xtreme\/","name":"Revoflex Xtreme | Env\u00edo Gratis | Colombia","isPartOf":{"@id":"https:\/\/ovaonline.co\/#website"},"primaryImageOfPage":{"@id":"https:\/\/ovaonline.co\/index.php\/producto\/revoflex-xtreme\/#primaryimage"},"image":{"@id":"https:\/\/ovaonline.co\/index.php\/producto\/revoflex-xtreme\/#primaryimage"},"thumbnailUrl":"https:\/\/i0.wp.com\/ovaonline.co\/wp-content\/uploads\/2021\/03\/revo1_optimized.jpg?fit=600%2C600&ssl=1","datePublished":"2021-03-09T19:43:39+00:00","dateModified":"2021-03-11T21:14:49+00:00","description":"Revoflex Xtreme ideal para hacer ejercicios abdominales, de brazos, espalda y muchos mas, se pueden realizar 44 tipos de ejercicios.","breadcrumb":{"@id":"https:\/\/ovaonline.co\/index.php\/producto\/revoflex-xtreme\/#breadcrumb"},"inLanguage":"es-CO","potentialAction":[{"@type":"ReadAction","target":["https:\/\/ovaonline.co\/index.php\/producto\/revoflex-xtreme\/"]}]},{"@type":"ImageObject","inLanguage":"es-CO","@id":"https:\/\/ovaonline.co\/index.php\/producto\/revoflex-xtreme\/#primaryimage","url":"https:\/\/i0.wp.com\/ovaonline.co\/wp-content\/uploads\/2021\/03\/revo1_optimized.jpg?fit=600%2C600&ssl=1","contentUrl":"https:\/\/i0.wp.com\/ovaonline.co\/wp-content\/uploads\/2021\/03\/revo1_optimized.jpg?fit=600%2C600&ssl=1","width":600,"height":600},{"@type":"BreadcrumbList","@id":"https:\/\/ovaonline.co\/index.php\/producto\/revoflex-xtreme\/#breadcrumb","itemListElement":[{"@type":"ListItem","position":1,"name":"Portada","item":"https:\/\/ovaonline.co\/"},{"@type":"ListItem","position":2,"name":"Shop","item":"https:\/\/ovaonline.co\/index.php\/shop\/"},{"@type":"ListItem","position":3,"name":"Revoflex Xtreme"}]},{"@type":"WebSite","@id":"https:\/\/ovaonline.co\/#website","url":"https:\/\/ovaonline.co\/","name":"OVA Online","description":"Moda alternativa, cors\u00e9s y arneses premium. Tu estilo definitivo para destacar en raves, festivales y conciertos en Colombia.","publisher":{"@id":"https:\/\/ovaonline.co\/#organization"},"alternateName":"OVA Online Colombia","potentialAction":[{"@type":"SearchAction","target":{"@type":"EntryPoint","urlTemplate":"https:\/\/ovaonline.co\/?s={search_term_string}"},"query-input":{"@type":"PropertyValueSpecification","valueRequired":true,"valueName":"search_term_string"}}],"inLanguage":"es-CO"},{"@type":"Organization","@id":"https:\/\/ovaonline.co\/#organization","name":"Ova Online","alternateName":"OVA Online Colombia","url":"https:\/\/ovaonline.co\/","logo":{"@type":"ImageObject","inLanguage":"es-CO","@id":"https:\/\/ovaonline.co\/#\/schema\/logo\/image\/","url":"https:\/\/ovaonline.co\/wp-content\/uploads\/2026\/03\/logo-ova.png","contentUrl":"https:\/\/ovaonline.co\/wp-content\/uploads\/2026\/03\/logo-ova.png","width":225,"height":225,"caption":"Ova Online"},"image":{"@id":"https:\/\/ovaonline.co\/#\/schema\/logo\/image\/"},"sameAs":["https:\/\/www.facebook.com\/ovaonline2022\/","https:\/\/www.instagram.com\/ovaonlinecol\/"]}]}},"jetpack_sharing_enabled":true,"_links":{"self":[{"href":"https:\/\/ovaonline.co\/index.php\/wp-json\/wp\/v2\/product\/988","targetHints":{"allow":["GET"]}}],"collection":[{"href":"https:\/\/ovaonline.co\/index.php\/wp-json\/wp\/v2\/product"}],"about":[{"href":"https:\/\/ovaonline.co\/index.php\/wp-json\/wp\/v2\/types\/product"}],"replies":[{"embeddable":true,"href":"https:\/\/ovaonline.co\/index.php\/wp-json\/wp\/v2\/comments?post=988"}],"wp:featuredmedia":[{"embeddable":true,"href":"https:\/\/ovaonline.co\/index.php\/wp-json\/wp\/v2\/media\/989"}],"wp:attachment":[{"href":"https:\/\/ovaonline.co\/index.php\/wp-json\/wp\/v2\/media?parent=988"}],"wp:term":[{"taxonomy":"product_brand","embeddable":true,"href":"https:\/\/ovaonline.co\/index.php\/wp-json\/wp\/v2\/product_brand?post=988"},{"taxonomy":"product_cat","embeddable":true,"href":"https:\/\/ovaonline.co\/index.php\/wp-json\/wp\/v2\/product_cat?post=988"},{"taxonomy":"product_tag","embeddable":true,"href":"https:\/\/ovaonline.co\/index.php\/wp-json\/wp\/v2\/product_tag?post=988"}],"curies":[{"name":"wp","href":"https:\/\/api.w.org\/{rel}","templated":true}]}}