{"id":987,"date":"2021-03-09T19:35:24","date_gmt":"2021-03-09T19:35:24","guid":{"rendered":"http:\/\/zakra.ovaonlinecol.com\/?post_type=product&#038;p=987"},"modified":"2021-03-11T21:13:45","modified_gmt":"2021-03-11T21:13:45","slug":"shampoo-bioxin-para-la-caida-del-cabello-hombre","status":"publish","type":"product","link":"https:\/\/ovaonline.co\/index.php\/producto\/shampoo-bioxin-para-la-caida-del-cabello-hombre\/","title":{"rendered":"Shampoo Bioxin para la ca\u00edda del cabello hombre"},"content":{"rendered":"<p>Shampoo Bioxin para la ca\u00edda del cabello hombre\u00a0 + obsequio especial: cepillo para barba<\/p>\n<div id=\"tab-content\" class=\"tab-content\">\n<div id=\"description\" class=\"tab-pane fade in active\">\n<div class=\"product-description\">\n<p>Shampoo control ca\u00edda y crecimiento, ofrece al cabello toda potencia necesaria para evitar su ca\u00edda y estimular su crecimiento en nuevas zonas.<\/p>\n<p>5 en 1<br \/>\n\u2013 Limpieza<br \/>\n\u2013 Crecimiento<br \/>\n\u2013 Acondiciona<br \/>\n\u2013 Control ca\u00edda<br \/>\n\u2013 Fortalece Fol\u00edculo<br \/>\n\u2013 contenido: 12.6 FK.OZ \/ 375ml<\/p>\n<p>Modo de uso Shampoo Bioxin para la ca\u00edda del cabello hombre: (Tambi\u00e9n lo puedes utilizar para la barba)<\/p>\n<p>1. en la ducha moje el cabello con agua<\/p>\n<p>2. Coge tu shampoo y pon sobre tu mano manos la cantidad necesaria para tu cabello \u00a1No excedas !<\/p>\n<p>3.frota el shampoo en tus manos y luego masajea el cuero cabelludo con la yemas de los dedos. Hazlo de forma suave, hasta conseguir formar espuma.<\/p>\n<\/div>\n<p>ENV\u00cdO GRATIS y paga cuando recibes e lugares seleccionados*<\/p>\n<p>Shampoo control ca\u00edda y crecimiento, ofrece al cabello toda potencia necesaria para evitar su ca\u00edda y estimular su crecimiento en nuevas zonas.<\/p>\n<p>Shampoo control ca\u00edda y crecimiento, ofrece al cabello toda potencia necesaria para evitar su ca\u00edda y estimular su crecimiento en nuevas zonas. Contiene minoxidil que es el complemento perfecto para la creaci\u00f3n de nuevo vello y el fortalecimiento de los vellos debilitados.<\/p>\n<p>En Ova Online traemos para ti los mejores productos del mercado en Colombia.<br \/>\nCon ENV\u00cdO GRATIS y paga Cuando recibes *Colombia + lugares seleccionados por transportadora.<\/p>\n<figure style=\"width: 105px\" class=\"wp-caption alignleft\"><a href=\"https:\/\/www.facebook.com\/ovaonlinecol\"><img data-recalc-dims=\"1\" decoding=\"async\" class=\"\" src=\"https:\/\/i0.wp.com\/image.freepik.com\/foto-gratis\/conexion-red-facebook-logo-social_121-76534.jpg?resize=105%2C59&#038;ssl=1\" width=\"105\" height=\"59\" \/><\/a><figcaption class=\"wp-caption-text\">Facebook<\/figcaption><\/figure>\n<\/div>\n<\/div>\n","protected":false},"excerpt":{"rendered":"<p>Producto 100% garantizado con Registro Invima<\/p>\n<p>Env\u00edo totalmente GRATIS y paga cuando recibes en lugares seleccionados<\/p>\n","protected":false},"featured_media":1124,"comment_status":"open","ping_status":"closed","template":"","meta":{"zakra_page_container_layout":"customizer","zakra_page_sidebar_layout":"customizer","zakra_remove_content_margin":false,"zakra_sidebar":"customizer","zakra_transparent_header":"customizer","zakra_logo":0,"zakra_main_header_style":"default","zakra_menu_item_color":"","zakra_menu_item_hover_color":"","zakra_menu_item_active_color":"","zakra_menu_active_style":"","zakra_page_header":true,"_joinchat":[]},"product_brand":[],"product_cat":[22,40],"product_tag":[],"class_list":{"0":"post-987","1":"product","2":"type-product","3":"status-publish","4":"has-post-thumbnail","6":"product_cat-belleza","7":"product_cat-cuidado-del-cabello","9":"first","10":"instock","11":"taxable","12":"shipping-taxable","13":"purchasable","14":"product-type-simple"},"yoast_head":"<!-- This site is optimized with the Yoast SEO plugin v27.2 - https:\/\/yoast.com\/product\/yoast-seo-wordpress\/ -->\n<title>Shampoo Bioxin para la ca\u00edda del cabello hombre |<\/title>\n<meta name=\"description\" content=\"Shampoo Bioxin para la caida del cabello hombre ofrece al cabello toda potencia necesaria para evitar su ca\u00edda y estimular su crecimiento\" \/>\n<meta name=\"robots\" content=\"index, follow, max-snippet:-1, max-image-preview:large, max-video-preview:-1\" \/>\n<link rel=\"canonical\" href=\"https:\/\/ovaonline.co\/index.php\/producto\/shampoo-bioxin-para-la-caida-del-cabello-hombre\/\" \/>\n<meta property=\"og:locale\" content=\"es_ES\" \/>\n<meta property=\"og:type\" content=\"article\" \/>\n<meta property=\"og:title\" content=\"Shampoo Bioxin para la ca\u00edda del cabello hombre |\" \/>\n<meta property=\"og:description\" content=\"Shampoo Bioxin para la caida del cabello hombre ofrece al cabello toda potencia necesaria para evitar su ca\u00edda y estimular su crecimiento\" \/>\n<meta property=\"og:url\" content=\"https:\/\/ovaonline.co\/index.php\/producto\/shampoo-bioxin-para-la-caida-del-cabello-hombre\/\" \/>\n<meta property=\"article:publisher\" content=\"https:\/\/www.facebook.com\/ovaonline2022\/\" \/>\n<meta property=\"article:modified_time\" content=\"2021-03-11T21:13:45+00:00\" \/>\n<meta property=\"og:image\" content=\"https:\/\/i0.wp.com\/ovaonline.co\/wp-content\/uploads\/2021\/03\/hombre-opti_optimized-1.jpg?fit=600%2C600&ssl=1\" \/>\n\t<meta property=\"og:image:width\" content=\"600\" \/>\n\t<meta property=\"og:image:height\" content=\"600\" \/>\n\t<meta property=\"og:image:type\" content=\"image\/jpeg\" \/>\n<meta name=\"twitter:card\" content=\"summary_large_image\" \/>\n<meta name=\"twitter:label1\" content=\"Tiempo de lectura\" \/>\n\t<meta name=\"twitter:data1\" content=\"2 minutos\" \/>\n<script type=\"application\/ld+json\" class=\"yoast-schema-graph\">{\"@context\":\"https:\/\/schema.org\",\"@graph\":[{\"@type\":\"WebPage\",\"@id\":\"https:\/\/ovaonline.co\/index.php\/producto\/shampoo-bioxin-para-la-caida-del-cabello-hombre\/\",\"url\":\"https:\/\/ovaonline.co\/index.php\/producto\/shampoo-bioxin-para-la-caida-del-cabello-hombre\/\",\"name\":\"Shampoo Bioxin para la ca\u00edda del cabello hombre |\",\"isPartOf\":{\"@id\":\"https:\/\/ovaonline.co\/#website\"},\"primaryImageOfPage\":{\"@id\":\"https:\/\/ovaonline.co\/index.php\/producto\/shampoo-bioxin-para-la-caida-del-cabello-hombre\/#primaryimage\"},\"image\":{\"@id\":\"https:\/\/ovaonline.co\/index.php\/producto\/shampoo-bioxin-para-la-caida-del-cabello-hombre\/#primaryimage\"},\"thumbnailUrl\":\"https:\/\/i0.wp.com\/ovaonline.co\/wp-content\/uploads\/2021\/03\/hombre-opti_optimized-1.jpg?fit=600%2C600&ssl=1\",\"datePublished\":\"2021-03-09T19:35:24+00:00\",\"dateModified\":\"2021-03-11T21:13:45+00:00\",\"description\":\"Shampoo Bioxin para la caida del cabello hombre ofrece al cabello toda potencia necesaria para evitar su ca\u00edda y estimular su crecimiento\",\"breadcrumb\":{\"@id\":\"https:\/\/ovaonline.co\/index.php\/producto\/shampoo-bioxin-para-la-caida-del-cabello-hombre\/#breadcrumb\"},\"inLanguage\":\"es-CO\",\"potentialAction\":[{\"@type\":\"ReadAction\",\"target\":[\"https:\/\/ovaonline.co\/index.php\/producto\/shampoo-bioxin-para-la-caida-del-cabello-hombre\/\"]}]},{\"@type\":\"ImageObject\",\"inLanguage\":\"es-CO\",\"@id\":\"https:\/\/ovaonline.co\/index.php\/producto\/shampoo-bioxin-para-la-caida-del-cabello-hombre\/#primaryimage\",\"url\":\"https:\/\/i0.wp.com\/ovaonline.co\/wp-content\/uploads\/2021\/03\/hombre-opti_optimized-1.jpg?fit=600%2C600&ssl=1\",\"contentUrl\":\"https:\/\/i0.wp.com\/ovaonline.co\/wp-content\/uploads\/2021\/03\/hombre-opti_optimized-1.jpg?fit=600%2C600&ssl=1\",\"width\":600,\"height\":600},{\"@type\":\"BreadcrumbList\",\"@id\":\"https:\/\/ovaonline.co\/index.php\/producto\/shampoo-bioxin-para-la-caida-del-cabello-hombre\/#breadcrumb\",\"itemListElement\":[{\"@type\":\"ListItem\",\"position\":1,\"name\":\"Portada\",\"item\":\"https:\/\/ovaonline.co\/\"},{\"@type\":\"ListItem\",\"position\":2,\"name\":\"Shop\",\"item\":\"https:\/\/ovaonline.co\/index.php\/shop\/\"},{\"@type\":\"ListItem\",\"position\":3,\"name\":\"Shampoo Bioxin para la ca\u00edda del cabello hombre\"}]},{\"@type\":\"WebSite\",\"@id\":\"https:\/\/ovaonline.co\/#website\",\"url\":\"https:\/\/ovaonline.co\/\",\"name\":\"OVA Online\",\"description\":\"Moda alternativa, cors\u00e9s y arneses premium. Tu estilo definitivo para destacar en raves, festivales y conciertos en Colombia.\",\"publisher\":{\"@id\":\"https:\/\/ovaonline.co\/#organization\"},\"alternateName\":\"OVA Online Colombia\",\"potentialAction\":[{\"@type\":\"SearchAction\",\"target\":{\"@type\":\"EntryPoint\",\"urlTemplate\":\"https:\/\/ovaonline.co\/?s={search_term_string}\"},\"query-input\":{\"@type\":\"PropertyValueSpecification\",\"valueRequired\":true,\"valueName\":\"search_term_string\"}}],\"inLanguage\":\"es-CO\"},{\"@type\":\"Organization\",\"@id\":\"https:\/\/ovaonline.co\/#organization\",\"name\":\"Ova Online\",\"alternateName\":\"OVA Online Colombia\",\"url\":\"https:\/\/ovaonline.co\/\",\"logo\":{\"@type\":\"ImageObject\",\"inLanguage\":\"es-CO\",\"@id\":\"https:\/\/ovaonline.co\/#\/schema\/logo\/image\/\",\"url\":\"https:\/\/ovaonline.co\/wp-content\/uploads\/2026\/03\/logo-ova.png\",\"contentUrl\":\"https:\/\/ovaonline.co\/wp-content\/uploads\/2026\/03\/logo-ova.png\",\"width\":225,\"height\":225,\"caption\":\"Ova Online\"},\"image\":{\"@id\":\"https:\/\/ovaonline.co\/#\/schema\/logo\/image\/\"},\"sameAs\":[\"https:\/\/www.facebook.com\/ovaonline2022\/\",\"https:\/\/www.instagram.com\/ovaonlinecol\/\"]}]}<\/script>\n<!-- \/ Yoast SEO plugin. -->","yoast_head_json":{"title":"Shampoo Bioxin para la ca\u00edda del cabello hombre |","description":"Shampoo Bioxin para la caida del cabello hombre ofrece al cabello toda potencia necesaria para evitar su ca\u00edda y estimular su crecimiento","robots":{"index":"index","follow":"follow","max-snippet":"max-snippet:-1","max-image-preview":"max-image-preview:large","max-video-preview":"max-video-preview:-1"},"canonical":"https:\/\/ovaonline.co\/index.php\/producto\/shampoo-bioxin-para-la-caida-del-cabello-hombre\/","og_locale":"es_ES","og_type":"article","og_title":"Shampoo Bioxin para la ca\u00edda del cabello hombre |","og_description":"Shampoo Bioxin para la caida del cabello hombre ofrece al cabello toda potencia necesaria para evitar su ca\u00edda y estimular su crecimiento","og_url":"https:\/\/ovaonline.co\/index.php\/producto\/shampoo-bioxin-para-la-caida-del-cabello-hombre\/","article_publisher":"https:\/\/www.facebook.com\/ovaonline2022\/","article_modified_time":"2021-03-11T21:13:45+00:00","og_image":[{"width":600,"height":600,"url":"https:\/\/i0.wp.com\/ovaonline.co\/wp-content\/uploads\/2021\/03\/hombre-opti_optimized-1.jpg?fit=600%2C600&ssl=1","type":"image\/jpeg"}],"twitter_card":"summary_large_image","twitter_misc":{"Tiempo de lectura":"2 minutos"},"schema":{"@context":"https:\/\/schema.org","@graph":[{"@type":"WebPage","@id":"https:\/\/ovaonline.co\/index.php\/producto\/shampoo-bioxin-para-la-caida-del-cabello-hombre\/","url":"https:\/\/ovaonline.co\/index.php\/producto\/shampoo-bioxin-para-la-caida-del-cabello-hombre\/","name":"Shampoo Bioxin para la ca\u00edda del cabello hombre |","isPartOf":{"@id":"https:\/\/ovaonline.co\/#website"},"primaryImageOfPage":{"@id":"https:\/\/ovaonline.co\/index.php\/producto\/shampoo-bioxin-para-la-caida-del-cabello-hombre\/#primaryimage"},"image":{"@id":"https:\/\/ovaonline.co\/index.php\/producto\/shampoo-bioxin-para-la-caida-del-cabello-hombre\/#primaryimage"},"thumbnailUrl":"https:\/\/i0.wp.com\/ovaonline.co\/wp-content\/uploads\/2021\/03\/hombre-opti_optimized-1.jpg?fit=600%2C600&ssl=1","datePublished":"2021-03-09T19:35:24+00:00","dateModified":"2021-03-11T21:13:45+00:00","description":"Shampoo Bioxin para la caida del cabello hombre ofrece al cabello toda potencia necesaria para evitar su ca\u00edda y estimular su crecimiento","breadcrumb":{"@id":"https:\/\/ovaonline.co\/index.php\/producto\/shampoo-bioxin-para-la-caida-del-cabello-hombre\/#breadcrumb"},"inLanguage":"es-CO","potentialAction":[{"@type":"ReadAction","target":["https:\/\/ovaonline.co\/index.php\/producto\/shampoo-bioxin-para-la-caida-del-cabello-hombre\/"]}]},{"@type":"ImageObject","inLanguage":"es-CO","@id":"https:\/\/ovaonline.co\/index.php\/producto\/shampoo-bioxin-para-la-caida-del-cabello-hombre\/#primaryimage","url":"https:\/\/i0.wp.com\/ovaonline.co\/wp-content\/uploads\/2021\/03\/hombre-opti_optimized-1.jpg?fit=600%2C600&ssl=1","contentUrl":"https:\/\/i0.wp.com\/ovaonline.co\/wp-content\/uploads\/2021\/03\/hombre-opti_optimized-1.jpg?fit=600%2C600&ssl=1","width":600,"height":600},{"@type":"BreadcrumbList","@id":"https:\/\/ovaonline.co\/index.php\/producto\/shampoo-bioxin-para-la-caida-del-cabello-hombre\/#breadcrumb","itemListElement":[{"@type":"ListItem","position":1,"name":"Portada","item":"https:\/\/ovaonline.co\/"},{"@type":"ListItem","position":2,"name":"Shop","item":"https:\/\/ovaonline.co\/index.php\/shop\/"},{"@type":"ListItem","position":3,"name":"Shampoo Bioxin para la ca\u00edda del cabello hombre"}]},{"@type":"WebSite","@id":"https:\/\/ovaonline.co\/#website","url":"https:\/\/ovaonline.co\/","name":"OVA Online","description":"Moda alternativa, cors\u00e9s y arneses premium. Tu estilo definitivo para destacar en raves, festivales y conciertos en Colombia.","publisher":{"@id":"https:\/\/ovaonline.co\/#organization"},"alternateName":"OVA Online Colombia","potentialAction":[{"@type":"SearchAction","target":{"@type":"EntryPoint","urlTemplate":"https:\/\/ovaonline.co\/?s={search_term_string}"},"query-input":{"@type":"PropertyValueSpecification","valueRequired":true,"valueName":"search_term_string"}}],"inLanguage":"es-CO"},{"@type":"Organization","@id":"https:\/\/ovaonline.co\/#organization","name":"Ova Online","alternateName":"OVA Online Colombia","url":"https:\/\/ovaonline.co\/","logo":{"@type":"ImageObject","inLanguage":"es-CO","@id":"https:\/\/ovaonline.co\/#\/schema\/logo\/image\/","url":"https:\/\/ovaonline.co\/wp-content\/uploads\/2026\/03\/logo-ova.png","contentUrl":"https:\/\/ovaonline.co\/wp-content\/uploads\/2026\/03\/logo-ova.png","width":225,"height":225,"caption":"Ova Online"},"image":{"@id":"https:\/\/ovaonline.co\/#\/schema\/logo\/image\/"},"sameAs":["https:\/\/www.facebook.com\/ovaonline2022\/","https:\/\/www.instagram.com\/ovaonlinecol\/"]}]}},"jetpack_sharing_enabled":true,"_links":{"self":[{"href":"https:\/\/ovaonline.co\/index.php\/wp-json\/wp\/v2\/product\/987","targetHints":{"allow":["GET"]}}],"collection":[{"href":"https:\/\/ovaonline.co\/index.php\/wp-json\/wp\/v2\/product"}],"about":[{"href":"https:\/\/ovaonline.co\/index.php\/wp-json\/wp\/v2\/types\/product"}],"replies":[{"embeddable":true,"href":"https:\/\/ovaonline.co\/index.php\/wp-json\/wp\/v2\/comments?post=987"}],"wp:featuredmedia":[{"embeddable":true,"href":"https:\/\/ovaonline.co\/index.php\/wp-json\/wp\/v2\/media\/1124"}],"wp:attachment":[{"href":"https:\/\/ovaonline.co\/index.php\/wp-json\/wp\/v2\/media?parent=987"}],"wp:term":[{"taxonomy":"product_brand","embeddable":true,"href":"https:\/\/ovaonline.co\/index.php\/wp-json\/wp\/v2\/product_brand?post=987"},{"taxonomy":"product_cat","embeddable":true,"href":"https:\/\/ovaonline.co\/index.php\/wp-json\/wp\/v2\/product_cat?post=987"},{"taxonomy":"product_tag","embeddable":true,"href":"https:\/\/ovaonline.co\/index.php\/wp-json\/wp\/v2\/product_tag?post=987"}],"curies":[{"name":"wp","href":"https:\/\/api.w.org\/{rel}","templated":true}]}}