{"id":984,"date":"2021-03-09T19:32:40","date_gmt":"2021-03-09T19:32:40","guid":{"rendered":"http:\/\/zakra.ovaonlinecol.com\/?post_type=product&#038;p=984"},"modified":"2021-03-11T21:12:35","modified_gmt":"2021-03-11T21:12:35","slug":"shampoo-cubre-canas-negro","status":"publish","type":"product","link":"https:\/\/ovaonline.co\/index.php\/producto\/shampoo-cubre-canas-negro\/","title":{"rendered":"Shampoo cubre canas negro"},"content":{"rendered":"<p>T\u00f3nico y <a href=\"http:\/\/zakra.ovaonlinecol.com\/index.php\/producto\/shampoo-bioxin-para-la-caida-del-cabello-hombre\/\">Shampoo<\/a> Cubre Canas negro<\/p>\n<p>Shampoo cubre canas\u00a0 cubre perfectamente las canas dej\u00e1ndolas con un espectacular color con solo una aplicaci\u00f3n f\u00e1cil y en su propia casa, usando un producto 100% natural, sin amoniaco, ni per\u00f3xidos que da\u00f1an su cabello, lo pueden usar personas que quieran dejar de usar tinturas tradicionales ya que cubre la ra\u00edz del cabello y matiza el resto del cabello tinturado. Es un producto natural hecho con extracto de plantas y pigmentos naturales org\u00e1nicos que cubre las canas en un 100% y en 1 hora sin maltratar el cabello.<\/p>\n<p>Shampoo\u00a0 elaborado a base de extracto de plantas naturales como romero, quina, ortiga, gu\u00e1cimo, manzanilla y aloe vera. Previene la ca\u00edda del cabello debido a que el romero es un revitalizador del cuero cabelludo, tambi\u00e9n gracias a sus extractos aporta brillo y realza el color natural del cabello, evita la resequedad sin dejar sensaci\u00f3n grasosa.<\/p>\n<p><b>\u00bfC\u00f3mo\u00a0lo uso Shampoo cubre canas negro?<\/b><\/p>\n<ul>\n<li>1.humedece bien tu cabello<\/li>\n<li>2. ponte guantes y aplica todo el contenido del sachet de shampoo\u00a0<b>Black\u00a0<\/b><b>hair<\/b><b>.<\/b><\/li>\n<li>3.espera 5 minutos<\/li>\n<li>4.enjuaga y aplica acondicionador.<\/li>\n<li>5.procede a peinar normalmente<\/li>\n<li>PRESENTACION: SACHET X 25 ML SOLO COLOR NEGRO<\/li>\n<li>X 10 sobres<\/li>\n<\/ul>\n<p>En Ova Online traemos para ti los mejores productos del mercado en Colombia.<br \/>\nCon ENV\u00cdO GRATIS y paga Cuando recibes *Colombia + lugares seleccionados por transportadora.<\/p>\n<figure style=\"width: 103px\" class=\"wp-caption alignnone\"><a href=\"https:\/\/www.facebook.com\/ovaonlinecol\"><img data-recalc-dims=\"1\" decoding=\"async\" class=\"\" src=\"https:\/\/i0.wp.com\/image.freepik.com\/foto-gratis\/conexion-red-facebook-logo-social_121-76534.jpg?resize=103%2C58&#038;ssl=1\" width=\"103\" height=\"58\" \/><\/a><figcaption class=\"wp-caption-text\">Facebook<\/figcaption><\/figure>\n","protected":false},"excerpt":{"rendered":"<p><b>Shampoo con extractos vegetales de coloraci\u00f3n intensa (negro) ideal para cubrir canas y obtener una apariencia uniforme en tan solo 5 minutos<\/b><\/p>\n","protected":false},"featured_media":985,"comment_status":"open","ping_status":"closed","template":"","meta":{"zakra_page_container_layout":"customizer","zakra_page_sidebar_layout":"customizer","zakra_remove_content_margin":false,"zakra_sidebar":"customizer","zakra_transparent_header":"customizer","zakra_logo":0,"zakra_main_header_style":"default","zakra_menu_item_color":"","zakra_menu_item_hover_color":"","zakra_menu_item_active_color":"","zakra_menu_active_style":"","zakra_page_header":true,"_joinchat":[]},"product_brand":[],"product_cat":[22,40],"product_tag":[],"class_list":{"0":"post-984","1":"product","2":"type-product","3":"status-publish","4":"has-post-thumbnail","6":"product_cat-belleza","7":"product_cat-cuidado-del-cabello","9":"first","10":"instock","11":"taxable","12":"shipping-taxable","13":"purchasable","14":"product-type-simple"},"yoast_head":"<!-- This site is optimized with the Yoast SEO plugin v27.2 - https:\/\/yoast.com\/product\/yoast-seo-wordpress\/ -->\n<title>Shampoo cubre canas negro | \/ Env\u00edo Gratis<\/title>\n<meta name=\"description\" content=\"Shampoo cubre canas negro de coloraci\u00f3n intensa (negro) ideal para cubrir canas y obtener una apariencia uniforme en tan solo 5 minutos.\" \/>\n<meta name=\"robots\" content=\"index, follow, max-snippet:-1, max-image-preview:large, max-video-preview:-1\" \/>\n<link rel=\"canonical\" href=\"https:\/\/ovaonline.co\/index.php\/producto\/shampoo-cubre-canas-negro\/\" \/>\n<meta property=\"og:locale\" content=\"es_ES\" \/>\n<meta property=\"og:type\" content=\"article\" \/>\n<meta property=\"og:title\" content=\"Shampoo cubre canas negro | \/ Env\u00edo Gratis\" \/>\n<meta property=\"og:description\" content=\"Shampoo cubre canas negro de coloraci\u00f3n intensa (negro) ideal para cubrir canas y obtener una apariencia uniforme en tan solo 5 minutos.\" \/>\n<meta property=\"og:url\" content=\"https:\/\/ovaonline.co\/index.php\/producto\/shampoo-cubre-canas-negro\/\" \/>\n<meta property=\"article:publisher\" content=\"https:\/\/www.facebook.com\/ovaonline2022\/\" \/>\n<meta property=\"article:modified_time\" content=\"2021-03-11T21:12:35+00:00\" \/>\n<meta property=\"og:image\" content=\"https:\/\/i0.wp.com\/ovaonline.co\/wp-content\/uploads\/2021\/03\/sd1_optimized.jpg?fit=600%2C600&ssl=1\" \/>\n\t<meta property=\"og:image:width\" content=\"600\" \/>\n\t<meta property=\"og:image:height\" content=\"600\" \/>\n\t<meta property=\"og:image:type\" content=\"image\/jpeg\" \/>\n<meta name=\"twitter:card\" content=\"summary_large_image\" \/>\n<meta name=\"twitter:label1\" content=\"Tiempo de lectura\" \/>\n\t<meta name=\"twitter:data1\" content=\"2 minutos\" \/>\n<script type=\"application\/ld+json\" class=\"yoast-schema-graph\">{\"@context\":\"https:\/\/schema.org\",\"@graph\":[{\"@type\":\"WebPage\",\"@id\":\"https:\/\/ovaonline.co\/index.php\/producto\/shampoo-cubre-canas-negro\/\",\"url\":\"https:\/\/ovaonline.co\/index.php\/producto\/shampoo-cubre-canas-negro\/\",\"name\":\"Shampoo cubre canas negro | \/ Env\u00edo Gratis\",\"isPartOf\":{\"@id\":\"https:\/\/ovaonline.co\/#website\"},\"primaryImageOfPage\":{\"@id\":\"https:\/\/ovaonline.co\/index.php\/producto\/shampoo-cubre-canas-negro\/#primaryimage\"},\"image\":{\"@id\":\"https:\/\/ovaonline.co\/index.php\/producto\/shampoo-cubre-canas-negro\/#primaryimage\"},\"thumbnailUrl\":\"https:\/\/i0.wp.com\/ovaonline.co\/wp-content\/uploads\/2021\/03\/sd1_optimized.jpg?fit=600%2C600&ssl=1\",\"datePublished\":\"2021-03-09T19:32:40+00:00\",\"dateModified\":\"2021-03-11T21:12:35+00:00\",\"description\":\"Shampoo cubre canas negro de coloraci\u00f3n intensa (negro) ideal para cubrir canas y obtener una apariencia uniforme en tan solo 5 minutos.\",\"breadcrumb\":{\"@id\":\"https:\/\/ovaonline.co\/index.php\/producto\/shampoo-cubre-canas-negro\/#breadcrumb\"},\"inLanguage\":\"es-CO\",\"potentialAction\":[{\"@type\":\"ReadAction\",\"target\":[\"https:\/\/ovaonline.co\/index.php\/producto\/shampoo-cubre-canas-negro\/\"]}]},{\"@type\":\"ImageObject\",\"inLanguage\":\"es-CO\",\"@id\":\"https:\/\/ovaonline.co\/index.php\/producto\/shampoo-cubre-canas-negro\/#primaryimage\",\"url\":\"https:\/\/i0.wp.com\/ovaonline.co\/wp-content\/uploads\/2021\/03\/sd1_optimized.jpg?fit=600%2C600&ssl=1\",\"contentUrl\":\"https:\/\/i0.wp.com\/ovaonline.co\/wp-content\/uploads\/2021\/03\/sd1_optimized.jpg?fit=600%2C600&ssl=1\",\"width\":600,\"height\":600,\"caption\":\"Shampoo cubre canas negro\"},{\"@type\":\"BreadcrumbList\",\"@id\":\"https:\/\/ovaonline.co\/index.php\/producto\/shampoo-cubre-canas-negro\/#breadcrumb\",\"itemListElement\":[{\"@type\":\"ListItem\",\"position\":1,\"name\":\"Portada\",\"item\":\"https:\/\/ovaonline.co\/\"},{\"@type\":\"ListItem\",\"position\":2,\"name\":\"Shop\",\"item\":\"https:\/\/ovaonline.co\/index.php\/shop\/\"},{\"@type\":\"ListItem\",\"position\":3,\"name\":\"Shampoo cubre canas negro\"}]},{\"@type\":\"WebSite\",\"@id\":\"https:\/\/ovaonline.co\/#website\",\"url\":\"https:\/\/ovaonline.co\/\",\"name\":\"OVA Online\",\"description\":\"Moda alternativa, cors\u00e9s y arneses premium. Tu estilo definitivo para destacar en raves, festivales y conciertos en Colombia.\",\"publisher\":{\"@id\":\"https:\/\/ovaonline.co\/#organization\"},\"alternateName\":\"OVA Online Colombia\",\"potentialAction\":[{\"@type\":\"SearchAction\",\"target\":{\"@type\":\"EntryPoint\",\"urlTemplate\":\"https:\/\/ovaonline.co\/?s={search_term_string}\"},\"query-input\":{\"@type\":\"PropertyValueSpecification\",\"valueRequired\":true,\"valueName\":\"search_term_string\"}}],\"inLanguage\":\"es-CO\"},{\"@type\":\"Organization\",\"@id\":\"https:\/\/ovaonline.co\/#organization\",\"name\":\"Ova Online\",\"alternateName\":\"OVA Online Colombia\",\"url\":\"https:\/\/ovaonline.co\/\",\"logo\":{\"@type\":\"ImageObject\",\"inLanguage\":\"es-CO\",\"@id\":\"https:\/\/ovaonline.co\/#\/schema\/logo\/image\/\",\"url\":\"https:\/\/ovaonline.co\/wp-content\/uploads\/2026\/03\/logo-ova.png\",\"contentUrl\":\"https:\/\/ovaonline.co\/wp-content\/uploads\/2026\/03\/logo-ova.png\",\"width\":225,\"height\":225,\"caption\":\"Ova Online\"},\"image\":{\"@id\":\"https:\/\/ovaonline.co\/#\/schema\/logo\/image\/\"},\"sameAs\":[\"https:\/\/www.facebook.com\/ovaonline2022\/\",\"https:\/\/www.instagram.com\/ovaonlinecol\/\"]}]}<\/script>\n<!-- \/ Yoast SEO plugin. -->","yoast_head_json":{"title":"Shampoo cubre canas negro | \/ Env\u00edo Gratis","description":"Shampoo cubre canas negro de coloraci\u00f3n intensa (negro) ideal para cubrir canas y obtener una apariencia uniforme en tan solo 5 minutos.","robots":{"index":"index","follow":"follow","max-snippet":"max-snippet:-1","max-image-preview":"max-image-preview:large","max-video-preview":"max-video-preview:-1"},"canonical":"https:\/\/ovaonline.co\/index.php\/producto\/shampoo-cubre-canas-negro\/","og_locale":"es_ES","og_type":"article","og_title":"Shampoo cubre canas negro | \/ Env\u00edo Gratis","og_description":"Shampoo cubre canas negro de coloraci\u00f3n intensa (negro) ideal para cubrir canas y obtener una apariencia uniforme en tan solo 5 minutos.","og_url":"https:\/\/ovaonline.co\/index.php\/producto\/shampoo-cubre-canas-negro\/","article_publisher":"https:\/\/www.facebook.com\/ovaonline2022\/","article_modified_time":"2021-03-11T21:12:35+00:00","og_image":[{"width":600,"height":600,"url":"https:\/\/i0.wp.com\/ovaonline.co\/wp-content\/uploads\/2021\/03\/sd1_optimized.jpg?fit=600%2C600&ssl=1","type":"image\/jpeg"}],"twitter_card":"summary_large_image","twitter_misc":{"Tiempo de lectura":"2 minutos"},"schema":{"@context":"https:\/\/schema.org","@graph":[{"@type":"WebPage","@id":"https:\/\/ovaonline.co\/index.php\/producto\/shampoo-cubre-canas-negro\/","url":"https:\/\/ovaonline.co\/index.php\/producto\/shampoo-cubre-canas-negro\/","name":"Shampoo cubre canas negro | \/ Env\u00edo Gratis","isPartOf":{"@id":"https:\/\/ovaonline.co\/#website"},"primaryImageOfPage":{"@id":"https:\/\/ovaonline.co\/index.php\/producto\/shampoo-cubre-canas-negro\/#primaryimage"},"image":{"@id":"https:\/\/ovaonline.co\/index.php\/producto\/shampoo-cubre-canas-negro\/#primaryimage"},"thumbnailUrl":"https:\/\/i0.wp.com\/ovaonline.co\/wp-content\/uploads\/2021\/03\/sd1_optimized.jpg?fit=600%2C600&ssl=1","datePublished":"2021-03-09T19:32:40+00:00","dateModified":"2021-03-11T21:12:35+00:00","description":"Shampoo cubre canas negro de coloraci\u00f3n intensa (negro) ideal para cubrir canas y obtener una apariencia uniforme en tan solo 5 minutos.","breadcrumb":{"@id":"https:\/\/ovaonline.co\/index.php\/producto\/shampoo-cubre-canas-negro\/#breadcrumb"},"inLanguage":"es-CO","potentialAction":[{"@type":"ReadAction","target":["https:\/\/ovaonline.co\/index.php\/producto\/shampoo-cubre-canas-negro\/"]}]},{"@type":"ImageObject","inLanguage":"es-CO","@id":"https:\/\/ovaonline.co\/index.php\/producto\/shampoo-cubre-canas-negro\/#primaryimage","url":"https:\/\/i0.wp.com\/ovaonline.co\/wp-content\/uploads\/2021\/03\/sd1_optimized.jpg?fit=600%2C600&ssl=1","contentUrl":"https:\/\/i0.wp.com\/ovaonline.co\/wp-content\/uploads\/2021\/03\/sd1_optimized.jpg?fit=600%2C600&ssl=1","width":600,"height":600,"caption":"Shampoo cubre canas negro"},{"@type":"BreadcrumbList","@id":"https:\/\/ovaonline.co\/index.php\/producto\/shampoo-cubre-canas-negro\/#breadcrumb","itemListElement":[{"@type":"ListItem","position":1,"name":"Portada","item":"https:\/\/ovaonline.co\/"},{"@type":"ListItem","position":2,"name":"Shop","item":"https:\/\/ovaonline.co\/index.php\/shop\/"},{"@type":"ListItem","position":3,"name":"Shampoo cubre canas negro"}]},{"@type":"WebSite","@id":"https:\/\/ovaonline.co\/#website","url":"https:\/\/ovaonline.co\/","name":"OVA Online","description":"Moda alternativa, cors\u00e9s y arneses premium. Tu estilo definitivo para destacar en raves, festivales y conciertos en Colombia.","publisher":{"@id":"https:\/\/ovaonline.co\/#organization"},"alternateName":"OVA Online Colombia","potentialAction":[{"@type":"SearchAction","target":{"@type":"EntryPoint","urlTemplate":"https:\/\/ovaonline.co\/?s={search_term_string}"},"query-input":{"@type":"PropertyValueSpecification","valueRequired":true,"valueName":"search_term_string"}}],"inLanguage":"es-CO"},{"@type":"Organization","@id":"https:\/\/ovaonline.co\/#organization","name":"Ova Online","alternateName":"OVA Online Colombia","url":"https:\/\/ovaonline.co\/","logo":{"@type":"ImageObject","inLanguage":"es-CO","@id":"https:\/\/ovaonline.co\/#\/schema\/logo\/image\/","url":"https:\/\/ovaonline.co\/wp-content\/uploads\/2026\/03\/logo-ova.png","contentUrl":"https:\/\/ovaonline.co\/wp-content\/uploads\/2026\/03\/logo-ova.png","width":225,"height":225,"caption":"Ova Online"},"image":{"@id":"https:\/\/ovaonline.co\/#\/schema\/logo\/image\/"},"sameAs":["https:\/\/www.facebook.com\/ovaonline2022\/","https:\/\/www.instagram.com\/ovaonlinecol\/"]}]}},"jetpack_sharing_enabled":true,"_links":{"self":[{"href":"https:\/\/ovaonline.co\/index.php\/wp-json\/wp\/v2\/product\/984","targetHints":{"allow":["GET"]}}],"collection":[{"href":"https:\/\/ovaonline.co\/index.php\/wp-json\/wp\/v2\/product"}],"about":[{"href":"https:\/\/ovaonline.co\/index.php\/wp-json\/wp\/v2\/types\/product"}],"replies":[{"embeddable":true,"href":"https:\/\/ovaonline.co\/index.php\/wp-json\/wp\/v2\/comments?post=984"}],"wp:featuredmedia":[{"embeddable":true,"href":"https:\/\/ovaonline.co\/index.php\/wp-json\/wp\/v2\/media\/985"}],"wp:attachment":[{"href":"https:\/\/ovaonline.co\/index.php\/wp-json\/wp\/v2\/media?parent=984"}],"wp:term":[{"taxonomy":"product_brand","embeddable":true,"href":"https:\/\/ovaonline.co\/index.php\/wp-json\/wp\/v2\/product_brand?post=984"},{"taxonomy":"product_cat","embeddable":true,"href":"https:\/\/ovaonline.co\/index.php\/wp-json\/wp\/v2\/product_cat?post=984"},{"taxonomy":"product_tag","embeddable":true,"href":"https:\/\/ovaonline.co\/index.php\/wp-json\/wp\/v2\/product_tag?post=984"}],"curies":[{"name":"wp","href":"https:\/\/api.w.org\/{rel}","templated":true}]}}