{"id":5758,"date":"2026-03-14T06:32:58","date_gmt":"2026-03-14T06:32:58","guid":{"rendered":"https:\/\/ovaonline.co\/?post_type=product&#038;p=5758"},"modified":"2026-03-14T06:35:43","modified_gmt":"2026-03-14T06:35:43","slug":"maxi-cinturon-estilo-boho-dakota-verde-bosque-precio-especial","status":"publish","type":"product","link":"https:\/\/ovaonline.co\/index.php\/producto\/maxi-cinturon-estilo-boho-dakota-verde-bosque-precio-especial\/","title":{"rendered":"Maxi Cintur\u00f3n Estilo Boho &#8220;Dakota&#8221; Verde Bosque &#8211; \u00a1PRECIO ESPECIAL!"},"content":{"rendered":"<p>Aprovecha esta edici\u00f3n limitada a un precio irrepetible! &gt;<br \/>\nDale un toque r\u00fastico y chic a tus outfits con el Maxi Cintur\u00f3n &#8220;Dakota&#8221; en su versi\u00f3n exclusiva Verde Bosque. Su dise\u00f1o consta de una faja base ancha que enmarca la cintura, adornada con dos correas superpuestas y hebillas met\u00e1licas que le dan ese inconfundible estilo boho\/western.<br \/>\n\u00bfPor qu\u00e9 est\u00e1 a este precio? Es una peque\u00f1a producci\u00f3n express (Outlet) con unidades muy limitadas, \u00a1as\u00ed que es tu oportunidad dorada para llevarte un accesorio de dise\u00f1o por una fracci\u00f3n de su valor!<br \/>\n\u00dasalo sobre vestidos de encaje, camisas oversize o faldas vaporosas. Atr\u00e9vete a combinar este tono verde con colores tierra, blancos o beige para un look campestre de impacto.<\/p>\n","protected":false},"excerpt":{"rendered":"<p>Aprovecha esta edici\u00f3n limitada a un precio irrepetible! &gt; Dale un toque r\u00fastico y chic a tus outfits con el Maxi Cintur\u00f3n &#8220;Dakota&#8221; en su versi\u00f3n exclusiva Verde Bosque. Su dise\u00f1o consta de una faja base ancha que enmarca la cintura, adornada con dos correas superpuestas y hebillas met\u00e1licas que le dan ese inconfundible estilo [&hellip;]<\/p>\n","protected":false},"featured_media":5755,"comment_status":"open","ping_status":"closed","template":"","meta":{"zakra_page_container_layout":"customizer","zakra_page_sidebar_layout":"customizer","zakra_remove_content_margin":false,"zakra_sidebar":"customizer","zakra_transparent_header":"customizer","zakra_logo":0,"zakra_main_header_style":"default","zakra_menu_item_color":"","zakra_menu_item_hover_color":"","zakra_menu_item_active_color":"","zakra_menu_active_style":"","zakra_page_header":true,"_joinchat":[]},"product_brand":[],"product_cat":[43,45],"product_tag":[139,142,141,143,46,140,134,144],"class_list":{"0":"post-5758","1":"product","2":"type-product","3":"status-publish","4":"has-post-thumbnail","6":"product_cat-accesorios-cuero","7":"product_cat-cinturones","8":"product_tag-accesorio-en-cuero","9":"product_tag-bohi","10":"product_tag-cinturon-bohi","11":"product_tag-cinturon-boho","12":"product_tag-cinturon-corse","13":"product_tag-cinturon-verde","14":"product_tag-ecocuero","15":"product_tag-estill-western","17":"first","18":"instock","19":"taxable","20":"shipping-taxable","21":"purchasable","22":"product-type-variable"},"yoast_head":"<!-- This site is optimized with the Yoast SEO plugin v27.2 - https:\/\/yoast.com\/product\/yoast-seo-wordpress\/ -->\n<title>Maxi Cintur\u00f3n Estilo Boho &quot;Dakota&quot; Verde Bosque - \u00a1PRECIO ESPECIAL! |<\/title>\n<meta name=\"robots\" content=\"index, follow, max-snippet:-1, max-image-preview:large, max-video-preview:-1\" \/>\n<link rel=\"canonical\" href=\"https:\/\/ovaonline.co\/index.php\/producto\/maxi-cinturon-estilo-boho-dakota-verde-bosque-precio-especial\/\" \/>\n<meta property=\"og:locale\" content=\"es_ES\" \/>\n<meta property=\"og:type\" content=\"article\" \/>\n<meta property=\"og:title\" content=\"Maxi Cintur\u00f3n Estilo Boho &quot;Dakota&quot; Verde Bosque - \u00a1PRECIO ESPECIAL! |\" \/>\n<meta property=\"og:description\" content=\"Aprovecha esta edici\u00f3n limitada a un precio irrepetible! &gt; Dale un toque r\u00fastico y chic a tus outfits con el Maxi Cintur\u00f3n &#8220;Dakota&#8221; en su versi\u00f3n exclusiva Verde Bosque. Su dise\u00f1o consta de una faja base ancha que enmarca la cintura, adornada con dos correas superpuestas y hebillas met\u00e1licas que le dan ese inconfundible estilo [&hellip;]\" \/>\n<meta property=\"og:url\" content=\"https:\/\/ovaonline.co\/index.php\/producto\/maxi-cinturon-estilo-boho-dakota-verde-bosque-precio-especial\/\" \/>\n<meta property=\"article:publisher\" content=\"https:\/\/www.facebook.com\/ovaonline2022\/\" \/>\n<meta property=\"article:modified_time\" content=\"2026-03-14T06:35:43+00:00\" \/>\n<meta property=\"og:image\" content=\"https:\/\/i0.wp.com\/ovaonline.co\/wp-content\/uploads\/2026\/03\/1001336236.jpg?fit=794%2C794&ssl=1\" \/>\n\t<meta property=\"og:image:width\" content=\"794\" \/>\n\t<meta property=\"og:image:height\" content=\"794\" \/>\n\t<meta property=\"og:image:type\" content=\"image\/jpeg\" \/>\n<meta name=\"twitter:card\" content=\"summary_large_image\" \/>\n<meta name=\"twitter:label1\" content=\"Tiempo de lectura\" \/>\n\t<meta name=\"twitter:data1\" content=\"1 minuto\" \/>\n<script type=\"application\/ld+json\" class=\"yoast-schema-graph\">{\"@context\":\"https:\/\/schema.org\",\"@graph\":[{\"@type\":\"WebPage\",\"@id\":\"https:\/\/ovaonline.co\/index.php\/producto\/maxi-cinturon-estilo-boho-dakota-verde-bosque-precio-especial\/\",\"url\":\"https:\/\/ovaonline.co\/index.php\/producto\/maxi-cinturon-estilo-boho-dakota-verde-bosque-precio-especial\/\",\"name\":\"Maxi Cintur\u00f3n Estilo Boho \\\"Dakota\\\" Verde Bosque - \u00a1PRECIO ESPECIAL! |\",\"isPartOf\":{\"@id\":\"https:\/\/ovaonline.co\/#website\"},\"primaryImageOfPage\":{\"@id\":\"https:\/\/ovaonline.co\/index.php\/producto\/maxi-cinturon-estilo-boho-dakota-verde-bosque-precio-especial\/#primaryimage\"},\"image\":{\"@id\":\"https:\/\/ovaonline.co\/index.php\/producto\/maxi-cinturon-estilo-boho-dakota-verde-bosque-precio-especial\/#primaryimage\"},\"thumbnailUrl\":\"https:\/\/i0.wp.com\/ovaonline.co\/wp-content\/uploads\/2026\/03\/1001336236.jpg?fit=794%2C794&ssl=1\",\"datePublished\":\"2026-03-14T06:32:58+00:00\",\"dateModified\":\"2026-03-14T06:35:43+00:00\",\"breadcrumb\":{\"@id\":\"https:\/\/ovaonline.co\/index.php\/producto\/maxi-cinturon-estilo-boho-dakota-verde-bosque-precio-especial\/#breadcrumb\"},\"inLanguage\":\"es-CO\",\"potentialAction\":[{\"@type\":\"ReadAction\",\"target\":[\"https:\/\/ovaonline.co\/index.php\/producto\/maxi-cinturon-estilo-boho-dakota-verde-bosque-precio-especial\/\"]}]},{\"@type\":\"ImageObject\",\"inLanguage\":\"es-CO\",\"@id\":\"https:\/\/ovaonline.co\/index.php\/producto\/maxi-cinturon-estilo-boho-dakota-verde-bosque-precio-especial\/#primaryimage\",\"url\":\"https:\/\/i0.wp.com\/ovaonline.co\/wp-content\/uploads\/2026\/03\/1001336236.jpg?fit=794%2C794&ssl=1\",\"contentUrl\":\"https:\/\/i0.wp.com\/ovaonline.co\/wp-content\/uploads\/2026\/03\/1001336236.jpg?fit=794%2C794&ssl=1\",\"width\":794,\"height\":794},{\"@type\":\"BreadcrumbList\",\"@id\":\"https:\/\/ovaonline.co\/index.php\/producto\/maxi-cinturon-estilo-boho-dakota-verde-bosque-precio-especial\/#breadcrumb\",\"itemListElement\":[{\"@type\":\"ListItem\",\"position\":1,\"name\":\"Portada\",\"item\":\"https:\/\/ovaonline.co\/\"},{\"@type\":\"ListItem\",\"position\":2,\"name\":\"Shop\",\"item\":\"https:\/\/ovaonline.co\/index.php\/shop\/\"},{\"@type\":\"ListItem\",\"position\":3,\"name\":\"Maxi Cintur\u00f3n Estilo Boho &#8220;Dakota&#8221; Verde Bosque &#8211; \u00a1PRECIO ESPECIAL!\"}]},{\"@type\":\"WebSite\",\"@id\":\"https:\/\/ovaonline.co\/#website\",\"url\":\"https:\/\/ovaonline.co\/\",\"name\":\"OVA Online\",\"description\":\"Moda alternativa, cors\u00e9s y arneses premium. Tu estilo definitivo para destacar en raves, festivales y conciertos en Colombia.\",\"publisher\":{\"@id\":\"https:\/\/ovaonline.co\/#organization\"},\"alternateName\":\"OVA Online Colombia\",\"potentialAction\":[{\"@type\":\"SearchAction\",\"target\":{\"@type\":\"EntryPoint\",\"urlTemplate\":\"https:\/\/ovaonline.co\/?s={search_term_string}\"},\"query-input\":{\"@type\":\"PropertyValueSpecification\",\"valueRequired\":true,\"valueName\":\"search_term_string\"}}],\"inLanguage\":\"es-CO\"},{\"@type\":\"Organization\",\"@id\":\"https:\/\/ovaonline.co\/#organization\",\"name\":\"Ova Online\",\"alternateName\":\"OVA Online Colombia\",\"url\":\"https:\/\/ovaonline.co\/\",\"logo\":{\"@type\":\"ImageObject\",\"inLanguage\":\"es-CO\",\"@id\":\"https:\/\/ovaonline.co\/#\/schema\/logo\/image\/\",\"url\":\"https:\/\/ovaonline.co\/wp-content\/uploads\/2026\/03\/logo-ova.png\",\"contentUrl\":\"https:\/\/ovaonline.co\/wp-content\/uploads\/2026\/03\/logo-ova.png\",\"width\":225,\"height\":225,\"caption\":\"Ova Online\"},\"image\":{\"@id\":\"https:\/\/ovaonline.co\/#\/schema\/logo\/image\/\"},\"sameAs\":[\"https:\/\/www.facebook.com\/ovaonline2022\/\",\"https:\/\/www.instagram.com\/ovaonlinecol\/\"]}]}<\/script>\n<!-- \/ Yoast SEO plugin. -->","yoast_head_json":{"title":"Maxi Cintur\u00f3n Estilo Boho \"Dakota\" Verde Bosque - \u00a1PRECIO ESPECIAL! |","robots":{"index":"index","follow":"follow","max-snippet":"max-snippet:-1","max-image-preview":"max-image-preview:large","max-video-preview":"max-video-preview:-1"},"canonical":"https:\/\/ovaonline.co\/index.php\/producto\/maxi-cinturon-estilo-boho-dakota-verde-bosque-precio-especial\/","og_locale":"es_ES","og_type":"article","og_title":"Maxi Cintur\u00f3n Estilo Boho \"Dakota\" Verde Bosque - \u00a1PRECIO ESPECIAL! |","og_description":"Aprovecha esta edici\u00f3n limitada a un precio irrepetible! &gt; Dale un toque r\u00fastico y chic a tus outfits con el Maxi Cintur\u00f3n &#8220;Dakota&#8221; en su versi\u00f3n exclusiva Verde Bosque. Su dise\u00f1o consta de una faja base ancha que enmarca la cintura, adornada con dos correas superpuestas y hebillas met\u00e1licas que le dan ese inconfundible estilo [&hellip;]","og_url":"https:\/\/ovaonline.co\/index.php\/producto\/maxi-cinturon-estilo-boho-dakota-verde-bosque-precio-especial\/","article_publisher":"https:\/\/www.facebook.com\/ovaonline2022\/","article_modified_time":"2026-03-14T06:35:43+00:00","og_image":[{"width":794,"height":794,"url":"https:\/\/i0.wp.com\/ovaonline.co\/wp-content\/uploads\/2026\/03\/1001336236.jpg?fit=794%2C794&ssl=1","type":"image\/jpeg"}],"twitter_card":"summary_large_image","twitter_misc":{"Tiempo de lectura":"1 minuto"},"schema":{"@context":"https:\/\/schema.org","@graph":[{"@type":"WebPage","@id":"https:\/\/ovaonline.co\/index.php\/producto\/maxi-cinturon-estilo-boho-dakota-verde-bosque-precio-especial\/","url":"https:\/\/ovaonline.co\/index.php\/producto\/maxi-cinturon-estilo-boho-dakota-verde-bosque-precio-especial\/","name":"Maxi Cintur\u00f3n Estilo Boho \"Dakota\" Verde Bosque - \u00a1PRECIO ESPECIAL! |","isPartOf":{"@id":"https:\/\/ovaonline.co\/#website"},"primaryImageOfPage":{"@id":"https:\/\/ovaonline.co\/index.php\/producto\/maxi-cinturon-estilo-boho-dakota-verde-bosque-precio-especial\/#primaryimage"},"image":{"@id":"https:\/\/ovaonline.co\/index.php\/producto\/maxi-cinturon-estilo-boho-dakota-verde-bosque-precio-especial\/#primaryimage"},"thumbnailUrl":"https:\/\/i0.wp.com\/ovaonline.co\/wp-content\/uploads\/2026\/03\/1001336236.jpg?fit=794%2C794&ssl=1","datePublished":"2026-03-14T06:32:58+00:00","dateModified":"2026-03-14T06:35:43+00:00","breadcrumb":{"@id":"https:\/\/ovaonline.co\/index.php\/producto\/maxi-cinturon-estilo-boho-dakota-verde-bosque-precio-especial\/#breadcrumb"},"inLanguage":"es-CO","potentialAction":[{"@type":"ReadAction","target":["https:\/\/ovaonline.co\/index.php\/producto\/maxi-cinturon-estilo-boho-dakota-verde-bosque-precio-especial\/"]}]},{"@type":"ImageObject","inLanguage":"es-CO","@id":"https:\/\/ovaonline.co\/index.php\/producto\/maxi-cinturon-estilo-boho-dakota-verde-bosque-precio-especial\/#primaryimage","url":"https:\/\/i0.wp.com\/ovaonline.co\/wp-content\/uploads\/2026\/03\/1001336236.jpg?fit=794%2C794&ssl=1","contentUrl":"https:\/\/i0.wp.com\/ovaonline.co\/wp-content\/uploads\/2026\/03\/1001336236.jpg?fit=794%2C794&ssl=1","width":794,"height":794},{"@type":"BreadcrumbList","@id":"https:\/\/ovaonline.co\/index.php\/producto\/maxi-cinturon-estilo-boho-dakota-verde-bosque-precio-especial\/#breadcrumb","itemListElement":[{"@type":"ListItem","position":1,"name":"Portada","item":"https:\/\/ovaonline.co\/"},{"@type":"ListItem","position":2,"name":"Shop","item":"https:\/\/ovaonline.co\/index.php\/shop\/"},{"@type":"ListItem","position":3,"name":"Maxi Cintur\u00f3n Estilo Boho &#8220;Dakota&#8221; Verde Bosque &#8211; \u00a1PRECIO ESPECIAL!"}]},{"@type":"WebSite","@id":"https:\/\/ovaonline.co\/#website","url":"https:\/\/ovaonline.co\/","name":"OVA Online","description":"Moda alternativa, cors\u00e9s y arneses premium. Tu estilo definitivo para destacar en raves, festivales y conciertos en Colombia.","publisher":{"@id":"https:\/\/ovaonline.co\/#organization"},"alternateName":"OVA Online Colombia","potentialAction":[{"@type":"SearchAction","target":{"@type":"EntryPoint","urlTemplate":"https:\/\/ovaonline.co\/?s={search_term_string}"},"query-input":{"@type":"PropertyValueSpecification","valueRequired":true,"valueName":"search_term_string"}}],"inLanguage":"es-CO"},{"@type":"Organization","@id":"https:\/\/ovaonline.co\/#organization","name":"Ova Online","alternateName":"OVA Online Colombia","url":"https:\/\/ovaonline.co\/","logo":{"@type":"ImageObject","inLanguage":"es-CO","@id":"https:\/\/ovaonline.co\/#\/schema\/logo\/image\/","url":"https:\/\/ovaonline.co\/wp-content\/uploads\/2026\/03\/logo-ova.png","contentUrl":"https:\/\/ovaonline.co\/wp-content\/uploads\/2026\/03\/logo-ova.png","width":225,"height":225,"caption":"Ova Online"},"image":{"@id":"https:\/\/ovaonline.co\/#\/schema\/logo\/image\/"},"sameAs":["https:\/\/www.facebook.com\/ovaonline2022\/","https:\/\/www.instagram.com\/ovaonlinecol\/"]}]}},"jetpack_sharing_enabled":true,"_links":{"self":[{"href":"https:\/\/ovaonline.co\/index.php\/wp-json\/wp\/v2\/product\/5758","targetHints":{"allow":["GET"]}}],"collection":[{"href":"https:\/\/ovaonline.co\/index.php\/wp-json\/wp\/v2\/product"}],"about":[{"href":"https:\/\/ovaonline.co\/index.php\/wp-json\/wp\/v2\/types\/product"}],"replies":[{"embeddable":true,"href":"https:\/\/ovaonline.co\/index.php\/wp-json\/wp\/v2\/comments?post=5758"}],"wp:featuredmedia":[{"embeddable":true,"href":"https:\/\/ovaonline.co\/index.php\/wp-json\/wp\/v2\/media\/5755"}],"wp:attachment":[{"href":"https:\/\/ovaonline.co\/index.php\/wp-json\/wp\/v2\/media?parent=5758"}],"wp:term":[{"taxonomy":"product_brand","embeddable":true,"href":"https:\/\/ovaonline.co\/index.php\/wp-json\/wp\/v2\/product_brand?post=5758"},{"taxonomy":"product_cat","embeddable":true,"href":"https:\/\/ovaonline.co\/index.php\/wp-json\/wp\/v2\/product_cat?post=5758"},{"taxonomy":"product_tag","embeddable":true,"href":"https:\/\/ovaonline.co\/index.php\/wp-json\/wp\/v2\/product_tag?post=5758"}],"curies":[{"name":"wp","href":"https:\/\/api.w.org\/{rel}","templated":true}]}}