{"id":5749,"date":"2026-03-14T06:14:27","date_gmt":"2026-03-14T06:14:27","guid":{"rendered":"https:\/\/ovaonline.co\/?post_type=product&#038;p=5749"},"modified":"2026-03-14T06:17:56","modified_gmt":"2026-03-14T06:17:56","slug":"maxi-cinturon-corset-morgana","status":"publish","type":"product","link":"https:\/\/ovaonline.co\/index.php\/producto\/maxi-cinturon-corset-morgana\/","title":{"rendered":"Maxi Cintur\u00f3n Corset Morgana"},"content":{"rendered":"<p>Logra la silueta de reloj de arena definitiva con el Maxi Cintur\u00f3n Corset &#8220;Morgana&#8221;. Fabricado en cuero sint\u00e9tico negro de alta calidad, este accesorio destaca por su dise\u00f1o peplum minimalista y liso en la parte frontal, mientras que la espalda sorprende con un hermoso sistema de amarre con cinta (lazada tipo corset).<br \/>\nEste detalle no solo le da un toque sensual, vintage y vanguardista, sino que te permite ajustarlo milim\u00e9tricamente a tu cintura para brindarte la m\u00e1xima comodidad sin perder la estructura.<br \/>\n\u00bfC\u00f3mo usarlo? Es s\u00faper vers\u00e1til. Ll\u00e9valo sobre vestidos vaporosos, camisas blancas largas, enterizos o blazers para transformar por completo tu look y definir tu silueta con total elegancia. Un b\u00e1sico elevado que no puede faltar en tu cl\u00f3set.<\/p>\n","protected":false},"excerpt":{"rendered":"<p>Logra la silueta de reloj de arena definitiva con el Maxi Cintur\u00f3n Corset &#8220;Morgana&#8221;. Fabricado en cuero sint\u00e9tico negro de alta calidad, este accesorio destaca por su dise\u00f1o peplum minimalista y liso en la parte frontal, mientras que la espalda sorprende con un hermoso sistema de amarre con cinta (lazada tipo corset). Este detalle no [&hellip;]<\/p>\n","protected":false},"featured_media":5747,"comment_status":"open","ping_status":"closed","template":"","meta":{"zakra_page_container_layout":"customizer","zakra_page_sidebar_layout":"customizer","zakra_remove_content_margin":false,"zakra_sidebar":"customizer","zakra_transparent_header":"customizer","zakra_logo":0,"zakra_main_header_style":"default","zakra_menu_item_color":"","zakra_menu_item_hover_color":"","zakra_menu_item_active_color":"","zakra_menu_active_style":"","zakra_page_header":true,"_joinchat":[]},"product_brand":[],"product_cat":[45],"product_tag":[60,46,51,47,50,55],"class_list":{"0":"post-5749","1":"product","2":"type-product","3":"status-publish","4":"has-post-thumbnail","6":"product_cat-cinturones","7":"product_tag-accesorios-mujer-colombia","8":"product_tag-cinturon-corse","9":"product_tag-cinturon-de-moda","10":"product_tag-cinturon-negro","11":"product_tag-estilo-fajin","12":"product_tag-fajon-mujer","14":"first","15":"instock","16":"taxable","17":"shipping-taxable","18":"purchasable","19":"product-type-variable"},"yoast_head":"<!-- This site is optimized with the Yoast SEO plugin v27.2 - https:\/\/yoast.com\/product\/yoast-seo-wordpress\/ -->\n<title>Maxi Cintur\u00f3n Corset Morgana |<\/title>\n<meta name=\"robots\" content=\"index, follow, max-snippet:-1, max-image-preview:large, max-video-preview:-1\" \/>\n<link rel=\"canonical\" href=\"https:\/\/ovaonline.co\/index.php\/producto\/maxi-cinturon-corset-morgana\/\" \/>\n<meta property=\"og:locale\" content=\"es_ES\" \/>\n<meta property=\"og:type\" content=\"article\" \/>\n<meta property=\"og:title\" content=\"Maxi Cintur\u00f3n Corset Morgana |\" \/>\n<meta property=\"og:description\" content=\"Logra la silueta de reloj de arena definitiva con el Maxi Cintur\u00f3n Corset &#8220;Morgana&#8221;. Fabricado en cuero sint\u00e9tico negro de alta calidad, este accesorio destaca por su dise\u00f1o peplum minimalista y liso en la parte frontal, mientras que la espalda sorprende con un hermoso sistema de amarre con cinta (lazada tipo corset). Este detalle no [&hellip;]\" \/>\n<meta property=\"og:url\" content=\"https:\/\/ovaonline.co\/index.php\/producto\/maxi-cinturon-corset-morgana\/\" \/>\n<meta property=\"article:publisher\" content=\"https:\/\/www.facebook.com\/ovaonline2022\/\" \/>\n<meta property=\"article:modified_time\" content=\"2026-03-14T06:17:56+00:00\" \/>\n<meta property=\"og:image\" content=\"https:\/\/i0.wp.com\/ovaonline.co\/wp-content\/uploads\/2026\/03\/1001336227.jpg?fit=794%2C794&ssl=1\" \/>\n\t<meta property=\"og:image:width\" content=\"794\" \/>\n\t<meta property=\"og:image:height\" content=\"794\" \/>\n\t<meta property=\"og:image:type\" content=\"image\/jpeg\" \/>\n<meta name=\"twitter:card\" content=\"summary_large_image\" \/>\n<meta name=\"twitter:label1\" content=\"Tiempo de lectura\" \/>\n\t<meta name=\"twitter:data1\" content=\"1 minuto\" \/>\n<script type=\"application\/ld+json\" class=\"yoast-schema-graph\">{\"@context\":\"https:\/\/schema.org\",\"@graph\":[{\"@type\":\"WebPage\",\"@id\":\"https:\/\/ovaonline.co\/index.php\/producto\/maxi-cinturon-corset-morgana\/\",\"url\":\"https:\/\/ovaonline.co\/index.php\/producto\/maxi-cinturon-corset-morgana\/\",\"name\":\"Maxi Cintur\u00f3n Corset Morgana |\",\"isPartOf\":{\"@id\":\"https:\/\/ovaonline.co\/#website\"},\"primaryImageOfPage\":{\"@id\":\"https:\/\/ovaonline.co\/index.php\/producto\/maxi-cinturon-corset-morgana\/#primaryimage\"},\"image\":{\"@id\":\"https:\/\/ovaonline.co\/index.php\/producto\/maxi-cinturon-corset-morgana\/#primaryimage\"},\"thumbnailUrl\":\"https:\/\/i0.wp.com\/ovaonline.co\/wp-content\/uploads\/2026\/03\/1001336227.jpg?fit=794%2C794&ssl=1\",\"datePublished\":\"2026-03-14T06:14:27+00:00\",\"dateModified\":\"2026-03-14T06:17:56+00:00\",\"breadcrumb\":{\"@id\":\"https:\/\/ovaonline.co\/index.php\/producto\/maxi-cinturon-corset-morgana\/#breadcrumb\"},\"inLanguage\":\"es-CO\",\"potentialAction\":[{\"@type\":\"ReadAction\",\"target\":[\"https:\/\/ovaonline.co\/index.php\/producto\/maxi-cinturon-corset-morgana\/\"]}]},{\"@type\":\"ImageObject\",\"inLanguage\":\"es-CO\",\"@id\":\"https:\/\/ovaonline.co\/index.php\/producto\/maxi-cinturon-corset-morgana\/#primaryimage\",\"url\":\"https:\/\/i0.wp.com\/ovaonline.co\/wp-content\/uploads\/2026\/03\/1001336227.jpg?fit=794%2C794&ssl=1\",\"contentUrl\":\"https:\/\/i0.wp.com\/ovaonline.co\/wp-content\/uploads\/2026\/03\/1001336227.jpg?fit=794%2C794&ssl=1\",\"width\":794,\"height\":794},{\"@type\":\"BreadcrumbList\",\"@id\":\"https:\/\/ovaonline.co\/index.php\/producto\/maxi-cinturon-corset-morgana\/#breadcrumb\",\"itemListElement\":[{\"@type\":\"ListItem\",\"position\":1,\"name\":\"Portada\",\"item\":\"https:\/\/ovaonline.co\/\"},{\"@type\":\"ListItem\",\"position\":2,\"name\":\"Shop\",\"item\":\"https:\/\/ovaonline.co\/index.php\/shop\/\"},{\"@type\":\"ListItem\",\"position\":3,\"name\":\"Maxi Cintur\u00f3n Corset Morgana\"}]},{\"@type\":\"WebSite\",\"@id\":\"https:\/\/ovaonline.co\/#website\",\"url\":\"https:\/\/ovaonline.co\/\",\"name\":\"OVA Online\",\"description\":\"Moda alternativa, cors\u00e9s y arneses premium. Tu estilo definitivo para destacar en raves, festivales y conciertos en Colombia.\",\"publisher\":{\"@id\":\"https:\/\/ovaonline.co\/#organization\"},\"alternateName\":\"OVA Online Colombia\",\"potentialAction\":[{\"@type\":\"SearchAction\",\"target\":{\"@type\":\"EntryPoint\",\"urlTemplate\":\"https:\/\/ovaonline.co\/?s={search_term_string}\"},\"query-input\":{\"@type\":\"PropertyValueSpecification\",\"valueRequired\":true,\"valueName\":\"search_term_string\"}}],\"inLanguage\":\"es-CO\"},{\"@type\":\"Organization\",\"@id\":\"https:\/\/ovaonline.co\/#organization\",\"name\":\"Ova Online\",\"alternateName\":\"OVA Online Colombia\",\"url\":\"https:\/\/ovaonline.co\/\",\"logo\":{\"@type\":\"ImageObject\",\"inLanguage\":\"es-CO\",\"@id\":\"https:\/\/ovaonline.co\/#\/schema\/logo\/image\/\",\"url\":\"https:\/\/ovaonline.co\/wp-content\/uploads\/2026\/03\/logo-ova.png\",\"contentUrl\":\"https:\/\/ovaonline.co\/wp-content\/uploads\/2026\/03\/logo-ova.png\",\"width\":225,\"height\":225,\"caption\":\"Ova Online\"},\"image\":{\"@id\":\"https:\/\/ovaonline.co\/#\/schema\/logo\/image\/\"},\"sameAs\":[\"https:\/\/www.facebook.com\/ovaonline2022\/\",\"https:\/\/www.instagram.com\/ovaonlinecol\/\"]}]}<\/script>\n<!-- \/ Yoast SEO plugin. -->","yoast_head_json":{"title":"Maxi Cintur\u00f3n Corset Morgana |","robots":{"index":"index","follow":"follow","max-snippet":"max-snippet:-1","max-image-preview":"max-image-preview:large","max-video-preview":"max-video-preview:-1"},"canonical":"https:\/\/ovaonline.co\/index.php\/producto\/maxi-cinturon-corset-morgana\/","og_locale":"es_ES","og_type":"article","og_title":"Maxi Cintur\u00f3n Corset Morgana |","og_description":"Logra la silueta de reloj de arena definitiva con el Maxi Cintur\u00f3n Corset &#8220;Morgana&#8221;. Fabricado en cuero sint\u00e9tico negro de alta calidad, este accesorio destaca por su dise\u00f1o peplum minimalista y liso en la parte frontal, mientras que la espalda sorprende con un hermoso sistema de amarre con cinta (lazada tipo corset). Este detalle no [&hellip;]","og_url":"https:\/\/ovaonline.co\/index.php\/producto\/maxi-cinturon-corset-morgana\/","article_publisher":"https:\/\/www.facebook.com\/ovaonline2022\/","article_modified_time":"2026-03-14T06:17:56+00:00","og_image":[{"width":794,"height":794,"url":"https:\/\/i0.wp.com\/ovaonline.co\/wp-content\/uploads\/2026\/03\/1001336227.jpg?fit=794%2C794&ssl=1","type":"image\/jpeg"}],"twitter_card":"summary_large_image","twitter_misc":{"Tiempo de lectura":"1 minuto"},"schema":{"@context":"https:\/\/schema.org","@graph":[{"@type":"WebPage","@id":"https:\/\/ovaonline.co\/index.php\/producto\/maxi-cinturon-corset-morgana\/","url":"https:\/\/ovaonline.co\/index.php\/producto\/maxi-cinturon-corset-morgana\/","name":"Maxi Cintur\u00f3n Corset Morgana |","isPartOf":{"@id":"https:\/\/ovaonline.co\/#website"},"primaryImageOfPage":{"@id":"https:\/\/ovaonline.co\/index.php\/producto\/maxi-cinturon-corset-morgana\/#primaryimage"},"image":{"@id":"https:\/\/ovaonline.co\/index.php\/producto\/maxi-cinturon-corset-morgana\/#primaryimage"},"thumbnailUrl":"https:\/\/i0.wp.com\/ovaonline.co\/wp-content\/uploads\/2026\/03\/1001336227.jpg?fit=794%2C794&ssl=1","datePublished":"2026-03-14T06:14:27+00:00","dateModified":"2026-03-14T06:17:56+00:00","breadcrumb":{"@id":"https:\/\/ovaonline.co\/index.php\/producto\/maxi-cinturon-corset-morgana\/#breadcrumb"},"inLanguage":"es-CO","potentialAction":[{"@type":"ReadAction","target":["https:\/\/ovaonline.co\/index.php\/producto\/maxi-cinturon-corset-morgana\/"]}]},{"@type":"ImageObject","inLanguage":"es-CO","@id":"https:\/\/ovaonline.co\/index.php\/producto\/maxi-cinturon-corset-morgana\/#primaryimage","url":"https:\/\/i0.wp.com\/ovaonline.co\/wp-content\/uploads\/2026\/03\/1001336227.jpg?fit=794%2C794&ssl=1","contentUrl":"https:\/\/i0.wp.com\/ovaonline.co\/wp-content\/uploads\/2026\/03\/1001336227.jpg?fit=794%2C794&ssl=1","width":794,"height":794},{"@type":"BreadcrumbList","@id":"https:\/\/ovaonline.co\/index.php\/producto\/maxi-cinturon-corset-morgana\/#breadcrumb","itemListElement":[{"@type":"ListItem","position":1,"name":"Portada","item":"https:\/\/ovaonline.co\/"},{"@type":"ListItem","position":2,"name":"Shop","item":"https:\/\/ovaonline.co\/index.php\/shop\/"},{"@type":"ListItem","position":3,"name":"Maxi Cintur\u00f3n Corset Morgana"}]},{"@type":"WebSite","@id":"https:\/\/ovaonline.co\/#website","url":"https:\/\/ovaonline.co\/","name":"OVA Online","description":"Moda alternativa, cors\u00e9s y arneses premium. Tu estilo definitivo para destacar en raves, festivales y conciertos en Colombia.","publisher":{"@id":"https:\/\/ovaonline.co\/#organization"},"alternateName":"OVA Online Colombia","potentialAction":[{"@type":"SearchAction","target":{"@type":"EntryPoint","urlTemplate":"https:\/\/ovaonline.co\/?s={search_term_string}"},"query-input":{"@type":"PropertyValueSpecification","valueRequired":true,"valueName":"search_term_string"}}],"inLanguage":"es-CO"},{"@type":"Organization","@id":"https:\/\/ovaonline.co\/#organization","name":"Ova Online","alternateName":"OVA Online Colombia","url":"https:\/\/ovaonline.co\/","logo":{"@type":"ImageObject","inLanguage":"es-CO","@id":"https:\/\/ovaonline.co\/#\/schema\/logo\/image\/","url":"https:\/\/ovaonline.co\/wp-content\/uploads\/2026\/03\/logo-ova.png","contentUrl":"https:\/\/ovaonline.co\/wp-content\/uploads\/2026\/03\/logo-ova.png","width":225,"height":225,"caption":"Ova Online"},"image":{"@id":"https:\/\/ovaonline.co\/#\/schema\/logo\/image\/"},"sameAs":["https:\/\/www.facebook.com\/ovaonline2022\/","https:\/\/www.instagram.com\/ovaonlinecol\/"]}]}},"jetpack_sharing_enabled":true,"_links":{"self":[{"href":"https:\/\/ovaonline.co\/index.php\/wp-json\/wp\/v2\/product\/5749","targetHints":{"allow":["GET"]}}],"collection":[{"href":"https:\/\/ovaonline.co\/index.php\/wp-json\/wp\/v2\/product"}],"about":[{"href":"https:\/\/ovaonline.co\/index.php\/wp-json\/wp\/v2\/types\/product"}],"replies":[{"embeddable":true,"href":"https:\/\/ovaonline.co\/index.php\/wp-json\/wp\/v2\/comments?post=5749"}],"wp:featuredmedia":[{"embeddable":true,"href":"https:\/\/ovaonline.co\/index.php\/wp-json\/wp\/v2\/media\/5747"}],"wp:attachment":[{"href":"https:\/\/ovaonline.co\/index.php\/wp-json\/wp\/v2\/media?parent=5749"}],"wp:term":[{"taxonomy":"product_brand","embeddable":true,"href":"https:\/\/ovaonline.co\/index.php\/wp-json\/wp\/v2\/product_brand?post=5749"},{"taxonomy":"product_cat","embeddable":true,"href":"https:\/\/ovaonline.co\/index.php\/wp-json\/wp\/v2\/product_cat?post=5749"},{"taxonomy":"product_tag","embeddable":true,"href":"https:\/\/ovaonline.co\/index.php\/wp-json\/wp\/v2\/product_tag?post=5749"}],"curies":[{"name":"wp","href":"https:\/\/api.w.org\/{rel}","templated":true}]}}