{"id":1105,"date":"2021-03-10T15:19:10","date_gmt":"2021-03-10T15:19:10","guid":{"rendered":"http:\/\/zakra.ovaonlinecol.com\/?post_type=product&#038;p=1105"},"modified":"2026-03-21T05:11:50","modified_gmt":"2026-03-21T05:11:50","slug":"cafe-verde-para-adelgazar-barbaro","status":"publish","type":"product","link":"https:\/\/ovaonline.co\/index.php\/producto\/cafe-verde-para-adelgazar-barbaro\/","title":{"rendered":"Caf\u00e9 verde para adelgazar B\u00e1rbaro"},"content":{"rendered":"<p>Caf\u00e9 verde para adelgazar B\u00e1rbaro totalmente 100% org\u00e1nico hecho en Santa Barbara \u2013 Antioquia, con todas sus propiedades.<\/p>\n<p>Contenido de la bolsa: 250 gr \u201cMucho m\u00e1s que otras presentaciones\u201d<\/p>\n<p><strong>Env\u00edo GRATIS a todo el pa\u00eds * Paga cuando recibes en lugares seleccionados.<\/strong><\/p>\n<p>Con tu compra ayudas a familias campesinas Santa Barbare\u00f1as, ya que el caf\u00e9 se compra directamente a ellos.<\/p>\n<h1 class=\"js-headline\">\u00bfEl caf\u00e9 verde es el nuevo aliado para adelgazar?<\/h1>\n<p class=\"section-type\">Entre las propiedades del caf\u00e9 verde est\u00e1 que te ayuda a perder peso. Dos expertos en nutrici\u00f3n te explican c\u00f3mo funciona.<\/p>\n<p>Laura Parada, nutricionista y directora gerente de Slow Life House, nos dice que \u201cel caf\u00e9 verde re\u00fane en su composici\u00f3n los mismos beneficios que el caf\u00e9 negro tostado tradicional, pero a este se le suman aun m\u00e1s beneficios, como generar un efecto saciante. Existen estudios que tambi\u00e9n afirman que entre sus efectos est\u00e1\u00a0<strong>el aumento del metabolismo<\/strong>, al ser un estimulante tambi\u00e9n\u00a0<strong>nos ayudar\u00eda a la hora de realizar ejercicio f\u00edsico<\/strong>, aumentado nuestro rendimiento y as\u00ed\u00a0<strong>quemar m\u00e1s calor\u00edas<\/strong>\u00a0y obtener mejores resultados\u201d.<\/p>\n<p>&nbsp;<\/p>\n<h3 class=\"list-header\">BENEFICIOS DEL CAF\u00c9 VERDE COMO COMPLEMENTO PARA\u00a0<a href=\"https:\/\/ovaonlinecol.com\/product\/faja-de-yeso-para-adelgazar\/\">ADELGAZAR<\/a>:<\/h3>\n<ol class=\"list ordered-list\">\n<li>Es una bebida depurativa y diur\u00e9tica, ayuda en la prevenci\u00f3n de la formaci\u00f3n de c\u00e1lculos biliares.<\/li>\n<li>Reduce la sensaci\u00f3n de hambre al tener efecto saciante.<\/li>\n<li>Transforma las grasas en energ\u00eda.<\/li>\n<li>Aumenta la actividad lipol\u00edtica encargada de la regulaci\u00f3n de las grasas.<\/li>\n<li>Tiene efecto drenante favoreciendo la eliminaci\u00f3n de la celulitis.<\/li>\n<li>Tiene propiedades antioxidantes ya que contiene polifenoles, reduciendo los efectos de los radicales libres que es la principal causa del envejecimiento.<\/li>\n<\/ol>\n<h3 class=\"list-header\">C\u00d3MO SE DEBE TOMAR?<\/h3>\n<p>En forma de infusi\u00f3n, s\u00f3lo hirviendo agua y echando el caf\u00e9 en funci\u00f3n de la cantidad que se quiera preparar. El caf\u00e9 verde es un tipo de caf\u00e9 que no se ha tostado, es un caf\u00e9 que no lleva aditivos. Tiene un olor menos intenso y es m\u00e1s amargo que el tostado negro convencional. Le puedes a\u00f1adir miel, pi\u00f1a o jengibre para dar un mejor sabor.<\/p>\n<h3 class=\"list-header\">\u00bfQUI\u00c9N NO DEBE CONSUMIR CAF\u00c9 VERDE DE FORMA HABITUAL?<\/h3>\n<p>Las personas con problemas de coraz\u00f3n, por acelerar la frecuencia card\u00edaca, no deben consumirlo habitualmente. Las embarazadas tampoco es un colectivo que deba consumirlo, ni los ni\u00f1os. Por otro lado las personas con insuficiencia renal, al tratarse de un producto diur\u00e9tico, no deber\u00edan consumirlo.<\/p>\n","protected":false},"excerpt":{"rendered":"<p>Caf\u00e9 verde para adelgazar B\u00e1rbaro totalmente 100% org\u00e1nico hecho en Santa Barbara \u2013 Antioquia, con todas sus propiedades.<\/p>\n<p>Contenido de la bolsa: 250 gr \u201cMucho m\u00e1s que otras presentaciones\u201d<\/p>\n<p><strong>Env\u00edo GRATIS a todo el pa\u00eds * Paga cuando recibes en lugares seleccionados.<\/strong><\/p>\n<p>Con tu compra ayudas a familias campesinas Santa Barbare\u00f1as, ya que el caf\u00e9 se compra directamente a ellos.<\/p>\n","protected":false},"featured_media":1106,"comment_status":"open","ping_status":"closed","template":"","meta":{"zakra_page_container_layout":"customizer","zakra_page_sidebar_layout":"customizer","zakra_remove_content_margin":false,"zakra_sidebar":"customizer","zakra_transparent_header":"customizer","zakra_logo":0,"zakra_main_header_style":"default","zakra_menu_item_color":"","zakra_menu_item_hover_color":"","zakra_menu_item_active_color":"","zakra_menu_active_style":"","zakra_page_header":true,"_joinchat":[]},"product_brand":[],"product_cat":[22,35,39,25],"product_tag":[272,273,267,269,268,270,271],"class_list":{"0":"post-1105","1":"product","2":"type-product","3":"status-publish","4":"has-post-thumbnail","6":"product_cat-belleza","7":"product_cat-cocina","8":"product_cat-cuidado-personal","9":"product_cat-hogar","10":"product_tag-cafe-de-santa-barbara","11":"product_tag-cafe-para-ciclistas","12":"product_tag-cafe-verde","13":"product_tag-cafe-verde-organico","14":"product_tag-cafe-verde-para-adelgazar","15":"product_tag-cafe-verde-santa-barbara","16":"product_tag-santa-barbara","18":"first","19":"instock","20":"taxable","21":"shipping-taxable","22":"purchasable","23":"product-type-simple"},"yoast_head":"<!-- This site is optimized with the Yoast SEO plugin v27.2 - https:\/\/yoast.com\/product\/yoast-seo-wordpress\/ -->\n<title>Caf\u00e9 verde para adelgazar B\u00e1rbaro | Env\u00edo Gratis<\/title>\n<meta name=\"description\" content=\"Caf\u00e9 verde para adelgazar B\u00e1rbaro totalmente 100% org\u00e1nico hecho en Santa Barbara - Antioquia, con todas sus propiedades.\" \/>\n<meta name=\"robots\" content=\"index, follow, max-snippet:-1, max-image-preview:large, max-video-preview:-1\" \/>\n<link rel=\"canonical\" href=\"https:\/\/ovaonline.co\/index.php\/producto\/cafe-verde-para-adelgazar-barbaro\/\" \/>\n<meta property=\"og:locale\" content=\"es_ES\" \/>\n<meta property=\"og:type\" content=\"article\" \/>\n<meta property=\"og:title\" content=\"Caf\u00e9 verde para adelgazar B\u00e1rbaro | Env\u00edo Gratis\" \/>\n<meta property=\"og:description\" content=\"Caf\u00e9 verde para adelgazar B\u00e1rbaro totalmente 100% org\u00e1nico hecho en Santa Barbara - Antioquia, con todas sus propiedades.\" \/>\n<meta property=\"og:url\" content=\"https:\/\/ovaonline.co\/index.php\/producto\/cafe-verde-para-adelgazar-barbaro\/\" \/>\n<meta property=\"article:publisher\" content=\"https:\/\/www.facebook.com\/ovaonline2022\/\" \/>\n<meta property=\"article:modified_time\" content=\"2026-03-21T05:11:50+00:00\" \/>\n<meta property=\"og:image\" content=\"https:\/\/ovaonline.co\/wp-content\/uploads\/2021\/03\/barbara-opti_optimized.jpg\" \/>\n\t<meta property=\"og:image:width\" content=\"600\" \/>\n\t<meta property=\"og:image:height\" content=\"600\" \/>\n\t<meta property=\"og:image:type\" content=\"image\/jpeg\" \/>\n<meta name=\"twitter:card\" content=\"summary_large_image\" \/>\n<meta name=\"twitter:label1\" content=\"Tiempo de lectura\" \/>\n\t<meta name=\"twitter:data1\" content=\"2 minutos\" \/>\n<script type=\"application\/ld+json\" class=\"yoast-schema-graph\">{\"@context\":\"https:\/\/schema.org\",\"@graph\":[{\"@type\":\"WebPage\",\"@id\":\"https:\/\/ovaonline.co\/index.php\/producto\/cafe-verde-para-adelgazar-barbaro\/\",\"url\":\"https:\/\/ovaonline.co\/index.php\/producto\/cafe-verde-para-adelgazar-barbaro\/\",\"name\":\"Caf\u00e9 verde para adelgazar B\u00e1rbaro | Env\u00edo Gratis\",\"isPartOf\":{\"@id\":\"https:\/\/ovaonline.co\/#website\"},\"primaryImageOfPage\":{\"@id\":\"https:\/\/ovaonline.co\/index.php\/producto\/cafe-verde-para-adelgazar-barbaro\/#primaryimage\"},\"image\":{\"@id\":\"https:\/\/ovaonline.co\/index.php\/producto\/cafe-verde-para-adelgazar-barbaro\/#primaryimage\"},\"thumbnailUrl\":\"https:\/\/i0.wp.com\/ovaonline.co\/wp-content\/uploads\/2021\/03\/barbara-opti_optimized.jpg?fit=600%2C600&ssl=1\",\"datePublished\":\"2021-03-10T15:19:10+00:00\",\"dateModified\":\"2026-03-21T05:11:50+00:00\",\"description\":\"Caf\u00e9 verde para adelgazar B\u00e1rbaro totalmente 100% org\u00e1nico hecho en Santa Barbara - Antioquia, con todas sus propiedades.\",\"breadcrumb\":{\"@id\":\"https:\/\/ovaonline.co\/index.php\/producto\/cafe-verde-para-adelgazar-barbaro\/#breadcrumb\"},\"inLanguage\":\"es-CO\",\"potentialAction\":[{\"@type\":\"ReadAction\",\"target\":[\"https:\/\/ovaonline.co\/index.php\/producto\/cafe-verde-para-adelgazar-barbaro\/\"]}]},{\"@type\":\"ImageObject\",\"inLanguage\":\"es-CO\",\"@id\":\"https:\/\/ovaonline.co\/index.php\/producto\/cafe-verde-para-adelgazar-barbaro\/#primaryimage\",\"url\":\"https:\/\/i0.wp.com\/ovaonline.co\/wp-content\/uploads\/2021\/03\/barbara-opti_optimized.jpg?fit=600%2C600&ssl=1\",\"contentUrl\":\"https:\/\/i0.wp.com\/ovaonline.co\/wp-content\/uploads\/2021\/03\/barbara-opti_optimized.jpg?fit=600%2C600&ssl=1\",\"width\":600,\"height\":600},{\"@type\":\"BreadcrumbList\",\"@id\":\"https:\/\/ovaonline.co\/index.php\/producto\/cafe-verde-para-adelgazar-barbaro\/#breadcrumb\",\"itemListElement\":[{\"@type\":\"ListItem\",\"position\":1,\"name\":\"Portada\",\"item\":\"https:\/\/ovaonline.co\/\"},{\"@type\":\"ListItem\",\"position\":2,\"name\":\"Shop\",\"item\":\"https:\/\/ovaonline.co\/index.php\/shop\/\"},{\"@type\":\"ListItem\",\"position\":3,\"name\":\"Caf\u00e9 verde para adelgazar B\u00e1rbaro\"}]},{\"@type\":\"WebSite\",\"@id\":\"https:\/\/ovaonline.co\/#website\",\"url\":\"https:\/\/ovaonline.co\/\",\"name\":\"OVA Online\",\"description\":\"Moda alternativa, cors\u00e9s y arneses premium. Tu estilo definitivo para destacar en raves, festivales y conciertos en Colombia.\",\"publisher\":{\"@id\":\"https:\/\/ovaonline.co\/#organization\"},\"alternateName\":\"OVA Online Colombia\",\"potentialAction\":[{\"@type\":\"SearchAction\",\"target\":{\"@type\":\"EntryPoint\",\"urlTemplate\":\"https:\/\/ovaonline.co\/?s={search_term_string}\"},\"query-input\":{\"@type\":\"PropertyValueSpecification\",\"valueRequired\":true,\"valueName\":\"search_term_string\"}}],\"inLanguage\":\"es-CO\"},{\"@type\":\"Organization\",\"@id\":\"https:\/\/ovaonline.co\/#organization\",\"name\":\"Ova Online\",\"alternateName\":\"OVA Online Colombia\",\"url\":\"https:\/\/ovaonline.co\/\",\"logo\":{\"@type\":\"ImageObject\",\"inLanguage\":\"es-CO\",\"@id\":\"https:\/\/ovaonline.co\/#\/schema\/logo\/image\/\",\"url\":\"https:\/\/ovaonline.co\/wp-content\/uploads\/2026\/03\/logo-ova.png\",\"contentUrl\":\"https:\/\/ovaonline.co\/wp-content\/uploads\/2026\/03\/logo-ova.png\",\"width\":225,\"height\":225,\"caption\":\"Ova Online\"},\"image\":{\"@id\":\"https:\/\/ovaonline.co\/#\/schema\/logo\/image\/\"},\"sameAs\":[\"https:\/\/www.facebook.com\/ovaonline2022\/\",\"https:\/\/www.instagram.com\/ovaonlinecol\/\"]}]}<\/script>\n<!-- \/ Yoast SEO plugin. -->","yoast_head_json":{"title":"Caf\u00e9 verde para adelgazar B\u00e1rbaro | Env\u00edo Gratis","description":"Caf\u00e9 verde para adelgazar B\u00e1rbaro totalmente 100% org\u00e1nico hecho en Santa Barbara - Antioquia, con todas sus propiedades.","robots":{"index":"index","follow":"follow","max-snippet":"max-snippet:-1","max-image-preview":"max-image-preview:large","max-video-preview":"max-video-preview:-1"},"canonical":"https:\/\/ovaonline.co\/index.php\/producto\/cafe-verde-para-adelgazar-barbaro\/","og_locale":"es_ES","og_type":"article","og_title":"Caf\u00e9 verde para adelgazar B\u00e1rbaro | Env\u00edo Gratis","og_description":"Caf\u00e9 verde para adelgazar B\u00e1rbaro totalmente 100% org\u00e1nico hecho en Santa Barbara - Antioquia, con todas sus propiedades.","og_url":"https:\/\/ovaonline.co\/index.php\/producto\/cafe-verde-para-adelgazar-barbaro\/","article_publisher":"https:\/\/www.facebook.com\/ovaonline2022\/","article_modified_time":"2026-03-21T05:11:50+00:00","og_image":[{"width":600,"height":600,"url":"https:\/\/ovaonline.co\/wp-content\/uploads\/2021\/03\/barbara-opti_optimized.jpg","type":"image\/jpeg"}],"twitter_card":"summary_large_image","twitter_misc":{"Tiempo de lectura":"2 minutos"},"schema":{"@context":"https:\/\/schema.org","@graph":[{"@type":"WebPage","@id":"https:\/\/ovaonline.co\/index.php\/producto\/cafe-verde-para-adelgazar-barbaro\/","url":"https:\/\/ovaonline.co\/index.php\/producto\/cafe-verde-para-adelgazar-barbaro\/","name":"Caf\u00e9 verde para adelgazar B\u00e1rbaro | Env\u00edo Gratis","isPartOf":{"@id":"https:\/\/ovaonline.co\/#website"},"primaryImageOfPage":{"@id":"https:\/\/ovaonline.co\/index.php\/producto\/cafe-verde-para-adelgazar-barbaro\/#primaryimage"},"image":{"@id":"https:\/\/ovaonline.co\/index.php\/producto\/cafe-verde-para-adelgazar-barbaro\/#primaryimage"},"thumbnailUrl":"https:\/\/i0.wp.com\/ovaonline.co\/wp-content\/uploads\/2021\/03\/barbara-opti_optimized.jpg?fit=600%2C600&ssl=1","datePublished":"2021-03-10T15:19:10+00:00","dateModified":"2026-03-21T05:11:50+00:00","description":"Caf\u00e9 verde para adelgazar B\u00e1rbaro totalmente 100% org\u00e1nico hecho en Santa Barbara - Antioquia, con todas sus propiedades.","breadcrumb":{"@id":"https:\/\/ovaonline.co\/index.php\/producto\/cafe-verde-para-adelgazar-barbaro\/#breadcrumb"},"inLanguage":"es-CO","potentialAction":[{"@type":"ReadAction","target":["https:\/\/ovaonline.co\/index.php\/producto\/cafe-verde-para-adelgazar-barbaro\/"]}]},{"@type":"ImageObject","inLanguage":"es-CO","@id":"https:\/\/ovaonline.co\/index.php\/producto\/cafe-verde-para-adelgazar-barbaro\/#primaryimage","url":"https:\/\/i0.wp.com\/ovaonline.co\/wp-content\/uploads\/2021\/03\/barbara-opti_optimized.jpg?fit=600%2C600&ssl=1","contentUrl":"https:\/\/i0.wp.com\/ovaonline.co\/wp-content\/uploads\/2021\/03\/barbara-opti_optimized.jpg?fit=600%2C600&ssl=1","width":600,"height":600},{"@type":"BreadcrumbList","@id":"https:\/\/ovaonline.co\/index.php\/producto\/cafe-verde-para-adelgazar-barbaro\/#breadcrumb","itemListElement":[{"@type":"ListItem","position":1,"name":"Portada","item":"https:\/\/ovaonline.co\/"},{"@type":"ListItem","position":2,"name":"Shop","item":"https:\/\/ovaonline.co\/index.php\/shop\/"},{"@type":"ListItem","position":3,"name":"Caf\u00e9 verde para adelgazar B\u00e1rbaro"}]},{"@type":"WebSite","@id":"https:\/\/ovaonline.co\/#website","url":"https:\/\/ovaonline.co\/","name":"OVA Online","description":"Moda alternativa, cors\u00e9s y arneses premium. Tu estilo definitivo para destacar en raves, festivales y conciertos en Colombia.","publisher":{"@id":"https:\/\/ovaonline.co\/#organization"},"alternateName":"OVA Online Colombia","potentialAction":[{"@type":"SearchAction","target":{"@type":"EntryPoint","urlTemplate":"https:\/\/ovaonline.co\/?s={search_term_string}"},"query-input":{"@type":"PropertyValueSpecification","valueRequired":true,"valueName":"search_term_string"}}],"inLanguage":"es-CO"},{"@type":"Organization","@id":"https:\/\/ovaonline.co\/#organization","name":"Ova Online","alternateName":"OVA Online Colombia","url":"https:\/\/ovaonline.co\/","logo":{"@type":"ImageObject","inLanguage":"es-CO","@id":"https:\/\/ovaonline.co\/#\/schema\/logo\/image\/","url":"https:\/\/ovaonline.co\/wp-content\/uploads\/2026\/03\/logo-ova.png","contentUrl":"https:\/\/ovaonline.co\/wp-content\/uploads\/2026\/03\/logo-ova.png","width":225,"height":225,"caption":"Ova Online"},"image":{"@id":"https:\/\/ovaonline.co\/#\/schema\/logo\/image\/"},"sameAs":["https:\/\/www.facebook.com\/ovaonline2022\/","https:\/\/www.instagram.com\/ovaonlinecol\/"]}]}},"jetpack_sharing_enabled":true,"_links":{"self":[{"href":"https:\/\/ovaonline.co\/index.php\/wp-json\/wp\/v2\/product\/1105","targetHints":{"allow":["GET"]}}],"collection":[{"href":"https:\/\/ovaonline.co\/index.php\/wp-json\/wp\/v2\/product"}],"about":[{"href":"https:\/\/ovaonline.co\/index.php\/wp-json\/wp\/v2\/types\/product"}],"replies":[{"embeddable":true,"href":"https:\/\/ovaonline.co\/index.php\/wp-json\/wp\/v2\/comments?post=1105"}],"wp:featuredmedia":[{"embeddable":true,"href":"https:\/\/ovaonline.co\/index.php\/wp-json\/wp\/v2\/media\/1106"}],"wp:attachment":[{"href":"https:\/\/ovaonline.co\/index.php\/wp-json\/wp\/v2\/media?parent=1105"}],"wp:term":[{"taxonomy":"product_brand","embeddable":true,"href":"https:\/\/ovaonline.co\/index.php\/wp-json\/wp\/v2\/product_brand?post=1105"},{"taxonomy":"product_cat","embeddable":true,"href":"https:\/\/ovaonline.co\/index.php\/wp-json\/wp\/v2\/product_cat?post=1105"},{"taxonomy":"product_tag","embeddable":true,"href":"https:\/\/ovaonline.co\/index.php\/wp-json\/wp\/v2\/product_tag?post=1105"}],"curies":[{"name":"wp","href":"https:\/\/api.w.org\/{rel}","templated":true}]}}