{"id":1091,"date":"2021-03-10T14:53:35","date_gmt":"2021-03-10T14:53:35","guid":{"rendered":"http:\/\/zakra.ovaonlinecol.com\/?post_type=product&#038;p=1091"},"modified":"2021-03-11T16:51:22","modified_gmt":"2021-03-11T16:51:22","slug":"cepillo-alisador-y-voluminizador","status":"publish","type":"product","link":"https:\/\/ovaonline.co\/index.php\/producto\/cepillo-alisador-y-voluminizador\/","title":{"rendered":"Cepillo alisador y voluminizador"},"content":{"rendered":"<p>El cepillo alisador y voluminizador Ayuda a reducir la humedad del cabello durante el secado evitando m\u00e1s da\u00f1os al cabello, haciendo que el cabello sea m\u00e1s suave y brillante. Su dise\u00f1o reparte el calor por toda la superficie, los iones negativos rodean cada hebra de cabello lo cual proporciona m\u00e1s brillo. 1200 vatios de potencia proporciona el calor justo. a diferencia de los secadores de cabello convencionales, este voluminizador se puede colocar m\u00e1s cerca del cuero cabelludo.<\/p>\n<p>3 configuraciones de calor \/ velocidad para flexibilidad de peinado Construido para promover un secado r\u00e1pido y crear estilos llenos de brillo y cabello de aspecto saludable. el revestimiento ayuda a proteger el cabello del exceso de peinado, con una distribuci\u00f3n uniforme del calor que penetra r\u00e1pidamente y se seca de adentro hacia afuera el cabello.<\/p>\n<h3>\u00bfcepillo alisador y voluminizador se puede utilizar para m\u00faltiples usos?<\/h3>\n<p>Incluyendo alisar, secar, voluminizar y brillar tu cabello para un aspecto elegante perfecto. Ideal para todo tipo de cabello. \u2022 Potencia de 1000 W que proporciona el calor adecuado. A diferencia de los secadores de pelo convencionales, este voluminizador se puede colocar m\u00e1s cerca del cuero cabelludo para levantar. 3 ajustes de calor para estilizar la flexibilidad. \u2022 \u00bf Tecnolog\u00eda Ion: iones negativos saturan el flujo de aire. Esto ayuda a acondicionar, suavizar y hacer que el cabello sea m\u00e1s brillante, mientras que reduce el encrespamiento y la est\u00e1tica.<\/p>\n<p>La herramienta es de aproximadamente 45,7 cm de largo. Puedes disfrutar de los resultados de sal\u00f3n en casa. \u2022 Dise\u00f1o ovalado del cepillo alisador y voluminizador: forma \u00fanica para alisar el cabello, mientras que los bordes redondeados crean volumen. Cerdas mixtas. El cepillo est\u00e1 dise\u00f1ado con pin de nailon y cerdas trenzadas para facilitar el desenredo. Mientras que el eje es de aproximadamente 5,08 cm, la punta de la cerda a la punta de la cerda es de 10,16 cm de ancho en su parte m\u00e1s ancha.<\/p>\n<p>\u2022 Mango ergon\u00f3mico: puedes obtener la m\u00e1xima comodidad y facilidad de uso durante el peinado de tu cabello; control de temperatura, mantiene la temperatura precisa con 2 ajustes de calor m\u00e1s ajuste de fr\u00edo.<\/p>\n","protected":false},"excerpt":{"rendered":"<p>cepillo alisador y voluminizador se puede utilizar para m\u00faltiples usos, incluyendo alisar, secar, voluminizar y brillar tu cabello para un aspecto elegante perfecto. Ideal para todo tipo de cabello.<\/p>\n","protected":false},"featured_media":1094,"comment_status":"open","ping_status":"closed","template":"","meta":{"zakra_page_container_layout":"customizer","zakra_page_sidebar_layout":"customizer","zakra_remove_content_margin":false,"zakra_sidebar":"customizer","zakra_transparent_header":"customizer","zakra_logo":0,"zakra_main_header_style":"default","zakra_menu_item_color":"","zakra_menu_item_hover_color":"","zakra_menu_item_active_color":"","zakra_menu_active_style":"","zakra_page_header":true,"_joinchat":[]},"product_brand":[],"product_cat":[22,40,38,37],"product_tag":[],"class_list":{"0":"post-1091","1":"product","2":"type-product","3":"status-publish","4":"has-post-thumbnail","6":"product_cat-belleza","7":"product_cat-cuidado-del-cabello","8":"product_cat-planchas-para-el-cabello","9":"product_cat-secadores","11":"first","12":"instock","13":"taxable","14":"shipping-taxable","15":"purchasable","16":"product-type-simple"},"yoast_head":"<!-- This site is optimized with the Yoast SEO plugin v27.2 - https:\/\/yoast.com\/product\/yoast-seo-wordpress\/ -->\n<title>Cepillo alisador y voluminizador | \/ Env\u00edo Gratis<\/title>\n<meta name=\"description\" content=\"cepillo alisador y voluminizador se puede utilizar para m\u00faltiples usos, incluyendo alisar, secar, voluminizar Colombia Medell\u00edn Antioquia\" \/>\n<meta name=\"robots\" content=\"index, follow, max-snippet:-1, max-image-preview:large, max-video-preview:-1\" \/>\n<link rel=\"canonical\" href=\"https:\/\/ovaonline.co\/index.php\/producto\/cepillo-alisador-y-voluminizador\/\" \/>\n<meta property=\"og:locale\" content=\"es_ES\" \/>\n<meta property=\"og:type\" content=\"article\" \/>\n<meta property=\"og:title\" content=\"Cepillo alisador y voluminizador | \/ Env\u00edo Gratis\" \/>\n<meta property=\"og:description\" content=\"cepillo alisador y voluminizador se puede utilizar para m\u00faltiples usos, incluyendo alisar, secar, voluminizar Colombia Medell\u00edn Antioquia\" \/>\n<meta property=\"og:url\" content=\"https:\/\/ovaonline.co\/index.php\/producto\/cepillo-alisador-y-voluminizador\/\" \/>\n<meta property=\"article:publisher\" content=\"https:\/\/www.facebook.com\/ovaonline2022\/\" \/>\n<meta property=\"article:modified_time\" content=\"2021-03-11T16:51:22+00:00\" \/>\n<meta property=\"og:image\" content=\"https:\/\/i0.wp.com\/ovaonline.co\/wp-content\/uploads\/2021\/03\/front-opti_optimized.jpg?fit=600%2C600&ssl=1\" \/>\n\t<meta property=\"og:image:width\" content=\"600\" \/>\n\t<meta property=\"og:image:height\" content=\"600\" \/>\n\t<meta property=\"og:image:type\" content=\"image\/jpeg\" \/>\n<meta name=\"twitter:card\" content=\"summary_large_image\" \/>\n<meta name=\"twitter:label1\" content=\"Tiempo de lectura\" \/>\n\t<meta name=\"twitter:data1\" content=\"2 minutos\" \/>\n<script type=\"application\/ld+json\" class=\"yoast-schema-graph\">{\"@context\":\"https:\/\/schema.org\",\"@graph\":[{\"@type\":\"WebPage\",\"@id\":\"https:\/\/ovaonline.co\/index.php\/producto\/cepillo-alisador-y-voluminizador\/\",\"url\":\"https:\/\/ovaonline.co\/index.php\/producto\/cepillo-alisador-y-voluminizador\/\",\"name\":\"Cepillo alisador y voluminizador | \/ Env\u00edo Gratis\",\"isPartOf\":{\"@id\":\"https:\/\/ovaonline.co\/#website\"},\"primaryImageOfPage\":{\"@id\":\"https:\/\/ovaonline.co\/index.php\/producto\/cepillo-alisador-y-voluminizador\/#primaryimage\"},\"image\":{\"@id\":\"https:\/\/ovaonline.co\/index.php\/producto\/cepillo-alisador-y-voluminizador\/#primaryimage\"},\"thumbnailUrl\":\"https:\/\/i0.wp.com\/ovaonline.co\/wp-content\/uploads\/2021\/03\/front-opti_optimized.jpg?fit=600%2C600&ssl=1\",\"datePublished\":\"2021-03-10T14:53:35+00:00\",\"dateModified\":\"2021-03-11T16:51:22+00:00\",\"description\":\"cepillo alisador y voluminizador se puede utilizar para m\u00faltiples usos, incluyendo alisar, secar, voluminizar Colombia Medell\u00edn Antioquia\",\"breadcrumb\":{\"@id\":\"https:\/\/ovaonline.co\/index.php\/producto\/cepillo-alisador-y-voluminizador\/#breadcrumb\"},\"inLanguage\":\"es-CO\",\"potentialAction\":[{\"@type\":\"ReadAction\",\"target\":[\"https:\/\/ovaonline.co\/index.php\/producto\/cepillo-alisador-y-voluminizador\/\"]}]},{\"@type\":\"ImageObject\",\"inLanguage\":\"es-CO\",\"@id\":\"https:\/\/ovaonline.co\/index.php\/producto\/cepillo-alisador-y-voluminizador\/#primaryimage\",\"url\":\"https:\/\/i0.wp.com\/ovaonline.co\/wp-content\/uploads\/2021\/03\/front-opti_optimized.jpg?fit=600%2C600&ssl=1\",\"contentUrl\":\"https:\/\/i0.wp.com\/ovaonline.co\/wp-content\/uploads\/2021\/03\/front-opti_optimized.jpg?fit=600%2C600&ssl=1\",\"width\":600,\"height\":600},{\"@type\":\"BreadcrumbList\",\"@id\":\"https:\/\/ovaonline.co\/index.php\/producto\/cepillo-alisador-y-voluminizador\/#breadcrumb\",\"itemListElement\":[{\"@type\":\"ListItem\",\"position\":1,\"name\":\"Portada\",\"item\":\"https:\/\/ovaonline.co\/\"},{\"@type\":\"ListItem\",\"position\":2,\"name\":\"Shop\",\"item\":\"https:\/\/ovaonline.co\/index.php\/shop\/\"},{\"@type\":\"ListItem\",\"position\":3,\"name\":\"Cepillo alisador y voluminizador\"}]},{\"@type\":\"WebSite\",\"@id\":\"https:\/\/ovaonline.co\/#website\",\"url\":\"https:\/\/ovaonline.co\/\",\"name\":\"OVA Online\",\"description\":\"Moda alternativa, cors\u00e9s y arneses premium. Tu estilo definitivo para destacar en raves, festivales y conciertos en Colombia.\",\"publisher\":{\"@id\":\"https:\/\/ovaonline.co\/#organization\"},\"alternateName\":\"OVA Online Colombia\",\"potentialAction\":[{\"@type\":\"SearchAction\",\"target\":{\"@type\":\"EntryPoint\",\"urlTemplate\":\"https:\/\/ovaonline.co\/?s={search_term_string}\"},\"query-input\":{\"@type\":\"PropertyValueSpecification\",\"valueRequired\":true,\"valueName\":\"search_term_string\"}}],\"inLanguage\":\"es-CO\"},{\"@type\":\"Organization\",\"@id\":\"https:\/\/ovaonline.co\/#organization\",\"name\":\"Ova Online\",\"alternateName\":\"OVA Online Colombia\",\"url\":\"https:\/\/ovaonline.co\/\",\"logo\":{\"@type\":\"ImageObject\",\"inLanguage\":\"es-CO\",\"@id\":\"https:\/\/ovaonline.co\/#\/schema\/logo\/image\/\",\"url\":\"https:\/\/ovaonline.co\/wp-content\/uploads\/2026\/03\/logo-ova.png\",\"contentUrl\":\"https:\/\/ovaonline.co\/wp-content\/uploads\/2026\/03\/logo-ova.png\",\"width\":225,\"height\":225,\"caption\":\"Ova Online\"},\"image\":{\"@id\":\"https:\/\/ovaonline.co\/#\/schema\/logo\/image\/\"},\"sameAs\":[\"https:\/\/www.facebook.com\/ovaonline2022\/\",\"https:\/\/www.instagram.com\/ovaonlinecol\/\"]}]}<\/script>\n<!-- \/ Yoast SEO plugin. -->","yoast_head_json":{"title":"Cepillo alisador y voluminizador | \/ Env\u00edo Gratis","description":"cepillo alisador y voluminizador se puede utilizar para m\u00faltiples usos, incluyendo alisar, secar, voluminizar Colombia Medell\u00edn Antioquia","robots":{"index":"index","follow":"follow","max-snippet":"max-snippet:-1","max-image-preview":"max-image-preview:large","max-video-preview":"max-video-preview:-1"},"canonical":"https:\/\/ovaonline.co\/index.php\/producto\/cepillo-alisador-y-voluminizador\/","og_locale":"es_ES","og_type":"article","og_title":"Cepillo alisador y voluminizador | \/ Env\u00edo Gratis","og_description":"cepillo alisador y voluminizador se puede utilizar para m\u00faltiples usos, incluyendo alisar, secar, voluminizar Colombia Medell\u00edn Antioquia","og_url":"https:\/\/ovaonline.co\/index.php\/producto\/cepillo-alisador-y-voluminizador\/","article_publisher":"https:\/\/www.facebook.com\/ovaonline2022\/","article_modified_time":"2021-03-11T16:51:22+00:00","og_image":[{"width":600,"height":600,"url":"https:\/\/i0.wp.com\/ovaonline.co\/wp-content\/uploads\/2021\/03\/front-opti_optimized.jpg?fit=600%2C600&ssl=1","type":"image\/jpeg"}],"twitter_card":"summary_large_image","twitter_misc":{"Tiempo de lectura":"2 minutos"},"schema":{"@context":"https:\/\/schema.org","@graph":[{"@type":"WebPage","@id":"https:\/\/ovaonline.co\/index.php\/producto\/cepillo-alisador-y-voluminizador\/","url":"https:\/\/ovaonline.co\/index.php\/producto\/cepillo-alisador-y-voluminizador\/","name":"Cepillo alisador y voluminizador | \/ Env\u00edo Gratis","isPartOf":{"@id":"https:\/\/ovaonline.co\/#website"},"primaryImageOfPage":{"@id":"https:\/\/ovaonline.co\/index.php\/producto\/cepillo-alisador-y-voluminizador\/#primaryimage"},"image":{"@id":"https:\/\/ovaonline.co\/index.php\/producto\/cepillo-alisador-y-voluminizador\/#primaryimage"},"thumbnailUrl":"https:\/\/i0.wp.com\/ovaonline.co\/wp-content\/uploads\/2021\/03\/front-opti_optimized.jpg?fit=600%2C600&ssl=1","datePublished":"2021-03-10T14:53:35+00:00","dateModified":"2021-03-11T16:51:22+00:00","description":"cepillo alisador y voluminizador se puede utilizar para m\u00faltiples usos, incluyendo alisar, secar, voluminizar Colombia Medell\u00edn Antioquia","breadcrumb":{"@id":"https:\/\/ovaonline.co\/index.php\/producto\/cepillo-alisador-y-voluminizador\/#breadcrumb"},"inLanguage":"es-CO","potentialAction":[{"@type":"ReadAction","target":["https:\/\/ovaonline.co\/index.php\/producto\/cepillo-alisador-y-voluminizador\/"]}]},{"@type":"ImageObject","inLanguage":"es-CO","@id":"https:\/\/ovaonline.co\/index.php\/producto\/cepillo-alisador-y-voluminizador\/#primaryimage","url":"https:\/\/i0.wp.com\/ovaonline.co\/wp-content\/uploads\/2021\/03\/front-opti_optimized.jpg?fit=600%2C600&ssl=1","contentUrl":"https:\/\/i0.wp.com\/ovaonline.co\/wp-content\/uploads\/2021\/03\/front-opti_optimized.jpg?fit=600%2C600&ssl=1","width":600,"height":600},{"@type":"BreadcrumbList","@id":"https:\/\/ovaonline.co\/index.php\/producto\/cepillo-alisador-y-voluminizador\/#breadcrumb","itemListElement":[{"@type":"ListItem","position":1,"name":"Portada","item":"https:\/\/ovaonline.co\/"},{"@type":"ListItem","position":2,"name":"Shop","item":"https:\/\/ovaonline.co\/index.php\/shop\/"},{"@type":"ListItem","position":3,"name":"Cepillo alisador y voluminizador"}]},{"@type":"WebSite","@id":"https:\/\/ovaonline.co\/#website","url":"https:\/\/ovaonline.co\/","name":"OVA Online","description":"Moda alternativa, cors\u00e9s y arneses premium. Tu estilo definitivo para destacar en raves, festivales y conciertos en Colombia.","publisher":{"@id":"https:\/\/ovaonline.co\/#organization"},"alternateName":"OVA Online Colombia","potentialAction":[{"@type":"SearchAction","target":{"@type":"EntryPoint","urlTemplate":"https:\/\/ovaonline.co\/?s={search_term_string}"},"query-input":{"@type":"PropertyValueSpecification","valueRequired":true,"valueName":"search_term_string"}}],"inLanguage":"es-CO"},{"@type":"Organization","@id":"https:\/\/ovaonline.co\/#organization","name":"Ova Online","alternateName":"OVA Online Colombia","url":"https:\/\/ovaonline.co\/","logo":{"@type":"ImageObject","inLanguage":"es-CO","@id":"https:\/\/ovaonline.co\/#\/schema\/logo\/image\/","url":"https:\/\/ovaonline.co\/wp-content\/uploads\/2026\/03\/logo-ova.png","contentUrl":"https:\/\/ovaonline.co\/wp-content\/uploads\/2026\/03\/logo-ova.png","width":225,"height":225,"caption":"Ova Online"},"image":{"@id":"https:\/\/ovaonline.co\/#\/schema\/logo\/image\/"},"sameAs":["https:\/\/www.facebook.com\/ovaonline2022\/","https:\/\/www.instagram.com\/ovaonlinecol\/"]}]}},"jetpack_sharing_enabled":true,"_links":{"self":[{"href":"https:\/\/ovaonline.co\/index.php\/wp-json\/wp\/v2\/product\/1091","targetHints":{"allow":["GET"]}}],"collection":[{"href":"https:\/\/ovaonline.co\/index.php\/wp-json\/wp\/v2\/product"}],"about":[{"href":"https:\/\/ovaonline.co\/index.php\/wp-json\/wp\/v2\/types\/product"}],"replies":[{"embeddable":true,"href":"https:\/\/ovaonline.co\/index.php\/wp-json\/wp\/v2\/comments?post=1091"}],"wp:featuredmedia":[{"embeddable":true,"href":"https:\/\/ovaonline.co\/index.php\/wp-json\/wp\/v2\/media\/1094"}],"wp:attachment":[{"href":"https:\/\/ovaonline.co\/index.php\/wp-json\/wp\/v2\/media?parent=1091"}],"wp:term":[{"taxonomy":"product_brand","embeddable":true,"href":"https:\/\/ovaonline.co\/index.php\/wp-json\/wp\/v2\/product_brand?post=1091"},{"taxonomy":"product_cat","embeddable":true,"href":"https:\/\/ovaonline.co\/index.php\/wp-json\/wp\/v2\/product_cat?post=1091"},{"taxonomy":"product_tag","embeddable":true,"href":"https:\/\/ovaonline.co\/index.php\/wp-json\/wp\/v2\/product_tag?post=1091"}],"curies":[{"name":"wp","href":"https:\/\/api.w.org\/{rel}","templated":true}]}}