{"id":1048,"date":"2021-03-09T21:51:20","date_gmt":"2021-03-09T21:51:20","guid":{"rendered":"http:\/\/zakra.ovaonlinecol.com\/?post_type=product&#038;p=1048"},"modified":"2021-03-11T21:09:59","modified_gmt":"2021-03-11T21:09:59","slug":"corrector-de-postura","status":"publish","type":"product","link":"https:\/\/ovaonline.co\/index.php\/producto\/corrector-de-postura\/","title":{"rendered":"Corrector de postura"},"content":{"rendered":"<p>El Corrector de postura Se puede utilizar en casa, oficina, gimnasio, sala de yoga y exterior. Se puede poner directamente o sobre la ropa, no causa irritaci\u00f3n de la piel gracias a la c\u00f3moda banda de apoyo.<\/p>\n<p>Dise\u00f1o de perforaci\u00f3n, transpirable y c\u00f3modo: Se ha mejorado la disipaci\u00f3n del calor y la permeabilidad para mejorar la comodidad del uso.<\/p>\n<p>Aplicable A una variedad de entornos: se puede utilizar en casa, oficina, gimnasio, sala de yoga y exterior. Se puede poner directamente o sobre la ropa, No causa irritaci\u00f3n de la piel gracias a la c\u00f3moda banda de apoyo.<\/p>\n<p>Dise\u00f1o de perforaci\u00f3n, transpirable y c\u00f3modo: Se ha mejorado la disipaci\u00f3n del calor y la permeabilidad para mejorar la comodidad del uso.<\/p>\n<h3>El corrector de postura Mejora de la posici\u00f3n de sentado:<\/h3>\n<p>Aplicable a hombres, mujeres y j\u00f3venes (adolescentes). la postura poco saludable puede provocar dolor de espalda a largo plazo, dolor muscular, miop\u00eda y otros problemas m\u00e9dicos.<\/p>\n<p>el uso de un corrector trasero puede desarrollar la memoria muscular durante un per\u00edodo de tiempo, y puedes mantener la espalda recta incluso si no usas un dispositivo de correcci\u00f3n de postura.<\/p>\n<h3>ENTRENADOR DE POSTURA CORRECTIVA:<\/h3>\n<p>corrija y ayude a tratar los problemas de postura con el Corrector de postura: dolor de cuello u hombro, dolores de espalda, osteoporosis, escoliosis, cifosis, hombros ca\u00eddos debido a una mala postura y encorvamiento.<\/p>\n<h3>Corrector de postura POSTURA CORRECTA:<\/h3>\n<p>una buena postura no es solo un voto de confianza, tambi\u00e9n es importante para su estabilizaci\u00f3n espinal a largo plazo. La ayuda para enderezar la postura le recuerda que tire de los hombros hacia atr\u00e1s para entrenar la alineaci\u00f3n de la columna vertebral para mejorar la postura con el tiempo cuando se usa correctamente.<\/p>\n<p>Si est\u00e1 sentado todo el d\u00eda en el trabajo o en la oficina, corre el riesgo de sufrir da\u00f1os permanentes en la espalda sin realinear la columna vertebral. Entrene su postura con esta soluci\u00f3n holgada para mejorar su salud espinal general.<\/p>\n<h3>CARGA FRONTAL PARA FACILIDAD Y CONFORT:<\/h3>\n<p>el corrector de postura es f\u00e1cil de poner o quitar, adem\u00e1s de c\u00f3modo de llevar. Permanece oculto debajo de tu camisa o blusa mientras te proporciona el m\u00e1ximo soporte para la postura de los hombros. Haga que la mala postura sea cosa del pasado con el corrector de soporte de postura.<\/p>\n<h3>RESTAURACI\u00d3N POSTURAL DE CALIDAD PREMIUM:<\/h3>\n<p>con materiales transpirables fuertes pero livianos y un dise\u00f1o de carga frontal de vanguardia, significa que se mantendr\u00e1 fresco mientras promueve una postura adecuada.<\/p>\n<p>Tomamos todos los mejores correctores de postura que tenemos para ofrecer y lo hicimos a\u00fan mejor para ayudarlo a entrenar su postura de la manera correcta.<\/p>\n","protected":false},"excerpt":{"rendered":"<p>Este corrector de postura es una forma sencilla y NO quir\u00fargica para corregir el jorobado, mejorar la postura y ayudar a aliviar el dolor en el hombro y la espalda.<\/p>\n","protected":false},"featured_media":1049,"comment_status":"open","ping_status":"closed","template":"","meta":{"zakra_page_container_layout":"customizer","zakra_page_sidebar_layout":"customizer","zakra_remove_content_margin":false,"zakra_sidebar":"customizer","zakra_transparent_header":"customizer","zakra_logo":0,"zakra_main_header_style":"default","zakra_menu_item_color":"","zakra_menu_item_hover_color":"","zakra_menu_item_active_color":"","zakra_menu_active_style":"","zakra_page_header":true,"_joinchat":[]},"product_brand":[],"product_cat":[22,39,23],"product_tag":[],"class_list":{"0":"post-1048","1":"product","2":"type-product","3":"status-publish","4":"has-post-thumbnail","6":"product_cat-belleza","7":"product_cat-cuidado-personal","8":"product_cat-deportes","10":"first","11":"instock","12":"taxable","13":"shipping-taxable","14":"purchasable","15":"product-type-simple"},"yoast_head":"<!-- This site is optimized with the Yoast SEO plugin v27.2 - https:\/\/yoast.com\/product\/yoast-seo-wordpress\/ -->\n<title>Corrector de postura | Env\u00edo gratis | Colombia<\/title>\n<meta name=\"description\" content=\"Corrector de postura aplicable a hombres, mujeres y j\u00f3venes (adolescentes). la postura poco saludable puede provocar dolor de espalda\" \/>\n<meta name=\"robots\" content=\"index, follow, max-snippet:-1, max-image-preview:large, max-video-preview:-1\" \/>\n<link rel=\"canonical\" href=\"https:\/\/ovaonline.co\/index.php\/producto\/corrector-de-postura\/\" \/>\n<meta property=\"og:locale\" content=\"es_ES\" \/>\n<meta property=\"og:type\" content=\"article\" \/>\n<meta property=\"og:title\" content=\"Corrector de postura | Env\u00edo gratis | Colombia\" \/>\n<meta property=\"og:description\" content=\"Corrector de postura aplicable a hombres, mujeres y j\u00f3venes (adolescentes). la postura poco saludable puede provocar dolor de espalda\" \/>\n<meta property=\"og:url\" content=\"https:\/\/ovaonline.co\/index.php\/producto\/corrector-de-postura\/\" \/>\n<meta property=\"article:publisher\" content=\"https:\/\/www.facebook.com\/ovaonline2022\/\" \/>\n<meta property=\"article:modified_time\" content=\"2021-03-11T21:09:59+00:00\" \/>\n<meta property=\"og:image\" content=\"https:\/\/i0.wp.com\/ovaonline.co\/wp-content\/uploads\/2021\/03\/corrector-opti_optimized.jpg?fit=600%2C600&ssl=1\" \/>\n\t<meta property=\"og:image:width\" content=\"600\" \/>\n\t<meta property=\"og:image:height\" content=\"600\" \/>\n\t<meta property=\"og:image:type\" content=\"image\/jpeg\" \/>\n<meta name=\"twitter:card\" content=\"summary_large_image\" \/>\n<meta name=\"twitter:label1\" content=\"Tiempo de lectura\" \/>\n\t<meta name=\"twitter:data1\" content=\"2 minutos\" \/>\n<script type=\"application\/ld+json\" class=\"yoast-schema-graph\">{\"@context\":\"https:\/\/schema.org\",\"@graph\":[{\"@type\":\"WebPage\",\"@id\":\"https:\/\/ovaonline.co\/index.php\/producto\/corrector-de-postura\/\",\"url\":\"https:\/\/ovaonline.co\/index.php\/producto\/corrector-de-postura\/\",\"name\":\"Corrector de postura | Env\u00edo gratis | Colombia\",\"isPartOf\":{\"@id\":\"https:\/\/ovaonline.co\/#website\"},\"primaryImageOfPage\":{\"@id\":\"https:\/\/ovaonline.co\/index.php\/producto\/corrector-de-postura\/#primaryimage\"},\"image\":{\"@id\":\"https:\/\/ovaonline.co\/index.php\/producto\/corrector-de-postura\/#primaryimage\"},\"thumbnailUrl\":\"https:\/\/i0.wp.com\/ovaonline.co\/wp-content\/uploads\/2021\/03\/corrector-opti_optimized.jpg?fit=600%2C600&ssl=1\",\"datePublished\":\"2021-03-09T21:51:20+00:00\",\"dateModified\":\"2021-03-11T21:09:59+00:00\",\"description\":\"Corrector de postura aplicable a hombres, mujeres y j\u00f3venes (adolescentes). la postura poco saludable puede provocar dolor de espalda\",\"breadcrumb\":{\"@id\":\"https:\/\/ovaonline.co\/index.php\/producto\/corrector-de-postura\/#breadcrumb\"},\"inLanguage\":\"es-CO\",\"potentialAction\":[{\"@type\":\"ReadAction\",\"target\":[\"https:\/\/ovaonline.co\/index.php\/producto\/corrector-de-postura\/\"]}]},{\"@type\":\"ImageObject\",\"inLanguage\":\"es-CO\",\"@id\":\"https:\/\/ovaonline.co\/index.php\/producto\/corrector-de-postura\/#primaryimage\",\"url\":\"https:\/\/i0.wp.com\/ovaonline.co\/wp-content\/uploads\/2021\/03\/corrector-opti_optimized.jpg?fit=600%2C600&ssl=1\",\"contentUrl\":\"https:\/\/i0.wp.com\/ovaonline.co\/wp-content\/uploads\/2021\/03\/corrector-opti_optimized.jpg?fit=600%2C600&ssl=1\",\"width\":600,\"height\":600},{\"@type\":\"BreadcrumbList\",\"@id\":\"https:\/\/ovaonline.co\/index.php\/producto\/corrector-de-postura\/#breadcrumb\",\"itemListElement\":[{\"@type\":\"ListItem\",\"position\":1,\"name\":\"Portada\",\"item\":\"https:\/\/ovaonline.co\/\"},{\"@type\":\"ListItem\",\"position\":2,\"name\":\"Shop\",\"item\":\"https:\/\/ovaonline.co\/index.php\/shop\/\"},{\"@type\":\"ListItem\",\"position\":3,\"name\":\"Corrector de postura\"}]},{\"@type\":\"WebSite\",\"@id\":\"https:\/\/ovaonline.co\/#website\",\"url\":\"https:\/\/ovaonline.co\/\",\"name\":\"OVA Online\",\"description\":\"Moda alternativa, cors\u00e9s y arneses premium. Tu estilo definitivo para destacar en raves, festivales y conciertos en Colombia.\",\"publisher\":{\"@id\":\"https:\/\/ovaonline.co\/#organization\"},\"alternateName\":\"OVA Online Colombia\",\"potentialAction\":[{\"@type\":\"SearchAction\",\"target\":{\"@type\":\"EntryPoint\",\"urlTemplate\":\"https:\/\/ovaonline.co\/?s={search_term_string}\"},\"query-input\":{\"@type\":\"PropertyValueSpecification\",\"valueRequired\":true,\"valueName\":\"search_term_string\"}}],\"inLanguage\":\"es-CO\"},{\"@type\":\"Organization\",\"@id\":\"https:\/\/ovaonline.co\/#organization\",\"name\":\"Ova Online\",\"alternateName\":\"OVA Online Colombia\",\"url\":\"https:\/\/ovaonline.co\/\",\"logo\":{\"@type\":\"ImageObject\",\"inLanguage\":\"es-CO\",\"@id\":\"https:\/\/ovaonline.co\/#\/schema\/logo\/image\/\",\"url\":\"https:\/\/ovaonline.co\/wp-content\/uploads\/2026\/03\/logo-ova.png\",\"contentUrl\":\"https:\/\/ovaonline.co\/wp-content\/uploads\/2026\/03\/logo-ova.png\",\"width\":225,\"height\":225,\"caption\":\"Ova Online\"},\"image\":{\"@id\":\"https:\/\/ovaonline.co\/#\/schema\/logo\/image\/\"},\"sameAs\":[\"https:\/\/www.facebook.com\/ovaonline2022\/\",\"https:\/\/www.instagram.com\/ovaonlinecol\/\"]}]}<\/script>\n<!-- \/ Yoast SEO plugin. -->","yoast_head_json":{"title":"Corrector de postura | Env\u00edo gratis | Colombia","description":"Corrector de postura aplicable a hombres, mujeres y j\u00f3venes (adolescentes). la postura poco saludable puede provocar dolor de espalda","robots":{"index":"index","follow":"follow","max-snippet":"max-snippet:-1","max-image-preview":"max-image-preview:large","max-video-preview":"max-video-preview:-1"},"canonical":"https:\/\/ovaonline.co\/index.php\/producto\/corrector-de-postura\/","og_locale":"es_ES","og_type":"article","og_title":"Corrector de postura | Env\u00edo gratis | Colombia","og_description":"Corrector de postura aplicable a hombres, mujeres y j\u00f3venes (adolescentes). la postura poco saludable puede provocar dolor de espalda","og_url":"https:\/\/ovaonline.co\/index.php\/producto\/corrector-de-postura\/","article_publisher":"https:\/\/www.facebook.com\/ovaonline2022\/","article_modified_time":"2021-03-11T21:09:59+00:00","og_image":[{"width":600,"height":600,"url":"https:\/\/i0.wp.com\/ovaonline.co\/wp-content\/uploads\/2021\/03\/corrector-opti_optimized.jpg?fit=600%2C600&ssl=1","type":"image\/jpeg"}],"twitter_card":"summary_large_image","twitter_misc":{"Tiempo de lectura":"2 minutos"},"schema":{"@context":"https:\/\/schema.org","@graph":[{"@type":"WebPage","@id":"https:\/\/ovaonline.co\/index.php\/producto\/corrector-de-postura\/","url":"https:\/\/ovaonline.co\/index.php\/producto\/corrector-de-postura\/","name":"Corrector de postura | Env\u00edo gratis | Colombia","isPartOf":{"@id":"https:\/\/ovaonline.co\/#website"},"primaryImageOfPage":{"@id":"https:\/\/ovaonline.co\/index.php\/producto\/corrector-de-postura\/#primaryimage"},"image":{"@id":"https:\/\/ovaonline.co\/index.php\/producto\/corrector-de-postura\/#primaryimage"},"thumbnailUrl":"https:\/\/i0.wp.com\/ovaonline.co\/wp-content\/uploads\/2021\/03\/corrector-opti_optimized.jpg?fit=600%2C600&ssl=1","datePublished":"2021-03-09T21:51:20+00:00","dateModified":"2021-03-11T21:09:59+00:00","description":"Corrector de postura aplicable a hombres, mujeres y j\u00f3venes (adolescentes). la postura poco saludable puede provocar dolor de espalda","breadcrumb":{"@id":"https:\/\/ovaonline.co\/index.php\/producto\/corrector-de-postura\/#breadcrumb"},"inLanguage":"es-CO","potentialAction":[{"@type":"ReadAction","target":["https:\/\/ovaonline.co\/index.php\/producto\/corrector-de-postura\/"]}]},{"@type":"ImageObject","inLanguage":"es-CO","@id":"https:\/\/ovaonline.co\/index.php\/producto\/corrector-de-postura\/#primaryimage","url":"https:\/\/i0.wp.com\/ovaonline.co\/wp-content\/uploads\/2021\/03\/corrector-opti_optimized.jpg?fit=600%2C600&ssl=1","contentUrl":"https:\/\/i0.wp.com\/ovaonline.co\/wp-content\/uploads\/2021\/03\/corrector-opti_optimized.jpg?fit=600%2C600&ssl=1","width":600,"height":600},{"@type":"BreadcrumbList","@id":"https:\/\/ovaonline.co\/index.php\/producto\/corrector-de-postura\/#breadcrumb","itemListElement":[{"@type":"ListItem","position":1,"name":"Portada","item":"https:\/\/ovaonline.co\/"},{"@type":"ListItem","position":2,"name":"Shop","item":"https:\/\/ovaonline.co\/index.php\/shop\/"},{"@type":"ListItem","position":3,"name":"Corrector de postura"}]},{"@type":"WebSite","@id":"https:\/\/ovaonline.co\/#website","url":"https:\/\/ovaonline.co\/","name":"OVA Online","description":"Moda alternativa, cors\u00e9s y arneses premium. Tu estilo definitivo para destacar en raves, festivales y conciertos en Colombia.","publisher":{"@id":"https:\/\/ovaonline.co\/#organization"},"alternateName":"OVA Online Colombia","potentialAction":[{"@type":"SearchAction","target":{"@type":"EntryPoint","urlTemplate":"https:\/\/ovaonline.co\/?s={search_term_string}"},"query-input":{"@type":"PropertyValueSpecification","valueRequired":true,"valueName":"search_term_string"}}],"inLanguage":"es-CO"},{"@type":"Organization","@id":"https:\/\/ovaonline.co\/#organization","name":"Ova Online","alternateName":"OVA Online Colombia","url":"https:\/\/ovaonline.co\/","logo":{"@type":"ImageObject","inLanguage":"es-CO","@id":"https:\/\/ovaonline.co\/#\/schema\/logo\/image\/","url":"https:\/\/ovaonline.co\/wp-content\/uploads\/2026\/03\/logo-ova.png","contentUrl":"https:\/\/ovaonline.co\/wp-content\/uploads\/2026\/03\/logo-ova.png","width":225,"height":225,"caption":"Ova Online"},"image":{"@id":"https:\/\/ovaonline.co\/#\/schema\/logo\/image\/"},"sameAs":["https:\/\/www.facebook.com\/ovaonline2022\/","https:\/\/www.instagram.com\/ovaonlinecol\/"]}]}},"jetpack_sharing_enabled":true,"_links":{"self":[{"href":"https:\/\/ovaonline.co\/index.php\/wp-json\/wp\/v2\/product\/1048","targetHints":{"allow":["GET"]}}],"collection":[{"href":"https:\/\/ovaonline.co\/index.php\/wp-json\/wp\/v2\/product"}],"about":[{"href":"https:\/\/ovaonline.co\/index.php\/wp-json\/wp\/v2\/types\/product"}],"replies":[{"embeddable":true,"href":"https:\/\/ovaonline.co\/index.php\/wp-json\/wp\/v2\/comments?post=1048"}],"wp:featuredmedia":[{"embeddable":true,"href":"https:\/\/ovaonline.co\/index.php\/wp-json\/wp\/v2\/media\/1049"}],"wp:attachment":[{"href":"https:\/\/ovaonline.co\/index.php\/wp-json\/wp\/v2\/media?parent=1048"}],"wp:term":[{"taxonomy":"product_brand","embeddable":true,"href":"https:\/\/ovaonline.co\/index.php\/wp-json\/wp\/v2\/product_brand?post=1048"},{"taxonomy":"product_cat","embeddable":true,"href":"https:\/\/ovaonline.co\/index.php\/wp-json\/wp\/v2\/product_cat?post=1048"},{"taxonomy":"product_tag","embeddable":true,"href":"https:\/\/ovaonline.co\/index.php\/wp-json\/wp\/v2\/product_tag?post=1048"}],"curies":[{"name":"wp","href":"https:\/\/api.w.org\/{rel}","templated":true}]}}