{"id":1032,"date":"2021-03-09T21:20:25","date_gmt":"2021-03-09T21:20:25","guid":{"rendered":"http:\/\/zakra.ovaonlinecol.com\/?post_type=product&#038;p=1032"},"modified":"2021-03-11T21:42:28","modified_gmt":"2021-03-11T21:42:28","slug":"faja-de-yeso-para-hombre","status":"publish","type":"product","link":"https:\/\/ovaonline.co\/index.php\/producto\/faja-de-yeso-para-hombre\/","title":{"rendered":"Faja de yeso para hombre"},"content":{"rendered":"<p>Nuestra Faja de yeso para hombre moldea y reduce tu cintura varios cent\u00edmetros, recogen los gorditos de la espalda y corrigen tu postura. Te ayuda en la recuperaci\u00f3n postoperatoria y tratamientos est\u00e9ticos.<\/p>\n<p>Las\u00a0<strong>Fajas de yeso <\/strong>son fabricadas en la parte exterior e interior con tela de algod\u00f3n americano de las mas alta calidad, la cual ejerce una presi\u00f3n adecuada para moldear su figura, con velcro y cordones para facilitar la colocaci\u00f3n estilo corset.<\/p>\n<h3><strong>Beneficios de la Faja de yeso para hombre<\/strong><\/h3>\n<ul>\n<li>\u00a0Ayuda a tratar la celulitis y la flacidez.<\/li>\n<li>\u00a0Es diur\u00e9tico, ayud\u00e1ndote a tratar la retenci\u00f3n de l\u00edquidos.<\/li>\n<li>\u00a0Tiene efecto anti-inflamatorio.<\/li>\n<li>\u00a0Puedes reducir tu cintura entre 4 a 10 cm.<\/li>\n<li>\u00a0Es depurativo, ya que eliminas toxinas del cuerpo.<\/li>\n<li>\u00a0Mejora la circulaci\u00f3n.<\/li>\n<li>\u00a0Reafirma la piel.<\/li>\n<\/ul>\n<p>SOMOS FABRICANTES POR LO TANTO LAS TALLAS SIEMPRE ESTAR\u00c1N DISPONIBLES.<\/p>\n<p>La Faja de yeso para hombre es la t\u00e9cnica de reducci\u00f3n de medidas m\u00e1s reciente en el mercado. Esta novedosa faja ofrece muchas ventajas, ya que es f\u00e1cil de llevar y se puede retirar para ba\u00f1arse o dormir sin ning\u00fan problema. Esta faja es como un corset de yeso re-ajustable que se puede remover y ajustar las veces que desee.<\/p>\n<p>Somos fabricantes, con un alto \u00edndice de calidad ,comprobado con nuestros clientes, calidad como la nuestra no hay. Ventas al mayor y al detal.<\/p>\n<p>A medida que vas reduciendo cent\u00edmetros puedes ir ajustando cada vez m\u00e1s la faja hasta obtener los cent\u00edmetros deseados.<\/p>\n<p>Faja de corset la faja que nos abri\u00f3 las puertas en el mercado, la faja l\u00edder en ventas, teniendo mayor cubrimiento que su antecesora, iniciando justo debajo del pecho, y terminando cent\u00edmetros m\u00e1s abajo del ombligo, dando cubrimiento a todo el abdomen, a los oblicuos y parte de la espalda. Cabe aclarar que esta faja se debe usar m\u00ednimo cuatro (4) horas al d\u00eda, si puedes usarla m\u00e1s tiempo mucho mejor, no olvidemos que la efectividad de las fajas de yeso est\u00e1 en la constancia del uso. Es necesario para los usuarios de fajas de yeso Beauty, llevar una buena alimentaci\u00f3n, nosotros no forzamos a llevar una dieta estricta, pero si es necesario comer sanamente no solamente para conservar las medidas perdidas, sino por salud. Y a\u00fan m\u00e1s importante la hidrataci\u00f3n, debemos consumir de seis (6) a (8) vasos de agua al d\u00eda.<\/p>\n<p>&nbsp;<\/p>\n","protected":false},"excerpt":{"rendered":"<p>Nuestra Faja de yeso para hombre moldea y reduce tu cintura varios cent\u00edmetros, recogen los gorditos de la espalda y corrigen tu postura. Te ayuda en la recuperaci\u00f3n postoperatoria y tratamientos est\u00e9ticos. Las\u00a0Fajas de yeso son fabricadas en la parte exterior e interior con tela de algod\u00f3n americano de las mas alta calidad, la cual [&hellip;]<\/p>\n","protected":false},"featured_media":1033,"comment_status":"open","ping_status":"closed","template":"","meta":{"zakra_page_container_layout":"customizer","zakra_page_sidebar_layout":"customizer","zakra_remove_content_margin":false,"zakra_sidebar":"customizer","zakra_transparent_header":"customizer","zakra_logo":0,"zakra_main_header_style":"default","zakra_menu_item_color":"","zakra_menu_item_hover_color":"","zakra_menu_item_active_color":"","zakra_menu_active_style":"","zakra_page_header":true,"_joinchat":[]},"product_brand":[],"product_cat":[22,39,23],"product_tag":[],"class_list":{"0":"post-1032","1":"product","2":"type-product","3":"status-publish","4":"has-post-thumbnail","6":"product_cat-belleza","7":"product_cat-cuidado-personal","8":"product_cat-deportes","10":"first","11":"instock","12":"taxable","13":"shipping-taxable","14":"purchasable","15":"product-type-simple"},"yoast_head":"<!-- This site is optimized with the Yoast SEO plugin v27.2 - https:\/\/yoast.com\/product\/yoast-seo-wordpress\/ -->\n<title>Faja de yeso para hombre | Env\u00edo Gratis<\/title>\n<meta name=\"description\" content=\"Faja de yeso para hombre es la t\u00e9cnica de reducci\u00f3n de medidas m\u00e1s reciente en el mercado. Esta novedosa faja ofrece muchas ventajas.\" \/>\n<meta name=\"robots\" content=\"index, follow, max-snippet:-1, max-image-preview:large, max-video-preview:-1\" \/>\n<link rel=\"canonical\" href=\"https:\/\/ovaonline.co\/index.php\/producto\/faja-de-yeso-para-hombre\/\" \/>\n<meta property=\"og:locale\" content=\"es_ES\" \/>\n<meta property=\"og:type\" content=\"article\" \/>\n<meta property=\"og:title\" content=\"Faja de yeso para hombre | Env\u00edo Gratis\" \/>\n<meta property=\"og:description\" content=\"Faja de yeso para hombre es la t\u00e9cnica de reducci\u00f3n de medidas m\u00e1s reciente en el mercado. Esta novedosa faja ofrece muchas ventajas.\" \/>\n<meta property=\"og:url\" content=\"https:\/\/ovaonline.co\/index.php\/producto\/faja-de-yeso-para-hombre\/\" \/>\n<meta property=\"article:publisher\" content=\"https:\/\/www.facebook.com\/ovaonline2022\/\" \/>\n<meta property=\"article:modified_time\" content=\"2021-03-11T21:42:28+00:00\" \/>\n<meta property=\"og:image\" content=\"https:\/\/i0.wp.com\/ovaonline.co\/wp-content\/uploads\/2021\/03\/opti_optimized-1.jpg?fit=600%2C600&ssl=1\" \/>\n\t<meta property=\"og:image:width\" content=\"600\" \/>\n\t<meta property=\"og:image:height\" content=\"600\" \/>\n\t<meta property=\"og:image:type\" content=\"image\/jpeg\" \/>\n<meta name=\"twitter:card\" content=\"summary_large_image\" \/>\n<meta name=\"twitter:label1\" content=\"Tiempo de lectura\" \/>\n\t<meta name=\"twitter:data1\" content=\"2 minutos\" \/>\n<script type=\"application\/ld+json\" class=\"yoast-schema-graph\">{\"@context\":\"https:\/\/schema.org\",\"@graph\":[{\"@type\":\"WebPage\",\"@id\":\"https:\/\/ovaonline.co\/index.php\/producto\/faja-de-yeso-para-hombre\/\",\"url\":\"https:\/\/ovaonline.co\/index.php\/producto\/faja-de-yeso-para-hombre\/\",\"name\":\"Faja de yeso para hombre | Env\u00edo Gratis\",\"isPartOf\":{\"@id\":\"https:\/\/ovaonline.co\/#website\"},\"primaryImageOfPage\":{\"@id\":\"https:\/\/ovaonline.co\/index.php\/producto\/faja-de-yeso-para-hombre\/#primaryimage\"},\"image\":{\"@id\":\"https:\/\/ovaonline.co\/index.php\/producto\/faja-de-yeso-para-hombre\/#primaryimage\"},\"thumbnailUrl\":\"https:\/\/i0.wp.com\/ovaonline.co\/wp-content\/uploads\/2021\/03\/opti_optimized-1.jpg?fit=600%2C600&ssl=1\",\"datePublished\":\"2021-03-09T21:20:25+00:00\",\"dateModified\":\"2021-03-11T21:42:28+00:00\",\"description\":\"Faja de yeso para hombre es la t\u00e9cnica de reducci\u00f3n de medidas m\u00e1s reciente en el mercado. Esta novedosa faja ofrece muchas ventajas.\",\"breadcrumb\":{\"@id\":\"https:\/\/ovaonline.co\/index.php\/producto\/faja-de-yeso-para-hombre\/#breadcrumb\"},\"inLanguage\":\"es-CO\",\"potentialAction\":[{\"@type\":\"ReadAction\",\"target\":[\"https:\/\/ovaonline.co\/index.php\/producto\/faja-de-yeso-para-hombre\/\"]}]},{\"@type\":\"ImageObject\",\"inLanguage\":\"es-CO\",\"@id\":\"https:\/\/ovaonline.co\/index.php\/producto\/faja-de-yeso-para-hombre\/#primaryimage\",\"url\":\"https:\/\/i0.wp.com\/ovaonline.co\/wp-content\/uploads\/2021\/03\/opti_optimized-1.jpg?fit=600%2C600&ssl=1\",\"contentUrl\":\"https:\/\/i0.wp.com\/ovaonline.co\/wp-content\/uploads\/2021\/03\/opti_optimized-1.jpg?fit=600%2C600&ssl=1\",\"width\":600,\"height\":600},{\"@type\":\"BreadcrumbList\",\"@id\":\"https:\/\/ovaonline.co\/index.php\/producto\/faja-de-yeso-para-hombre\/#breadcrumb\",\"itemListElement\":[{\"@type\":\"ListItem\",\"position\":1,\"name\":\"Portada\",\"item\":\"https:\/\/ovaonline.co\/\"},{\"@type\":\"ListItem\",\"position\":2,\"name\":\"Shop\",\"item\":\"https:\/\/ovaonline.co\/index.php\/shop\/\"},{\"@type\":\"ListItem\",\"position\":3,\"name\":\"Faja de yeso para hombre\"}]},{\"@type\":\"WebSite\",\"@id\":\"https:\/\/ovaonline.co\/#website\",\"url\":\"https:\/\/ovaonline.co\/\",\"name\":\"OVA Online\",\"description\":\"Moda alternativa, cors\u00e9s y arneses premium. Tu estilo definitivo para destacar en raves, festivales y conciertos en Colombia.\",\"publisher\":{\"@id\":\"https:\/\/ovaonline.co\/#organization\"},\"alternateName\":\"OVA Online Colombia\",\"potentialAction\":[{\"@type\":\"SearchAction\",\"target\":{\"@type\":\"EntryPoint\",\"urlTemplate\":\"https:\/\/ovaonline.co\/?s={search_term_string}\"},\"query-input\":{\"@type\":\"PropertyValueSpecification\",\"valueRequired\":true,\"valueName\":\"search_term_string\"}}],\"inLanguage\":\"es-CO\"},{\"@type\":\"Organization\",\"@id\":\"https:\/\/ovaonline.co\/#organization\",\"name\":\"Ova Online\",\"alternateName\":\"OVA Online Colombia\",\"url\":\"https:\/\/ovaonline.co\/\",\"logo\":{\"@type\":\"ImageObject\",\"inLanguage\":\"es-CO\",\"@id\":\"https:\/\/ovaonline.co\/#\/schema\/logo\/image\/\",\"url\":\"https:\/\/ovaonline.co\/wp-content\/uploads\/2026\/03\/logo-ova.png\",\"contentUrl\":\"https:\/\/ovaonline.co\/wp-content\/uploads\/2026\/03\/logo-ova.png\",\"width\":225,\"height\":225,\"caption\":\"Ova Online\"},\"image\":{\"@id\":\"https:\/\/ovaonline.co\/#\/schema\/logo\/image\/\"},\"sameAs\":[\"https:\/\/www.facebook.com\/ovaonline2022\/\",\"https:\/\/www.instagram.com\/ovaonlinecol\/\"]}]}<\/script>\n<!-- \/ Yoast SEO plugin. -->","yoast_head_json":{"title":"Faja de yeso para hombre | Env\u00edo Gratis","description":"Faja de yeso para hombre es la t\u00e9cnica de reducci\u00f3n de medidas m\u00e1s reciente en el mercado. Esta novedosa faja ofrece muchas ventajas.","robots":{"index":"index","follow":"follow","max-snippet":"max-snippet:-1","max-image-preview":"max-image-preview:large","max-video-preview":"max-video-preview:-1"},"canonical":"https:\/\/ovaonline.co\/index.php\/producto\/faja-de-yeso-para-hombre\/","og_locale":"es_ES","og_type":"article","og_title":"Faja de yeso para hombre | Env\u00edo Gratis","og_description":"Faja de yeso para hombre es la t\u00e9cnica de reducci\u00f3n de medidas m\u00e1s reciente en el mercado. Esta novedosa faja ofrece muchas ventajas.","og_url":"https:\/\/ovaonline.co\/index.php\/producto\/faja-de-yeso-para-hombre\/","article_publisher":"https:\/\/www.facebook.com\/ovaonline2022\/","article_modified_time":"2021-03-11T21:42:28+00:00","og_image":[{"width":600,"height":600,"url":"https:\/\/i0.wp.com\/ovaonline.co\/wp-content\/uploads\/2021\/03\/opti_optimized-1.jpg?fit=600%2C600&ssl=1","type":"image\/jpeg"}],"twitter_card":"summary_large_image","twitter_misc":{"Tiempo de lectura":"2 minutos"},"schema":{"@context":"https:\/\/schema.org","@graph":[{"@type":"WebPage","@id":"https:\/\/ovaonline.co\/index.php\/producto\/faja-de-yeso-para-hombre\/","url":"https:\/\/ovaonline.co\/index.php\/producto\/faja-de-yeso-para-hombre\/","name":"Faja de yeso para hombre | Env\u00edo Gratis","isPartOf":{"@id":"https:\/\/ovaonline.co\/#website"},"primaryImageOfPage":{"@id":"https:\/\/ovaonline.co\/index.php\/producto\/faja-de-yeso-para-hombre\/#primaryimage"},"image":{"@id":"https:\/\/ovaonline.co\/index.php\/producto\/faja-de-yeso-para-hombre\/#primaryimage"},"thumbnailUrl":"https:\/\/i0.wp.com\/ovaonline.co\/wp-content\/uploads\/2021\/03\/opti_optimized-1.jpg?fit=600%2C600&ssl=1","datePublished":"2021-03-09T21:20:25+00:00","dateModified":"2021-03-11T21:42:28+00:00","description":"Faja de yeso para hombre es la t\u00e9cnica de reducci\u00f3n de medidas m\u00e1s reciente en el mercado. Esta novedosa faja ofrece muchas ventajas.","breadcrumb":{"@id":"https:\/\/ovaonline.co\/index.php\/producto\/faja-de-yeso-para-hombre\/#breadcrumb"},"inLanguage":"es-CO","potentialAction":[{"@type":"ReadAction","target":["https:\/\/ovaonline.co\/index.php\/producto\/faja-de-yeso-para-hombre\/"]}]},{"@type":"ImageObject","inLanguage":"es-CO","@id":"https:\/\/ovaonline.co\/index.php\/producto\/faja-de-yeso-para-hombre\/#primaryimage","url":"https:\/\/i0.wp.com\/ovaonline.co\/wp-content\/uploads\/2021\/03\/opti_optimized-1.jpg?fit=600%2C600&ssl=1","contentUrl":"https:\/\/i0.wp.com\/ovaonline.co\/wp-content\/uploads\/2021\/03\/opti_optimized-1.jpg?fit=600%2C600&ssl=1","width":600,"height":600},{"@type":"BreadcrumbList","@id":"https:\/\/ovaonline.co\/index.php\/producto\/faja-de-yeso-para-hombre\/#breadcrumb","itemListElement":[{"@type":"ListItem","position":1,"name":"Portada","item":"https:\/\/ovaonline.co\/"},{"@type":"ListItem","position":2,"name":"Shop","item":"https:\/\/ovaonline.co\/index.php\/shop\/"},{"@type":"ListItem","position":3,"name":"Faja de yeso para hombre"}]},{"@type":"WebSite","@id":"https:\/\/ovaonline.co\/#website","url":"https:\/\/ovaonline.co\/","name":"OVA Online","description":"Moda alternativa, cors\u00e9s y arneses premium. Tu estilo definitivo para destacar en raves, festivales y conciertos en Colombia.","publisher":{"@id":"https:\/\/ovaonline.co\/#organization"},"alternateName":"OVA Online Colombia","potentialAction":[{"@type":"SearchAction","target":{"@type":"EntryPoint","urlTemplate":"https:\/\/ovaonline.co\/?s={search_term_string}"},"query-input":{"@type":"PropertyValueSpecification","valueRequired":true,"valueName":"search_term_string"}}],"inLanguage":"es-CO"},{"@type":"Organization","@id":"https:\/\/ovaonline.co\/#organization","name":"Ova Online","alternateName":"OVA Online Colombia","url":"https:\/\/ovaonline.co\/","logo":{"@type":"ImageObject","inLanguage":"es-CO","@id":"https:\/\/ovaonline.co\/#\/schema\/logo\/image\/","url":"https:\/\/ovaonline.co\/wp-content\/uploads\/2026\/03\/logo-ova.png","contentUrl":"https:\/\/ovaonline.co\/wp-content\/uploads\/2026\/03\/logo-ova.png","width":225,"height":225,"caption":"Ova Online"},"image":{"@id":"https:\/\/ovaonline.co\/#\/schema\/logo\/image\/"},"sameAs":["https:\/\/www.facebook.com\/ovaonline2022\/","https:\/\/www.instagram.com\/ovaonlinecol\/"]}]}},"jetpack_sharing_enabled":true,"_links":{"self":[{"href":"https:\/\/ovaonline.co\/index.php\/wp-json\/wp\/v2\/product\/1032","targetHints":{"allow":["GET"]}}],"collection":[{"href":"https:\/\/ovaonline.co\/index.php\/wp-json\/wp\/v2\/product"}],"about":[{"href":"https:\/\/ovaonline.co\/index.php\/wp-json\/wp\/v2\/types\/product"}],"replies":[{"embeddable":true,"href":"https:\/\/ovaonline.co\/index.php\/wp-json\/wp\/v2\/comments?post=1032"}],"wp:featuredmedia":[{"embeddable":true,"href":"https:\/\/ovaonline.co\/index.php\/wp-json\/wp\/v2\/media\/1033"}],"wp:attachment":[{"href":"https:\/\/ovaonline.co\/index.php\/wp-json\/wp\/v2\/media?parent=1032"}],"wp:term":[{"taxonomy":"product_brand","embeddable":true,"href":"https:\/\/ovaonline.co\/index.php\/wp-json\/wp\/v2\/product_brand?post=1032"},{"taxonomy":"product_cat","embeddable":true,"href":"https:\/\/ovaonline.co\/index.php\/wp-json\/wp\/v2\/product_cat?post=1032"},{"taxonomy":"product_tag","embeddable":true,"href":"https:\/\/ovaonline.co\/index.php\/wp-json\/wp\/v2\/product_tag?post=1032"}],"curies":[{"name":"wp","href":"https:\/\/api.w.org\/{rel}","templated":true}]}}