{"id":1029,"date":"2021-03-09T21:14:39","date_gmt":"2021-03-09T21:14:39","guid":{"rendered":"http:\/\/zakra.ovaonlinecol.com\/?post_type=product&#038;p=1029"},"modified":"2021-03-11T21:52:37","modified_gmt":"2021-03-11T21:52:37","slug":"faja-de-yeso-tabla","status":"publish","type":"product","link":"https:\/\/ovaonline.co\/index.php\/producto\/faja-de-yeso-tabla\/","title":{"rendered":"Faja de yeso Tabla"},"content":{"rendered":"<p>Faja de yeso Tabla\u00a0 la mejor tabla abdominal del mercado ya qu\u00e9 est\u00e1 hecha en yeso lipol\u00edtico.<br \/>\nSer\u00e1 el complemento ideal para cualquier faja te ayudar\u00e1 a quemar grasa realmente, a mantener el abdomen plano, reducir celulitis, y flacidez.<\/p>\n<p>Gracias al uso de productos naturales con sus propiedades para quemar grasa o acelerar el metabolismo concentrado en el yeso lipol\u00edtico.<\/p>\n<p>SOMOS FABRICANTES POR LO TANTO LAS TALLAS SIEMPRE ESTAR\u00c1N DISPONIBLES<\/p>\n<p>Tablas para abdomen ergon\u00f3micas!! Ideales para usar despu\u00e9s de tratamientos y cirug\u00edas est\u00e9ticas, se pueden usar con faja, traen una capa de espuma en la cara interna para mayor comodidad&#8230; ENV\u00cdOS A TODA COLOMBIA!!<\/p>\n<p>ESTE PRODUCTO \u00daNICAMENTE VIENEN EN COLOR BLANCO.<\/p>\n<p>se utilizan para tratamientos quir\u00fargicos como: liposucci\u00f3n, abdominoplastia, cirug\u00eda est\u00e9tica y reconstructiva.<br \/>\nEstos cinturones se pueden usar sin cirug\u00eda como soporte corporal o moldeador.<br \/>\nFajas dictadas y c\u00f3mo Moldea tu figura, adelgaza sin esfuerzo, Posturas correctas y Mejora el busto<br \/>\nElimina los dolores de cintura por una mala postura<br \/>\nTerap\u00e9utico: Beneficia la regi\u00f3n lumbar aliviando y evitando dislocaciones y dolores de espalda.<br \/>\nElimina el exceso de abdomen.<br \/>\nDa forma y reduce la cintura.<\/p>\n<p>Caracter\u00edsticas Faja de yeso Tabla:<\/p>\n<p>&#8211; C\u00f3moda y ergon\u00f3mica<br \/>\n&#8211; Controla abdomen alto y abdomen bajo<br \/>\n&#8211; Para todo tipo de abdomen y contextura<br \/>\n&#8211; Hechos con yeso lipol\u00edtico<br \/>\n&#8211; Se pueden usar con la faja.<\/p>\n<figure style=\"width: 86px\" class=\"wp-caption alignleft\"><a href=\"https:\/\/www.facebook.com\/ovaonlinecol\"><img data-recalc-dims=\"1\" decoding=\"async\" class=\"\" src=\"https:\/\/i0.wp.com\/image.freepik.com\/foto-gratis\/conexion-red-facebook-logo-social_121-76534.jpg?resize=86%2C48&#038;ssl=1\" width=\"86\" height=\"48\" \/><\/a><figcaption class=\"wp-caption-text\">Facebook<\/figcaption><\/figure>\n","protected":false},"excerpt":{"rendered":"<p>Faja de yeso Tabla\u00a0 la mejor tabla abdominal del mercado ya qu\u00e9 est\u00e1 hecha en yeso lipol\u00edtico. Ser\u00e1 el complemento ideal para cualquier faja te ayudar\u00e1 a quemar grasa realmente, a mantener el abdomen plano, reducir celulitis, y flacidez. Gracias al uso de productos naturales con sus propiedades para quemar grasa o acelerar el metabolismo [&hellip;]<\/p>\n","protected":false},"featured_media":1030,"comment_status":"open","ping_status":"closed","template":"","meta":{"zakra_page_container_layout":"customizer","zakra_page_sidebar_layout":"customizer","zakra_remove_content_margin":false,"zakra_sidebar":"customizer","zakra_transparent_header":"customizer","zakra_logo":0,"zakra_main_header_style":"default","zakra_menu_item_color":"","zakra_menu_item_hover_color":"","zakra_menu_item_active_color":"","zakra_menu_active_style":"","zakra_page_header":true,"_joinchat":[]},"product_brand":[],"product_cat":[22,41,39],"product_tag":[],"class_list":{"0":"post-1029","1":"product","2":"type-product","3":"status-publish","4":"has-post-thumbnail","6":"product_cat-belleza","7":"product_cat-cuidado-de-la-piel","8":"product_cat-cuidado-personal","10":"first","11":"instock","12":"taxable","13":"shipping-taxable","14":"purchasable","15":"product-type-simple"},"yoast_head":"<!-- This site is optimized with the Yoast SEO plugin v27.2 - https:\/\/yoast.com\/product\/yoast-seo-wordpress\/ -->\n<title>Faja de yeso Tabla | Env\u00edos Gratis | Colombia<\/title>\n<meta name=\"description\" content=\"Faja de yeso Tabla la mejor tabla abdominal del mercado ya qu\u00e9 est\u00e1 hecha en yeso lipol\u00edtico. Ser\u00e1 el complemento ideal para cualquier faja.\" \/>\n<meta name=\"robots\" content=\"index, follow, max-snippet:-1, max-image-preview:large, max-video-preview:-1\" \/>\n<link rel=\"canonical\" href=\"https:\/\/ovaonline.co\/index.php\/producto\/faja-de-yeso-tabla\/\" \/>\n<meta property=\"og:locale\" content=\"es_ES\" \/>\n<meta property=\"og:type\" content=\"article\" \/>\n<meta property=\"og:title\" content=\"Faja de yeso Tabla | Env\u00edos Gratis | Colombia\" \/>\n<meta property=\"og:description\" content=\"Faja de yeso Tabla la mejor tabla abdominal del mercado ya qu\u00e9 est\u00e1 hecha en yeso lipol\u00edtico. Ser\u00e1 el complemento ideal para cualquier faja.\" \/>\n<meta property=\"og:url\" content=\"https:\/\/ovaonline.co\/index.php\/producto\/faja-de-yeso-tabla\/\" \/>\n<meta property=\"article:publisher\" content=\"https:\/\/www.facebook.com\/ovaonline2022\/\" \/>\n<meta property=\"article:modified_time\" content=\"2021-03-11T21:52:37+00:00\" \/>\n<meta property=\"og:image\" content=\"https:\/\/i0.wp.com\/ovaonline.co\/wp-content\/uploads\/2021\/03\/tabla-opti_optimized.jpg?fit=600%2C600&ssl=1\" \/>\n\t<meta property=\"og:image:width\" content=\"600\" \/>\n\t<meta property=\"og:image:height\" content=\"600\" \/>\n\t<meta property=\"og:image:type\" content=\"image\/jpeg\" \/>\n<meta name=\"twitter:card\" content=\"summary_large_image\" \/>\n<meta name=\"twitter:label1\" content=\"Tiempo de lectura\" \/>\n\t<meta name=\"twitter:data1\" content=\"2 minutos\" \/>\n<script type=\"application\/ld+json\" class=\"yoast-schema-graph\">{\"@context\":\"https:\/\/schema.org\",\"@graph\":[{\"@type\":\"WebPage\",\"@id\":\"https:\/\/ovaonline.co\/index.php\/producto\/faja-de-yeso-tabla\/\",\"url\":\"https:\/\/ovaonline.co\/index.php\/producto\/faja-de-yeso-tabla\/\",\"name\":\"Faja de yeso Tabla | Env\u00edos Gratis | Colombia\",\"isPartOf\":{\"@id\":\"https:\/\/ovaonline.co\/#website\"},\"primaryImageOfPage\":{\"@id\":\"https:\/\/ovaonline.co\/index.php\/producto\/faja-de-yeso-tabla\/#primaryimage\"},\"image\":{\"@id\":\"https:\/\/ovaonline.co\/index.php\/producto\/faja-de-yeso-tabla\/#primaryimage\"},\"thumbnailUrl\":\"https:\/\/i0.wp.com\/ovaonline.co\/wp-content\/uploads\/2021\/03\/tabla-opti_optimized.jpg?fit=600%2C600&ssl=1\",\"datePublished\":\"2021-03-09T21:14:39+00:00\",\"dateModified\":\"2021-03-11T21:52:37+00:00\",\"description\":\"Faja de yeso Tabla la mejor tabla abdominal del mercado ya qu\u00e9 est\u00e1 hecha en yeso lipol\u00edtico. Ser\u00e1 el complemento ideal para cualquier faja.\",\"breadcrumb\":{\"@id\":\"https:\/\/ovaonline.co\/index.php\/producto\/faja-de-yeso-tabla\/#breadcrumb\"},\"inLanguage\":\"es-CO\",\"potentialAction\":[{\"@type\":\"ReadAction\",\"target\":[\"https:\/\/ovaonline.co\/index.php\/producto\/faja-de-yeso-tabla\/\"]}]},{\"@type\":\"ImageObject\",\"inLanguage\":\"es-CO\",\"@id\":\"https:\/\/ovaonline.co\/index.php\/producto\/faja-de-yeso-tabla\/#primaryimage\",\"url\":\"https:\/\/i0.wp.com\/ovaonline.co\/wp-content\/uploads\/2021\/03\/tabla-opti_optimized.jpg?fit=600%2C600&ssl=1\",\"contentUrl\":\"https:\/\/i0.wp.com\/ovaonline.co\/wp-content\/uploads\/2021\/03\/tabla-opti_optimized.jpg?fit=600%2C600&ssl=1\",\"width\":600,\"height\":600},{\"@type\":\"BreadcrumbList\",\"@id\":\"https:\/\/ovaonline.co\/index.php\/producto\/faja-de-yeso-tabla\/#breadcrumb\",\"itemListElement\":[{\"@type\":\"ListItem\",\"position\":1,\"name\":\"Portada\",\"item\":\"https:\/\/ovaonline.co\/\"},{\"@type\":\"ListItem\",\"position\":2,\"name\":\"Shop\",\"item\":\"https:\/\/ovaonline.co\/index.php\/shop\/\"},{\"@type\":\"ListItem\",\"position\":3,\"name\":\"Faja de yeso Tabla\"}]},{\"@type\":\"WebSite\",\"@id\":\"https:\/\/ovaonline.co\/#website\",\"url\":\"https:\/\/ovaonline.co\/\",\"name\":\"OVA Online\",\"description\":\"Moda alternativa, cors\u00e9s y arneses premium. Tu estilo definitivo para destacar en raves, festivales y conciertos en Colombia.\",\"publisher\":{\"@id\":\"https:\/\/ovaonline.co\/#organization\"},\"alternateName\":\"OVA Online Colombia\",\"potentialAction\":[{\"@type\":\"SearchAction\",\"target\":{\"@type\":\"EntryPoint\",\"urlTemplate\":\"https:\/\/ovaonline.co\/?s={search_term_string}\"},\"query-input\":{\"@type\":\"PropertyValueSpecification\",\"valueRequired\":true,\"valueName\":\"search_term_string\"}}],\"inLanguage\":\"es-CO\"},{\"@type\":\"Organization\",\"@id\":\"https:\/\/ovaonline.co\/#organization\",\"name\":\"Ova Online\",\"alternateName\":\"OVA Online Colombia\",\"url\":\"https:\/\/ovaonline.co\/\",\"logo\":{\"@type\":\"ImageObject\",\"inLanguage\":\"es-CO\",\"@id\":\"https:\/\/ovaonline.co\/#\/schema\/logo\/image\/\",\"url\":\"https:\/\/ovaonline.co\/wp-content\/uploads\/2026\/03\/logo-ova.png\",\"contentUrl\":\"https:\/\/ovaonline.co\/wp-content\/uploads\/2026\/03\/logo-ova.png\",\"width\":225,\"height\":225,\"caption\":\"Ova Online\"},\"image\":{\"@id\":\"https:\/\/ovaonline.co\/#\/schema\/logo\/image\/\"},\"sameAs\":[\"https:\/\/www.facebook.com\/ovaonline2022\/\",\"https:\/\/www.instagram.com\/ovaonlinecol\/\"]}]}<\/script>\n<!-- \/ Yoast SEO plugin. -->","yoast_head_json":{"title":"Faja de yeso Tabla | Env\u00edos Gratis | Colombia","description":"Faja de yeso Tabla la mejor tabla abdominal del mercado ya qu\u00e9 est\u00e1 hecha en yeso lipol\u00edtico. Ser\u00e1 el complemento ideal para cualquier faja.","robots":{"index":"index","follow":"follow","max-snippet":"max-snippet:-1","max-image-preview":"max-image-preview:large","max-video-preview":"max-video-preview:-1"},"canonical":"https:\/\/ovaonline.co\/index.php\/producto\/faja-de-yeso-tabla\/","og_locale":"es_ES","og_type":"article","og_title":"Faja de yeso Tabla | Env\u00edos Gratis | Colombia","og_description":"Faja de yeso Tabla la mejor tabla abdominal del mercado ya qu\u00e9 est\u00e1 hecha en yeso lipol\u00edtico. Ser\u00e1 el complemento ideal para cualquier faja.","og_url":"https:\/\/ovaonline.co\/index.php\/producto\/faja-de-yeso-tabla\/","article_publisher":"https:\/\/www.facebook.com\/ovaonline2022\/","article_modified_time":"2021-03-11T21:52:37+00:00","og_image":[{"width":600,"height":600,"url":"https:\/\/i0.wp.com\/ovaonline.co\/wp-content\/uploads\/2021\/03\/tabla-opti_optimized.jpg?fit=600%2C600&ssl=1","type":"image\/jpeg"}],"twitter_card":"summary_large_image","twitter_misc":{"Tiempo de lectura":"2 minutos"},"schema":{"@context":"https:\/\/schema.org","@graph":[{"@type":"WebPage","@id":"https:\/\/ovaonline.co\/index.php\/producto\/faja-de-yeso-tabla\/","url":"https:\/\/ovaonline.co\/index.php\/producto\/faja-de-yeso-tabla\/","name":"Faja de yeso Tabla | Env\u00edos Gratis | Colombia","isPartOf":{"@id":"https:\/\/ovaonline.co\/#website"},"primaryImageOfPage":{"@id":"https:\/\/ovaonline.co\/index.php\/producto\/faja-de-yeso-tabla\/#primaryimage"},"image":{"@id":"https:\/\/ovaonline.co\/index.php\/producto\/faja-de-yeso-tabla\/#primaryimage"},"thumbnailUrl":"https:\/\/i0.wp.com\/ovaonline.co\/wp-content\/uploads\/2021\/03\/tabla-opti_optimized.jpg?fit=600%2C600&ssl=1","datePublished":"2021-03-09T21:14:39+00:00","dateModified":"2021-03-11T21:52:37+00:00","description":"Faja de yeso Tabla la mejor tabla abdominal del mercado ya qu\u00e9 est\u00e1 hecha en yeso lipol\u00edtico. Ser\u00e1 el complemento ideal para cualquier faja.","breadcrumb":{"@id":"https:\/\/ovaonline.co\/index.php\/producto\/faja-de-yeso-tabla\/#breadcrumb"},"inLanguage":"es-CO","potentialAction":[{"@type":"ReadAction","target":["https:\/\/ovaonline.co\/index.php\/producto\/faja-de-yeso-tabla\/"]}]},{"@type":"ImageObject","inLanguage":"es-CO","@id":"https:\/\/ovaonline.co\/index.php\/producto\/faja-de-yeso-tabla\/#primaryimage","url":"https:\/\/i0.wp.com\/ovaonline.co\/wp-content\/uploads\/2021\/03\/tabla-opti_optimized.jpg?fit=600%2C600&ssl=1","contentUrl":"https:\/\/i0.wp.com\/ovaonline.co\/wp-content\/uploads\/2021\/03\/tabla-opti_optimized.jpg?fit=600%2C600&ssl=1","width":600,"height":600},{"@type":"BreadcrumbList","@id":"https:\/\/ovaonline.co\/index.php\/producto\/faja-de-yeso-tabla\/#breadcrumb","itemListElement":[{"@type":"ListItem","position":1,"name":"Portada","item":"https:\/\/ovaonline.co\/"},{"@type":"ListItem","position":2,"name":"Shop","item":"https:\/\/ovaonline.co\/index.php\/shop\/"},{"@type":"ListItem","position":3,"name":"Faja de yeso Tabla"}]},{"@type":"WebSite","@id":"https:\/\/ovaonline.co\/#website","url":"https:\/\/ovaonline.co\/","name":"OVA Online","description":"Moda alternativa, cors\u00e9s y arneses premium. Tu estilo definitivo para destacar en raves, festivales y conciertos en Colombia.","publisher":{"@id":"https:\/\/ovaonline.co\/#organization"},"alternateName":"OVA Online Colombia","potentialAction":[{"@type":"SearchAction","target":{"@type":"EntryPoint","urlTemplate":"https:\/\/ovaonline.co\/?s={search_term_string}"},"query-input":{"@type":"PropertyValueSpecification","valueRequired":true,"valueName":"search_term_string"}}],"inLanguage":"es-CO"},{"@type":"Organization","@id":"https:\/\/ovaonline.co\/#organization","name":"Ova Online","alternateName":"OVA Online Colombia","url":"https:\/\/ovaonline.co\/","logo":{"@type":"ImageObject","inLanguage":"es-CO","@id":"https:\/\/ovaonline.co\/#\/schema\/logo\/image\/","url":"https:\/\/ovaonline.co\/wp-content\/uploads\/2026\/03\/logo-ova.png","contentUrl":"https:\/\/ovaonline.co\/wp-content\/uploads\/2026\/03\/logo-ova.png","width":225,"height":225,"caption":"Ova Online"},"image":{"@id":"https:\/\/ovaonline.co\/#\/schema\/logo\/image\/"},"sameAs":["https:\/\/www.facebook.com\/ovaonline2022\/","https:\/\/www.instagram.com\/ovaonlinecol\/"]}]}},"jetpack_sharing_enabled":true,"_links":{"self":[{"href":"https:\/\/ovaonline.co\/index.php\/wp-json\/wp\/v2\/product\/1029","targetHints":{"allow":["GET"]}}],"collection":[{"href":"https:\/\/ovaonline.co\/index.php\/wp-json\/wp\/v2\/product"}],"about":[{"href":"https:\/\/ovaonline.co\/index.php\/wp-json\/wp\/v2\/types\/product"}],"replies":[{"embeddable":true,"href":"https:\/\/ovaonline.co\/index.php\/wp-json\/wp\/v2\/comments?post=1029"}],"wp:featuredmedia":[{"embeddable":true,"href":"https:\/\/ovaonline.co\/index.php\/wp-json\/wp\/v2\/media\/1030"}],"wp:attachment":[{"href":"https:\/\/ovaonline.co\/index.php\/wp-json\/wp\/v2\/media?parent=1029"}],"wp:term":[{"taxonomy":"product_brand","embeddable":true,"href":"https:\/\/ovaonline.co\/index.php\/wp-json\/wp\/v2\/product_brand?post=1029"},{"taxonomy":"product_cat","embeddable":true,"href":"https:\/\/ovaonline.co\/index.php\/wp-json\/wp\/v2\/product_cat?post=1029"},{"taxonomy":"product_tag","embeddable":true,"href":"https:\/\/ovaonline.co\/index.php\/wp-json\/wp\/v2\/product_tag?post=1029"}],"curies":[{"name":"wp","href":"https:\/\/api.w.org\/{rel}","templated":true}]}}