{"id":1021,"date":"2021-03-09T20:56:37","date_gmt":"2021-03-09T20:56:37","guid":{"rendered":"http:\/\/zakra.ovaonlinecol.com\/?post_type=product&#038;p=1021"},"modified":"2021-03-11T19:36:41","modified_gmt":"2021-03-11T19:36:41","slug":"licuadora-portatil-recargable-usb","status":"publish","type":"product","link":"https:\/\/ovaonline.co\/index.php\/producto\/licuadora-portatil-recargable-usb\/","title":{"rendered":"Licuadora Port\u00e1til Recargable USB"},"content":{"rendered":"<p>Licuadora Port\u00e1til Recargable USB personal, para preparar jugos de fruta en cualquier lugar. Ayuda a tener un mejor estilo de vida al preparar sus propios jugos; en lugar de jugos artificiales.<\/p>\n<h4>C\u00f3mo utilizar la\u00a0Licuadora Port\u00e1til\u00a0Recargable USB<\/h4>\n<p>1.El fruto se corta en trozos peque\u00f1os sobre 1.5 x 1.5cm (semillas; pepas; piel dura; gruesa o frutos de c\u00e1scara dura; por favor eliminarlo)<\/p>\n<p>2.Poner los trozos de fruta en la botella; alrededor del 60% del vaso; y despu\u00e9s adicionar el agua; calculando que el volumen no supere el 80% del vaso.<\/p>\n<p>3. Invertir el vaso; encender el interruptor; y agitar suavemente el producto durante el trabajo; para que el jugo sea delicioso.<\/p>\n<p>4. Cuando termine; apagar el interruptor de alimentaci\u00f3n; desenroscar la tapa y disfrutar. Puedes utilizar el filtro.<\/p>\n<p>T\u00e9cnicas<\/p>\n<p>Capacidad de la botella: 380ml<br \/>\nMaterial de la botella: PP + PC + ABS de pl\u00e1stico<br \/>\nTipo de motor: DC3.6V<br \/>\nVelocidad del motor: 15000-22000rpm<br \/>\nCorriente de trabajo: 10-12A<br \/>\nTipo de bater\u00eda: 2000mAh 3.7V<br \/>\nDimensiones del producto: 75 mm * 75 mm * 230 mm<\/p>\n<p>CONTENIDO DE LA CAJA<\/p>\n<p>Base de la licuadora<br \/>\nVaso de vidrio<br \/>\nFiltro<br \/>\nTapa con correa viajera<br \/>\nCable micro USB<\/p>\n<p>&nbsp;<\/p>\n<p>\u00bfEst\u00e1 teniendo un d\u00eda ocupado? \u00bfNecesita una comida r\u00e1pida pero nutritiva? es justo lo que usted necesita. Imag\u00ednese mezclar y beber su batido desde la misma botella. No s\u00f3lo hace todo el proceso sin problemas, la limpieza de la botella tambi\u00e9n es muy sencilla.<\/p>\n<figure style=\"width: 103px\" class=\"wp-caption alignnone\"><a href=\"https:\/\/www.facebook.com\/ovaonlinecol\"><img data-recalc-dims=\"1\" decoding=\"async\" class=\"\" src=\"https:\/\/i0.wp.com\/image.freepik.com\/foto-gratis\/conexion-red-facebook-logo-social_121-76534.jpg?resize=103%2C58&#038;ssl=1\" width=\"103\" height=\"58\" \/><\/a><figcaption class=\"wp-caption-text\">Facebook<\/figcaption><\/figure>\n","protected":false},"excerpt":{"rendered":"<p>Env\u00edo totalmente Gratis<\/p>\n<p>Paga cuando recibes en lugares seleccionados.<\/p>\n","protected":false},"featured_media":1022,"comment_status":"open","ping_status":"closed","template":"","meta":{"zakra_page_container_layout":"customizer","zakra_page_sidebar_layout":"customizer","zakra_remove_content_margin":false,"zakra_sidebar":"customizer","zakra_transparent_header":"customizer","zakra_logo":0,"zakra_main_header_style":"default","zakra_menu_item_color":"","zakra_menu_item_hover_color":"","zakra_menu_item_active_color":"","zakra_menu_active_style":"","zakra_page_header":true,"_joinchat":[]},"product_brand":[],"product_cat":[23,24],"product_tag":[],"class_list":{"0":"post-1021","1":"product","2":"type-product","3":"status-publish","4":"has-post-thumbnail","6":"product_cat-deportes","7":"product_cat-gadgets","9":"first","10":"instock","11":"taxable","12":"shipping-taxable","13":"purchasable","14":"product-type-simple"},"yoast_head":"<!-- This site is optimized with the Yoast SEO plugin v27.2 - https:\/\/yoast.com\/product\/yoast-seo-wordpress\/ -->\n<title>Licuadora Port\u00e1til Recargable USB | Env\u00edo Gratis<\/title>\n<meta name=\"description\" content=\"Licuadora Portatil Recargable USB personal, para preparar jugos de fruta en cualquier lugar. Ayuda a tener un mejor estilo de vida\" \/>\n<meta name=\"robots\" content=\"index, follow, max-snippet:-1, max-image-preview:large, max-video-preview:-1\" \/>\n<link rel=\"canonical\" href=\"https:\/\/ovaonline.co\/index.php\/producto\/licuadora-portatil-recargable-usb\/\" \/>\n<meta property=\"og:locale\" content=\"es_ES\" \/>\n<meta property=\"og:type\" content=\"article\" \/>\n<meta property=\"og:title\" content=\"Licuadora Port\u00e1til Recargable USB | Env\u00edo Gratis\" \/>\n<meta property=\"og:description\" content=\"Licuadora Portatil Recargable USB personal, para preparar jugos de fruta en cualquier lugar. Ayuda a tener un mejor estilo de vida\" \/>\n<meta property=\"og:url\" content=\"https:\/\/ovaonline.co\/index.php\/producto\/licuadora-portatil-recargable-usb\/\" \/>\n<meta property=\"article:publisher\" content=\"https:\/\/www.facebook.com\/ovaonline2022\/\" \/>\n<meta property=\"article:modified_time\" content=\"2021-03-11T19:36:41+00:00\" \/>\n<meta property=\"og:image\" content=\"https:\/\/i0.wp.com\/ovaonline.co\/wp-content\/uploads\/2021\/03\/licuadora-opti_optimized.jpg?fit=600%2C600&ssl=1\" \/>\n\t<meta property=\"og:image:width\" content=\"600\" \/>\n\t<meta property=\"og:image:height\" content=\"600\" \/>\n\t<meta property=\"og:image:type\" content=\"image\/jpeg\" \/>\n<meta name=\"twitter:card\" content=\"summary_large_image\" \/>\n<meta name=\"twitter:label1\" content=\"Tiempo de lectura\" \/>\n\t<meta name=\"twitter:data1\" content=\"2 minutos\" \/>\n<script type=\"application\/ld+json\" class=\"yoast-schema-graph\">{\"@context\":\"https:\/\/schema.org\",\"@graph\":[{\"@type\":\"WebPage\",\"@id\":\"https:\/\/ovaonline.co\/index.php\/producto\/licuadora-portatil-recargable-usb\/\",\"url\":\"https:\/\/ovaonline.co\/index.php\/producto\/licuadora-portatil-recargable-usb\/\",\"name\":\"Licuadora Port\u00e1til Recargable USB | Env\u00edo Gratis\",\"isPartOf\":{\"@id\":\"https:\/\/ovaonline.co\/#website\"},\"primaryImageOfPage\":{\"@id\":\"https:\/\/ovaonline.co\/index.php\/producto\/licuadora-portatil-recargable-usb\/#primaryimage\"},\"image\":{\"@id\":\"https:\/\/ovaonline.co\/index.php\/producto\/licuadora-portatil-recargable-usb\/#primaryimage\"},\"thumbnailUrl\":\"https:\/\/i0.wp.com\/ovaonline.co\/wp-content\/uploads\/2021\/03\/licuadora-opti_optimized.jpg?fit=600%2C600&ssl=1\",\"datePublished\":\"2021-03-09T20:56:37+00:00\",\"dateModified\":\"2021-03-11T19:36:41+00:00\",\"description\":\"Licuadora Portatil Recargable USB personal, para preparar jugos de fruta en cualquier lugar. Ayuda a tener un mejor estilo de vida\",\"breadcrumb\":{\"@id\":\"https:\/\/ovaonline.co\/index.php\/producto\/licuadora-portatil-recargable-usb\/#breadcrumb\"},\"inLanguage\":\"es-CO\",\"potentialAction\":[{\"@type\":\"ReadAction\",\"target\":[\"https:\/\/ovaonline.co\/index.php\/producto\/licuadora-portatil-recargable-usb\/\"]}]},{\"@type\":\"ImageObject\",\"inLanguage\":\"es-CO\",\"@id\":\"https:\/\/ovaonline.co\/index.php\/producto\/licuadora-portatil-recargable-usb\/#primaryimage\",\"url\":\"https:\/\/i0.wp.com\/ovaonline.co\/wp-content\/uploads\/2021\/03\/licuadora-opti_optimized.jpg?fit=600%2C600&ssl=1\",\"contentUrl\":\"https:\/\/i0.wp.com\/ovaonline.co\/wp-content\/uploads\/2021\/03\/licuadora-opti_optimized.jpg?fit=600%2C600&ssl=1\",\"width\":600,\"height\":600},{\"@type\":\"BreadcrumbList\",\"@id\":\"https:\/\/ovaonline.co\/index.php\/producto\/licuadora-portatil-recargable-usb\/#breadcrumb\",\"itemListElement\":[{\"@type\":\"ListItem\",\"position\":1,\"name\":\"Portada\",\"item\":\"https:\/\/ovaonline.co\/\"},{\"@type\":\"ListItem\",\"position\":2,\"name\":\"Shop\",\"item\":\"https:\/\/ovaonline.co\/index.php\/shop\/\"},{\"@type\":\"ListItem\",\"position\":3,\"name\":\"Licuadora Port\u00e1til Recargable USB\"}]},{\"@type\":\"WebSite\",\"@id\":\"https:\/\/ovaonline.co\/#website\",\"url\":\"https:\/\/ovaonline.co\/\",\"name\":\"OVA Online\",\"description\":\"Moda alternativa, cors\u00e9s y arneses premium. Tu estilo definitivo para destacar en raves, festivales y conciertos en Colombia.\",\"publisher\":{\"@id\":\"https:\/\/ovaonline.co\/#organization\"},\"alternateName\":\"OVA Online Colombia\",\"potentialAction\":[{\"@type\":\"SearchAction\",\"target\":{\"@type\":\"EntryPoint\",\"urlTemplate\":\"https:\/\/ovaonline.co\/?s={search_term_string}\"},\"query-input\":{\"@type\":\"PropertyValueSpecification\",\"valueRequired\":true,\"valueName\":\"search_term_string\"}}],\"inLanguage\":\"es-CO\"},{\"@type\":\"Organization\",\"@id\":\"https:\/\/ovaonline.co\/#organization\",\"name\":\"Ova Online\",\"alternateName\":\"OVA Online Colombia\",\"url\":\"https:\/\/ovaonline.co\/\",\"logo\":{\"@type\":\"ImageObject\",\"inLanguage\":\"es-CO\",\"@id\":\"https:\/\/ovaonline.co\/#\/schema\/logo\/image\/\",\"url\":\"https:\/\/ovaonline.co\/wp-content\/uploads\/2026\/03\/logo-ova.png\",\"contentUrl\":\"https:\/\/ovaonline.co\/wp-content\/uploads\/2026\/03\/logo-ova.png\",\"width\":225,\"height\":225,\"caption\":\"Ova Online\"},\"image\":{\"@id\":\"https:\/\/ovaonline.co\/#\/schema\/logo\/image\/\"},\"sameAs\":[\"https:\/\/www.facebook.com\/ovaonline2022\/\",\"https:\/\/www.instagram.com\/ovaonlinecol\/\"]}]}<\/script>\n<!-- \/ Yoast SEO plugin. -->","yoast_head_json":{"title":"Licuadora Port\u00e1til Recargable USB | Env\u00edo Gratis","description":"Licuadora Portatil Recargable USB personal, para preparar jugos de fruta en cualquier lugar. Ayuda a tener un mejor estilo de vida","robots":{"index":"index","follow":"follow","max-snippet":"max-snippet:-1","max-image-preview":"max-image-preview:large","max-video-preview":"max-video-preview:-1"},"canonical":"https:\/\/ovaonline.co\/index.php\/producto\/licuadora-portatil-recargable-usb\/","og_locale":"es_ES","og_type":"article","og_title":"Licuadora Port\u00e1til Recargable USB | Env\u00edo Gratis","og_description":"Licuadora Portatil Recargable USB personal, para preparar jugos de fruta en cualquier lugar. Ayuda a tener un mejor estilo de vida","og_url":"https:\/\/ovaonline.co\/index.php\/producto\/licuadora-portatil-recargable-usb\/","article_publisher":"https:\/\/www.facebook.com\/ovaonline2022\/","article_modified_time":"2021-03-11T19:36:41+00:00","og_image":[{"width":600,"height":600,"url":"https:\/\/i0.wp.com\/ovaonline.co\/wp-content\/uploads\/2021\/03\/licuadora-opti_optimized.jpg?fit=600%2C600&ssl=1","type":"image\/jpeg"}],"twitter_card":"summary_large_image","twitter_misc":{"Tiempo de lectura":"2 minutos"},"schema":{"@context":"https:\/\/schema.org","@graph":[{"@type":"WebPage","@id":"https:\/\/ovaonline.co\/index.php\/producto\/licuadora-portatil-recargable-usb\/","url":"https:\/\/ovaonline.co\/index.php\/producto\/licuadora-portatil-recargable-usb\/","name":"Licuadora Port\u00e1til Recargable USB | Env\u00edo Gratis","isPartOf":{"@id":"https:\/\/ovaonline.co\/#website"},"primaryImageOfPage":{"@id":"https:\/\/ovaonline.co\/index.php\/producto\/licuadora-portatil-recargable-usb\/#primaryimage"},"image":{"@id":"https:\/\/ovaonline.co\/index.php\/producto\/licuadora-portatil-recargable-usb\/#primaryimage"},"thumbnailUrl":"https:\/\/i0.wp.com\/ovaonline.co\/wp-content\/uploads\/2021\/03\/licuadora-opti_optimized.jpg?fit=600%2C600&ssl=1","datePublished":"2021-03-09T20:56:37+00:00","dateModified":"2021-03-11T19:36:41+00:00","description":"Licuadora Portatil Recargable USB personal, para preparar jugos de fruta en cualquier lugar. Ayuda a tener un mejor estilo de vida","breadcrumb":{"@id":"https:\/\/ovaonline.co\/index.php\/producto\/licuadora-portatil-recargable-usb\/#breadcrumb"},"inLanguage":"es-CO","potentialAction":[{"@type":"ReadAction","target":["https:\/\/ovaonline.co\/index.php\/producto\/licuadora-portatil-recargable-usb\/"]}]},{"@type":"ImageObject","inLanguage":"es-CO","@id":"https:\/\/ovaonline.co\/index.php\/producto\/licuadora-portatil-recargable-usb\/#primaryimage","url":"https:\/\/i0.wp.com\/ovaonline.co\/wp-content\/uploads\/2021\/03\/licuadora-opti_optimized.jpg?fit=600%2C600&ssl=1","contentUrl":"https:\/\/i0.wp.com\/ovaonline.co\/wp-content\/uploads\/2021\/03\/licuadora-opti_optimized.jpg?fit=600%2C600&ssl=1","width":600,"height":600},{"@type":"BreadcrumbList","@id":"https:\/\/ovaonline.co\/index.php\/producto\/licuadora-portatil-recargable-usb\/#breadcrumb","itemListElement":[{"@type":"ListItem","position":1,"name":"Portada","item":"https:\/\/ovaonline.co\/"},{"@type":"ListItem","position":2,"name":"Shop","item":"https:\/\/ovaonline.co\/index.php\/shop\/"},{"@type":"ListItem","position":3,"name":"Licuadora Port\u00e1til Recargable USB"}]},{"@type":"WebSite","@id":"https:\/\/ovaonline.co\/#website","url":"https:\/\/ovaonline.co\/","name":"OVA Online","description":"Moda alternativa, cors\u00e9s y arneses premium. Tu estilo definitivo para destacar en raves, festivales y conciertos en Colombia.","publisher":{"@id":"https:\/\/ovaonline.co\/#organization"},"alternateName":"OVA Online Colombia","potentialAction":[{"@type":"SearchAction","target":{"@type":"EntryPoint","urlTemplate":"https:\/\/ovaonline.co\/?s={search_term_string}"},"query-input":{"@type":"PropertyValueSpecification","valueRequired":true,"valueName":"search_term_string"}}],"inLanguage":"es-CO"},{"@type":"Organization","@id":"https:\/\/ovaonline.co\/#organization","name":"Ova Online","alternateName":"OVA Online Colombia","url":"https:\/\/ovaonline.co\/","logo":{"@type":"ImageObject","inLanguage":"es-CO","@id":"https:\/\/ovaonline.co\/#\/schema\/logo\/image\/","url":"https:\/\/ovaonline.co\/wp-content\/uploads\/2026\/03\/logo-ova.png","contentUrl":"https:\/\/ovaonline.co\/wp-content\/uploads\/2026\/03\/logo-ova.png","width":225,"height":225,"caption":"Ova Online"},"image":{"@id":"https:\/\/ovaonline.co\/#\/schema\/logo\/image\/"},"sameAs":["https:\/\/www.facebook.com\/ovaonline2022\/","https:\/\/www.instagram.com\/ovaonlinecol\/"]}]}},"jetpack_sharing_enabled":true,"_links":{"self":[{"href":"https:\/\/ovaonline.co\/index.php\/wp-json\/wp\/v2\/product\/1021","targetHints":{"allow":["GET"]}}],"collection":[{"href":"https:\/\/ovaonline.co\/index.php\/wp-json\/wp\/v2\/product"}],"about":[{"href":"https:\/\/ovaonline.co\/index.php\/wp-json\/wp\/v2\/types\/product"}],"replies":[{"embeddable":true,"href":"https:\/\/ovaonline.co\/index.php\/wp-json\/wp\/v2\/comments?post=1021"}],"wp:featuredmedia":[{"embeddable":true,"href":"https:\/\/ovaonline.co\/index.php\/wp-json\/wp\/v2\/media\/1022"}],"wp:attachment":[{"href":"https:\/\/ovaonline.co\/index.php\/wp-json\/wp\/v2\/media?parent=1021"}],"wp:term":[{"taxonomy":"product_brand","embeddable":true,"href":"https:\/\/ovaonline.co\/index.php\/wp-json\/wp\/v2\/product_brand?post=1021"},{"taxonomy":"product_cat","embeddable":true,"href":"https:\/\/ovaonline.co\/index.php\/wp-json\/wp\/v2\/product_cat?post=1021"},{"taxonomy":"product_tag","embeddable":true,"href":"https:\/\/ovaonline.co\/index.php\/wp-json\/wp\/v2\/product_tag?post=1021"}],"curies":[{"name":"wp","href":"https:\/\/api.w.org\/{rel}","templated":true}]}}