{"id":1017,"date":"2021-03-09T20:49:16","date_gmt":"2021-03-09T20:49:16","guid":{"rendered":"http:\/\/zakra.ovaonlinecol.com\/?post_type=product&#038;p=1017"},"modified":"2021-03-11T20:24:30","modified_gmt":"2021-03-11T20:24:30","slug":"pestanina-4d-heavy-completo-original","status":"publish","type":"product","link":"https:\/\/ovaonline.co\/index.php\/producto\/pestanina-4d-heavy-completo-original\/","title":{"rendered":"Pesta\u00f1ina 4d heavy full"},"content":{"rendered":"<p>Pesta\u00f1ina 4d heavy full original con fibras de seda que alargan tus pesta\u00f1as en un abrir y cerrar de ojos.<\/p>\n<p><strong>Env\u00edo totalmente Gratis \u2013 Paga cuando recibes eb tu casa u oficina en lugares seleccionados.<\/strong><\/p>\n<p><strong>\u00bf\u00bfCansada de las pesta\u00f1as postizas o los costosos tratamientos para lucir tus pesta\u00f1as mas largas??<\/strong><\/p>\n<p>Pesta\u00f1ina 4d heavy full original Ya TENEMOS PARA TI LA MANERA M\u00c1S R\u00c1PIDA,PR\u00c1CTICA Y SEGURA de hacer tus pesta\u00f1as naturales hasta500% m\u00e1s largas. M\u00e1scara de pesta\u00f1as de fibra de seda te proporciona una longitud y un volumen incre\u00edbles sin extensiones, rellenos ni falsificaciones.<\/p>\n<p>Esta f\u00f3rmula profesional contiene fibras de alargamiento que se pueden aplicar en capas para crear pesta\u00f1as que parecen seguir creciendo y creciendo.<\/p>\n<p>D\u00e9jate llevar por la *Pesta\u00f1ina 4D SILK FIBER LASH M\u00c1SCARA*, de revestimiento suave y alto rendimiento.*Las cerdas del cepillo est\u00e1n espaciadas uniformemente para ayudar a separar las pesta\u00f1as m\u00e1s largas.*La fibra de seda llena y agrega volumen a las pesta\u00f1as.<\/p>\n<p>&nbsp;<\/p>\n<div id=\"featurebullets_feature_div\" class=\"celwidget\" data-feature-name=\"featurebullets\" data-csa-c-id=\"zhn59e-5dc8v2-wmk2j3-1o8lku\" data-cel-widget=\"featurebullets_feature_div\">\n<div id=\"feature-bullets\" class=\"a-section a-spacing-medium a-spacing-top-small\">\n<h4><span class=\"a-list-item\">Permanece en su lugar durante todo el d\u00eda\u00a0<\/span><\/h4>\n<p><span class=\"a-list-item\">esta f\u00f3rmula de m\u00e1scara impermeable y duradera asegura que tus pesta\u00f1as permanezcan hermosamente largas, gruesas y voluminosas durante todo el d\u00eda a trav\u00e9s de la lluvia, las l\u00e1grimas y el sudor.<\/span><\/p>\n<h4><span class=\"a-list-item\">Volumen y longitud instant\u00e1neos:<\/span><\/h4>\n<p><span class=\"a-list-item\">la m\u00e1scara de pesta\u00f1as de fibra de seda 4D est\u00e1 profundamente pigmentada y crea instant\u00e1neamente unas pesta\u00f1as maravillosamente dram\u00e1ticas y audaces con una sola aplicaci\u00f3n que sacan la belleza de tus ojos y complementan tu aspecto de maquillaje general.<\/span><\/p>\n<h4><span class=\"a-list-item\">Natural e hipoalerg\u00e9nico:<\/span><\/h4>\n<p><span class=\"a-list-item\">nuestra m\u00e1scara de fibra hipoalerg\u00e9nica contiene ingredientes suaves que son seguros y amigables para los ojos sensibles y los usuarios de lentes de contacto.<\/span><\/p>\n<h4><span class=\"a-list-item\">Aplicaci\u00f3n y eliminaci\u00f3n sin esfuerzo:<\/span><\/h4>\n<p><span class=\"a-list-item\">la m\u00e1scara de pesta\u00f1as de fibra de seda 4D se barre en todas las pesta\u00f1as sin agacharse, descamarse o secarse, creando pesta\u00f1as atractivas e impecables con una sola aplicaci\u00f3n. Simplemente retira al final de tu d\u00eda con tu desmaquillante favorito.<\/span><\/p>\n<figure style=\"width: 92px\" class=\"wp-caption alignleft\"><a href=\"https:\/\/www.facebook.com\/ovaonlinecol\"><img data-recalc-dims=\"1\" decoding=\"async\" class=\"\" src=\"https:\/\/i0.wp.com\/image.freepik.com\/foto-gratis\/conexion-red-facebook-logo-social_121-76534.jpg?resize=92%2C52&#038;ssl=1\" width=\"92\" height=\"52\" \/><\/a><figcaption class=\"wp-caption-text\">Facebook<\/figcaption><\/figure>\n<\/div>\n<\/div>\n","protected":false},"excerpt":{"rendered":"<p>D\u00e9jate llevar por la Pesta\u00f1ina 4D SILK FIBER LASH M\u00c1SCARA*, de revestimiento suave y alto rendimiento. Las cerdas del cepillo est\u00e1n espaciadas uniformemente para ayudar a separar las pesta\u00f1as m\u00e1s largas. La fibra de seda llena y agrega volumen a las pesta\u00f1as.<\/p>\n","protected":false},"featured_media":1018,"comment_status":"open","ping_status":"closed","template":"","meta":{"zakra_page_container_layout":"customizer","zakra_page_sidebar_layout":"customizer","zakra_remove_content_margin":false,"zakra_sidebar":"customizer","zakra_transparent_header":"customizer","zakra_logo":0,"zakra_main_header_style":"default","zakra_menu_item_color":"","zakra_menu_item_hover_color":"","zakra_menu_item_active_color":"","zakra_menu_active_style":"","zakra_page_header":true,"_joinchat":[]},"product_brand":[],"product_cat":[22,42,39],"product_tag":[],"class_list":{"0":"post-1017","1":"product","2":"type-product","3":"status-publish","4":"has-post-thumbnail","6":"product_cat-belleza","7":"product_cat-cosmeticos","8":"product_cat-cuidado-personal","10":"first","11":"instock","12":"taxable","13":"shipping-taxable","14":"purchasable","15":"product-type-simple"},"yoast_head":"<!-- This site is optimized with the Yoast SEO plugin v27.2 - https:\/\/yoast.com\/product\/yoast-seo-wordpress\/ -->\n<title>Pesta\u00f1ina 4d heavy full | Env\u00edo Gratis<\/title>\n<meta name=\"description\" content=\"Pesta\u00f1ina 4d heavy full original con fibras de seda que alargan tus pesta\u00f1as en un abrir y cerrar de ojos | Env\u00edo Gratis Colombia\" \/>\n<meta name=\"robots\" content=\"index, follow, max-snippet:-1, max-image-preview:large, max-video-preview:-1\" \/>\n<link rel=\"canonical\" href=\"https:\/\/ovaonline.co\/index.php\/producto\/pestanina-4d-heavy-completo-original\/\" \/>\n<meta property=\"og:locale\" content=\"es_ES\" \/>\n<meta property=\"og:type\" content=\"article\" \/>\n<meta property=\"og:title\" content=\"Pesta\u00f1ina 4d heavy full | Env\u00edo Gratis\" \/>\n<meta property=\"og:description\" content=\"Pesta\u00f1ina 4d heavy full original con fibras de seda que alargan tus pesta\u00f1as en un abrir y cerrar de ojos | Env\u00edo Gratis Colombia\" \/>\n<meta property=\"og:url\" content=\"https:\/\/ovaonline.co\/index.php\/producto\/pestanina-4d-heavy-completo-original\/\" \/>\n<meta property=\"article:publisher\" content=\"https:\/\/www.facebook.com\/ovaonline2022\/\" \/>\n<meta property=\"article:modified_time\" content=\"2021-03-11T20:24:30+00:00\" \/>\n<meta property=\"og:image\" content=\"https:\/\/i0.wp.com\/ovaonline.co\/wp-content\/uploads\/2021\/03\/pestanina_optimized.jpg?fit=600%2C600&ssl=1\" \/>\n\t<meta property=\"og:image:width\" content=\"600\" \/>\n\t<meta property=\"og:image:height\" content=\"600\" \/>\n\t<meta property=\"og:image:type\" content=\"image\/jpeg\" \/>\n<meta name=\"twitter:card\" content=\"summary_large_image\" \/>\n<meta name=\"twitter:label1\" content=\"Tiempo de lectura\" \/>\n\t<meta name=\"twitter:data1\" content=\"2 minutos\" \/>\n<script type=\"application\/ld+json\" class=\"yoast-schema-graph\">{\"@context\":\"https:\/\/schema.org\",\"@graph\":[{\"@type\":\"WebPage\",\"@id\":\"https:\/\/ovaonline.co\/index.php\/producto\/pestanina-4d-heavy-completo-original\/\",\"url\":\"https:\/\/ovaonline.co\/index.php\/producto\/pestanina-4d-heavy-completo-original\/\",\"name\":\"Pesta\u00f1ina 4d heavy full | Env\u00edo Gratis\",\"isPartOf\":{\"@id\":\"https:\/\/ovaonline.co\/#website\"},\"primaryImageOfPage\":{\"@id\":\"https:\/\/ovaonline.co\/index.php\/producto\/pestanina-4d-heavy-completo-original\/#primaryimage\"},\"image\":{\"@id\":\"https:\/\/ovaonline.co\/index.php\/producto\/pestanina-4d-heavy-completo-original\/#primaryimage\"},\"thumbnailUrl\":\"https:\/\/i0.wp.com\/ovaonline.co\/wp-content\/uploads\/2021\/03\/pestanina_optimized.jpg?fit=600%2C600&ssl=1\",\"datePublished\":\"2021-03-09T20:49:16+00:00\",\"dateModified\":\"2021-03-11T20:24:30+00:00\",\"description\":\"Pesta\u00f1ina 4d heavy full original con fibras de seda que alargan tus pesta\u00f1as en un abrir y cerrar de ojos | Env\u00edo Gratis Colombia\",\"breadcrumb\":{\"@id\":\"https:\/\/ovaonline.co\/index.php\/producto\/pestanina-4d-heavy-completo-original\/#breadcrumb\"},\"inLanguage\":\"es-CO\",\"potentialAction\":[{\"@type\":\"ReadAction\",\"target\":[\"https:\/\/ovaonline.co\/index.php\/producto\/pestanina-4d-heavy-completo-original\/\"]}]},{\"@type\":\"ImageObject\",\"inLanguage\":\"es-CO\",\"@id\":\"https:\/\/ovaonline.co\/index.php\/producto\/pestanina-4d-heavy-completo-original\/#primaryimage\",\"url\":\"https:\/\/i0.wp.com\/ovaonline.co\/wp-content\/uploads\/2021\/03\/pestanina_optimized.jpg?fit=600%2C600&ssl=1\",\"contentUrl\":\"https:\/\/i0.wp.com\/ovaonline.co\/wp-content\/uploads\/2021\/03\/pestanina_optimized.jpg?fit=600%2C600&ssl=1\",\"width\":600,\"height\":600},{\"@type\":\"BreadcrumbList\",\"@id\":\"https:\/\/ovaonline.co\/index.php\/producto\/pestanina-4d-heavy-completo-original\/#breadcrumb\",\"itemListElement\":[{\"@type\":\"ListItem\",\"position\":1,\"name\":\"Portada\",\"item\":\"https:\/\/ovaonline.co\/\"},{\"@type\":\"ListItem\",\"position\":2,\"name\":\"Shop\",\"item\":\"https:\/\/ovaonline.co\/index.php\/shop\/\"},{\"@type\":\"ListItem\",\"position\":3,\"name\":\"Pesta\u00f1ina 4d heavy full\"}]},{\"@type\":\"WebSite\",\"@id\":\"https:\/\/ovaonline.co\/#website\",\"url\":\"https:\/\/ovaonline.co\/\",\"name\":\"OVA Online\",\"description\":\"Moda alternativa, cors\u00e9s y arneses premium. Tu estilo definitivo para destacar en raves, festivales y conciertos en Colombia.\",\"publisher\":{\"@id\":\"https:\/\/ovaonline.co\/#organization\"},\"alternateName\":\"OVA Online Colombia\",\"potentialAction\":[{\"@type\":\"SearchAction\",\"target\":{\"@type\":\"EntryPoint\",\"urlTemplate\":\"https:\/\/ovaonline.co\/?s={search_term_string}\"},\"query-input\":{\"@type\":\"PropertyValueSpecification\",\"valueRequired\":true,\"valueName\":\"search_term_string\"}}],\"inLanguage\":\"es-CO\"},{\"@type\":\"Organization\",\"@id\":\"https:\/\/ovaonline.co\/#organization\",\"name\":\"Ova Online\",\"alternateName\":\"OVA Online Colombia\",\"url\":\"https:\/\/ovaonline.co\/\",\"logo\":{\"@type\":\"ImageObject\",\"inLanguage\":\"es-CO\",\"@id\":\"https:\/\/ovaonline.co\/#\/schema\/logo\/image\/\",\"url\":\"https:\/\/ovaonline.co\/wp-content\/uploads\/2026\/03\/logo-ova.png\",\"contentUrl\":\"https:\/\/ovaonline.co\/wp-content\/uploads\/2026\/03\/logo-ova.png\",\"width\":225,\"height\":225,\"caption\":\"Ova Online\"},\"image\":{\"@id\":\"https:\/\/ovaonline.co\/#\/schema\/logo\/image\/\"},\"sameAs\":[\"https:\/\/www.facebook.com\/ovaonline2022\/\",\"https:\/\/www.instagram.com\/ovaonlinecol\/\"]}]}<\/script>\n<!-- \/ Yoast SEO plugin. -->","yoast_head_json":{"title":"Pesta\u00f1ina 4d heavy full | Env\u00edo Gratis","description":"Pesta\u00f1ina 4d heavy full original con fibras de seda que alargan tus pesta\u00f1as en un abrir y cerrar de ojos | Env\u00edo Gratis Colombia","robots":{"index":"index","follow":"follow","max-snippet":"max-snippet:-1","max-image-preview":"max-image-preview:large","max-video-preview":"max-video-preview:-1"},"canonical":"https:\/\/ovaonline.co\/index.php\/producto\/pestanina-4d-heavy-completo-original\/","og_locale":"es_ES","og_type":"article","og_title":"Pesta\u00f1ina 4d heavy full | Env\u00edo Gratis","og_description":"Pesta\u00f1ina 4d heavy full original con fibras de seda que alargan tus pesta\u00f1as en un abrir y cerrar de ojos | Env\u00edo Gratis Colombia","og_url":"https:\/\/ovaonline.co\/index.php\/producto\/pestanina-4d-heavy-completo-original\/","article_publisher":"https:\/\/www.facebook.com\/ovaonline2022\/","article_modified_time":"2021-03-11T20:24:30+00:00","og_image":[{"width":600,"height":600,"url":"https:\/\/i0.wp.com\/ovaonline.co\/wp-content\/uploads\/2021\/03\/pestanina_optimized.jpg?fit=600%2C600&ssl=1","type":"image\/jpeg"}],"twitter_card":"summary_large_image","twitter_misc":{"Tiempo de lectura":"2 minutos"},"schema":{"@context":"https:\/\/schema.org","@graph":[{"@type":"WebPage","@id":"https:\/\/ovaonline.co\/index.php\/producto\/pestanina-4d-heavy-completo-original\/","url":"https:\/\/ovaonline.co\/index.php\/producto\/pestanina-4d-heavy-completo-original\/","name":"Pesta\u00f1ina 4d heavy full | Env\u00edo Gratis","isPartOf":{"@id":"https:\/\/ovaonline.co\/#website"},"primaryImageOfPage":{"@id":"https:\/\/ovaonline.co\/index.php\/producto\/pestanina-4d-heavy-completo-original\/#primaryimage"},"image":{"@id":"https:\/\/ovaonline.co\/index.php\/producto\/pestanina-4d-heavy-completo-original\/#primaryimage"},"thumbnailUrl":"https:\/\/i0.wp.com\/ovaonline.co\/wp-content\/uploads\/2021\/03\/pestanina_optimized.jpg?fit=600%2C600&ssl=1","datePublished":"2021-03-09T20:49:16+00:00","dateModified":"2021-03-11T20:24:30+00:00","description":"Pesta\u00f1ina 4d heavy full original con fibras de seda que alargan tus pesta\u00f1as en un abrir y cerrar de ojos | Env\u00edo Gratis Colombia","breadcrumb":{"@id":"https:\/\/ovaonline.co\/index.php\/producto\/pestanina-4d-heavy-completo-original\/#breadcrumb"},"inLanguage":"es-CO","potentialAction":[{"@type":"ReadAction","target":["https:\/\/ovaonline.co\/index.php\/producto\/pestanina-4d-heavy-completo-original\/"]}]},{"@type":"ImageObject","inLanguage":"es-CO","@id":"https:\/\/ovaonline.co\/index.php\/producto\/pestanina-4d-heavy-completo-original\/#primaryimage","url":"https:\/\/i0.wp.com\/ovaonline.co\/wp-content\/uploads\/2021\/03\/pestanina_optimized.jpg?fit=600%2C600&ssl=1","contentUrl":"https:\/\/i0.wp.com\/ovaonline.co\/wp-content\/uploads\/2021\/03\/pestanina_optimized.jpg?fit=600%2C600&ssl=1","width":600,"height":600},{"@type":"BreadcrumbList","@id":"https:\/\/ovaonline.co\/index.php\/producto\/pestanina-4d-heavy-completo-original\/#breadcrumb","itemListElement":[{"@type":"ListItem","position":1,"name":"Portada","item":"https:\/\/ovaonline.co\/"},{"@type":"ListItem","position":2,"name":"Shop","item":"https:\/\/ovaonline.co\/index.php\/shop\/"},{"@type":"ListItem","position":3,"name":"Pesta\u00f1ina 4d heavy full"}]},{"@type":"WebSite","@id":"https:\/\/ovaonline.co\/#website","url":"https:\/\/ovaonline.co\/","name":"OVA Online","description":"Moda alternativa, cors\u00e9s y arneses premium. Tu estilo definitivo para destacar en raves, festivales y conciertos en Colombia.","publisher":{"@id":"https:\/\/ovaonline.co\/#organization"},"alternateName":"OVA Online Colombia","potentialAction":[{"@type":"SearchAction","target":{"@type":"EntryPoint","urlTemplate":"https:\/\/ovaonline.co\/?s={search_term_string}"},"query-input":{"@type":"PropertyValueSpecification","valueRequired":true,"valueName":"search_term_string"}}],"inLanguage":"es-CO"},{"@type":"Organization","@id":"https:\/\/ovaonline.co\/#organization","name":"Ova Online","alternateName":"OVA Online Colombia","url":"https:\/\/ovaonline.co\/","logo":{"@type":"ImageObject","inLanguage":"es-CO","@id":"https:\/\/ovaonline.co\/#\/schema\/logo\/image\/","url":"https:\/\/ovaonline.co\/wp-content\/uploads\/2026\/03\/logo-ova.png","contentUrl":"https:\/\/ovaonline.co\/wp-content\/uploads\/2026\/03\/logo-ova.png","width":225,"height":225,"caption":"Ova Online"},"image":{"@id":"https:\/\/ovaonline.co\/#\/schema\/logo\/image\/"},"sameAs":["https:\/\/www.facebook.com\/ovaonline2022\/","https:\/\/www.instagram.com\/ovaonlinecol\/"]}]}},"jetpack_sharing_enabled":true,"_links":{"self":[{"href":"https:\/\/ovaonline.co\/index.php\/wp-json\/wp\/v2\/product\/1017","targetHints":{"allow":["GET"]}}],"collection":[{"href":"https:\/\/ovaonline.co\/index.php\/wp-json\/wp\/v2\/product"}],"about":[{"href":"https:\/\/ovaonline.co\/index.php\/wp-json\/wp\/v2\/types\/product"}],"replies":[{"embeddable":true,"href":"https:\/\/ovaonline.co\/index.php\/wp-json\/wp\/v2\/comments?post=1017"}],"wp:featuredmedia":[{"embeddable":true,"href":"https:\/\/ovaonline.co\/index.php\/wp-json\/wp\/v2\/media\/1018"}],"wp:attachment":[{"href":"https:\/\/ovaonline.co\/index.php\/wp-json\/wp\/v2\/media?parent=1017"}],"wp:term":[{"taxonomy":"product_brand","embeddable":true,"href":"https:\/\/ovaonline.co\/index.php\/wp-json\/wp\/v2\/product_brand?post=1017"},{"taxonomy":"product_cat","embeddable":true,"href":"https:\/\/ovaonline.co\/index.php\/wp-json\/wp\/v2\/product_cat?post=1017"},{"taxonomy":"product_tag","embeddable":true,"href":"https:\/\/ovaonline.co\/index.php\/wp-json\/wp\/v2\/product_tag?post=1017"}],"curies":[{"name":"wp","href":"https:\/\/api.w.org\/{rel}","templated":true}]}}