{"id":1014,"date":"2021-03-09T20:39:41","date_gmt":"2021-03-09T20:39:41","guid":{"rendered":"http:\/\/zakra.ovaonlinecol.com\/?post_type=product&#038;p=1014"},"modified":"2021-03-11T20:51:36","modified_gmt":"2021-03-11T20:51:36","slug":"plancha-alisadora-remington-aceite-de-argan","status":"publish","type":"product","link":"https:\/\/ovaonline.co\/index.php\/producto\/plancha-alisadora-remington-aceite-de-argan\/","title":{"rendered":"Plancha alisadora Remington aceite de Arg\u00e1n"},"content":{"rendered":"<p><strong>Con esta Plancha alisadora Remington aceite de Arg\u00e1n\u00a0<\/strong>de color plateado y gris, que es tan pr\u00e1ctica como liviana, podr\u00e1s lucir la belleza de tu pelo en cualquier ocasi\u00f3n. Con un\u00a0agarre f\u00e1cil y c\u00f3modo, te permite maniobrar con plena libertad, en especial por su cable giratorio, gracias al cual tendr\u00e1s mayor dinamismo. Sus placas cuentan con un recubrimiento cer\u00e1mico especial, producto del aceite de Arg\u00e1n, estupendo para el cuidado de tu pelo, dej\u00e1ndolo suave y brillante con una sola pasada. Adem\u00e1s, por su conformaci\u00f3n, las placas reparten de forma homog\u00e9nea el calor, logrando el equilibrio que buscas en tu look.<\/p>\n<div class=\"long-description-container\">\n<div class=\"long-description\">\n<div class=\"long-description-text\">\n<div class=\"long-description-small-text\">\n<p>Plancha alisadora Remington aceite de Arg\u00e1n ESPECIFICACIONES:<\/p>\n<ul>\n<li>Un 86 % m\u00e1s brillante*<\/li>\n<li>Placas con revestimiento de cer\u00e1mica avanzada con aceite de arg\u00e1n marroqu\u00ed<\/li>\n<li>Visor digital de temperatura<\/li>\n<li>9 ajustes de temperatura (150-230 \u00b0C)<\/li>\n<li>Calentamiento r\u00e1pido en 15 segundos<\/li>\n<li>Placas flotantes para uniformizar la presi\u00f3n sobre el cabello<\/li>\n<li>Funci\u00f3n turbo<\/li>\n<li>Funci\u00f3n de bloqueo de temperatura<\/li>\n<li>Apagado autom\u00e1tico de seguridad despu\u00e9s de 60 minutos<\/li>\n<li>Dispositivo de cierre para guardar<\/li>\n<li>Bolsa resistente al calor<\/li>\n<li>Voltaje universal<\/li>\n<li>Cable giratorio<\/li>\n<\/ul>\n<p>Eclipsa a las dem\u00e1s planchas con la nueva plancha Remington shine therapy con placas de 1 \u201c. Con placas cer\u00e1micas con infusion de aceite de argan y compuestos org\u00e1nicos. conseguiras el brillo que siempre has deseado sin un residuo aceitoso. Cuando se calienta.<\/p>\n<p>la mezcla acondicionada de compuestos sale a la superficie y se transfiere al cabello para dar brillo y proteger el cabello de la tensi\u00f3n t\u00e9rmica innecesaria. Esta mezcla \u00fanica dura la vida \u00fatil de la plancha de cer\u00e1mica, dej\u00e1ndole un puro y hermoso brillo!<\/p>\n<p>Caracter\u00edsticas<br \/>\nPlancha Cer\u00e1mica<br \/>\nAlto calor 450\u00b0F<br \/>\nFunci\u00f3n Turbo boost para un ajuste r\u00e1pido<br \/>\nCord\u00f3n giratorio<br \/>\nCalentamiento r\u00e1pido en solo 30 segundos<br \/>\nApagado autom\u00e1tico si no se utiliza (60 minutos)<br \/>\nControl Digital<\/p>\n<h3>\u00bfQu\u00e9 es la Tecnolog\u00eda de aceite de arg\u00e1n marroqu\u00ed?<\/h3>\n<p>Moroccan Argan Oil es un remedio natural para la salud del cabello, se encuentra en las nueces de \u00e1rboles de arg\u00e1n marroqu\u00ed. Este aceite es conocido por nutrir el cabello de adentro hacia afuera y dar brillo al instante notable.<\/p>\n<h4>\u00bfC\u00f3mo trabaja la Plancha alisadora Remington aceite?<\/h4>\n<p>Placas de cer\u00e1mica de nueva generaci\u00f3n con propiedades porosas especiales han recibido una infusion con una mezcla exclusiva de acondicionadores y aceite de arg\u00e1n marroqu\u00ed 100% org\u00e1nico certificado.<\/p>\n<p>La mezcla llega a la superficie de la placa durante el calentamiento y se transfiere al cabello durante el peinado para a\u00f1adir brillo y proteger el cabello del estr\u00e9s t\u00e9rmico innecesario. Esta mezcla tiene una duraci\u00f3n de la vida del producto, y no deja ning\u00fan residuo aceitoso.<\/p>\n<p>Placas flotantes de cer\u00e1mica<br \/>\nProporciona contacto constante con el pelo para un deslizamiento m\u00e1s suave.<\/p>\n<figure style=\"width: 626px\" class=\"wp-caption alignleft\"><a href=\"https:\/\/www.facebook.com\/ovaonlinecol\"><img data-recalc-dims=\"1\" fetchpriority=\"high\" decoding=\"async\" class=\"size-medium\" src=\"https:\/\/i0.wp.com\/image.freepik.com\/foto-gratis\/conexion-red-facebook-logo-social_121-76534.jpg?resize=626%2C351&#038;ssl=1\" width=\"626\" height=\"351\" \/><\/a><figcaption class=\"wp-caption-text\">Facebook<\/figcaption><\/figure>\n<\/div>\n<\/div>\n<\/div>\n<\/div>\n","protected":false},"excerpt":{"rendered":"<div class=\"characteristics-container\">\n<div class=\"bullets-product\">\n<ul id=\"nav\">\n<li><strong>GARANT\u00cdA DE 2 A\u00d1OS POR DEFECTOS DE F\u00c1BRICA<\/strong><\/li>\n<li>Alisa<\/li>\n<li>Micro acondicionadores<\/li>\n<\/ul>\n<\/div>\n<\/div>\n<div class=\"woocommerce-product-details__short-description\">\n<p><strong>Plancha alisadora Remington aceite de Arg\u00e1n<\/strong>\u00a0S8500 consiente tu pelo con un poco de terapia si deseas un cabello reluciente con un 86 % m\u00e1s de brillo elige la plancha shine therapy. Las placas con revestimiento de cer\u00e1mica avanzada contienen aceite de arg\u00e1n marroqu\u00ed y vitamina e que al calentarse liberan a tu pelo<\/p>\n<\/div>\n","protected":false},"featured_media":1015,"comment_status":"open","ping_status":"closed","template":"","meta":{"zakra_page_container_layout":"customizer","zakra_page_sidebar_layout":"customizer","zakra_remove_content_margin":false,"zakra_sidebar":"customizer","zakra_transparent_header":"customizer","zakra_logo":0,"zakra_main_header_style":"default","zakra_menu_item_color":"","zakra_menu_item_hover_color":"","zakra_menu_item_active_color":"","zakra_menu_active_style":"","zakra_page_header":true,"_joinchat":[]},"product_brand":[],"product_cat":[22,40,38],"product_tag":[],"class_list":{"0":"post-1014","1":"product","2":"type-product","3":"status-publish","4":"has-post-thumbnail","6":"product_cat-belleza","7":"product_cat-cuidado-del-cabello","8":"product_cat-planchas-para-el-cabello","10":"first","11":"instock","12":"taxable","13":"shipping-taxable","14":"purchasable","15":"product-type-simple"},"yoast_head":"<!-- This site is optimized with the Yoast SEO plugin v27.2 - https:\/\/yoast.com\/product\/yoast-seo-wordpress\/ -->\n<title>Plancha alisadora Remington aceite de Arg\u00e1n |<\/title>\n<meta name=\"description\" content=\"Plancha alisadora Remington aceite de Arg\u00e1n S8500 consiente tu pelo con un poco de terapia si deseas un cabello reluciente con un 86 % m\u00e1s\" \/>\n<meta name=\"robots\" content=\"index, follow, max-snippet:-1, max-image-preview:large, max-video-preview:-1\" \/>\n<link rel=\"canonical\" href=\"https:\/\/ovaonline.co\/index.php\/producto\/plancha-alisadora-remington-aceite-de-argan\/\" \/>\n<meta property=\"og:locale\" content=\"es_ES\" \/>\n<meta property=\"og:type\" content=\"article\" \/>\n<meta property=\"og:title\" content=\"Plancha alisadora Remington aceite de Arg\u00e1n |\" \/>\n<meta property=\"og:description\" content=\"Plancha alisadora Remington aceite de Arg\u00e1n S8500 consiente tu pelo con un poco de terapia si deseas un cabello reluciente con un 86 % m\u00e1s\" \/>\n<meta property=\"og:url\" content=\"https:\/\/ovaonline.co\/index.php\/producto\/plancha-alisadora-remington-aceite-de-argan\/\" \/>\n<meta property=\"article:publisher\" content=\"https:\/\/www.facebook.com\/ovaonline2022\/\" \/>\n<meta property=\"article:modified_time\" content=\"2021-03-11T20:51:36+00:00\" \/>\n<meta property=\"og:image\" content=\"https:\/\/i0.wp.com\/ovaonline.co\/wp-content\/uploads\/2021\/03\/argan-opti_optimized.jpg?fit=600%2C600&ssl=1\" \/>\n\t<meta property=\"og:image:width\" content=\"600\" \/>\n\t<meta property=\"og:image:height\" content=\"600\" \/>\n\t<meta property=\"og:image:type\" content=\"image\/jpeg\" \/>\n<meta name=\"twitter:card\" content=\"summary_large_image\" \/>\n<meta name=\"twitter:label1\" content=\"Tiempo de lectura\" \/>\n\t<meta name=\"twitter:data1\" content=\"3 minutos\" \/>\n<script type=\"application\/ld+json\" class=\"yoast-schema-graph\">{\"@context\":\"https:\/\/schema.org\",\"@graph\":[{\"@type\":\"WebPage\",\"@id\":\"https:\/\/ovaonline.co\/index.php\/producto\/plancha-alisadora-remington-aceite-de-argan\/\",\"url\":\"https:\/\/ovaonline.co\/index.php\/producto\/plancha-alisadora-remington-aceite-de-argan\/\",\"name\":\"Plancha alisadora Remington aceite de Arg\u00e1n |\",\"isPartOf\":{\"@id\":\"https:\/\/ovaonline.co\/#website\"},\"primaryImageOfPage\":{\"@id\":\"https:\/\/ovaonline.co\/index.php\/producto\/plancha-alisadora-remington-aceite-de-argan\/#primaryimage\"},\"image\":{\"@id\":\"https:\/\/ovaonline.co\/index.php\/producto\/plancha-alisadora-remington-aceite-de-argan\/#primaryimage\"},\"thumbnailUrl\":\"https:\/\/i0.wp.com\/ovaonline.co\/wp-content\/uploads\/2021\/03\/argan-opti_optimized.jpg?fit=600%2C600&ssl=1\",\"datePublished\":\"2021-03-09T20:39:41+00:00\",\"dateModified\":\"2021-03-11T20:51:36+00:00\",\"description\":\"Plancha alisadora Remington aceite de Arg\u00e1n S8500 consiente tu pelo con un poco de terapia si deseas un cabello reluciente con un 86 % m\u00e1s\",\"breadcrumb\":{\"@id\":\"https:\/\/ovaonline.co\/index.php\/producto\/plancha-alisadora-remington-aceite-de-argan\/#breadcrumb\"},\"inLanguage\":\"es-CO\",\"potentialAction\":[{\"@type\":\"ReadAction\",\"target\":[\"https:\/\/ovaonline.co\/index.php\/producto\/plancha-alisadora-remington-aceite-de-argan\/\"]}]},{\"@type\":\"ImageObject\",\"inLanguage\":\"es-CO\",\"@id\":\"https:\/\/ovaonline.co\/index.php\/producto\/plancha-alisadora-remington-aceite-de-argan\/#primaryimage\",\"url\":\"https:\/\/i0.wp.com\/ovaonline.co\/wp-content\/uploads\/2021\/03\/argan-opti_optimized.jpg?fit=600%2C600&ssl=1\",\"contentUrl\":\"https:\/\/i0.wp.com\/ovaonline.co\/wp-content\/uploads\/2021\/03\/argan-opti_optimized.jpg?fit=600%2C600&ssl=1\",\"width\":600,\"height\":600},{\"@type\":\"BreadcrumbList\",\"@id\":\"https:\/\/ovaonline.co\/index.php\/producto\/plancha-alisadora-remington-aceite-de-argan\/#breadcrumb\",\"itemListElement\":[{\"@type\":\"ListItem\",\"position\":1,\"name\":\"Portada\",\"item\":\"https:\/\/ovaonline.co\/\"},{\"@type\":\"ListItem\",\"position\":2,\"name\":\"Shop\",\"item\":\"https:\/\/ovaonline.co\/index.php\/shop\/\"},{\"@type\":\"ListItem\",\"position\":3,\"name\":\"Plancha alisadora Remington aceite de Arg\u00e1n\"}]},{\"@type\":\"WebSite\",\"@id\":\"https:\/\/ovaonline.co\/#website\",\"url\":\"https:\/\/ovaonline.co\/\",\"name\":\"OVA Online\",\"description\":\"Moda alternativa, cors\u00e9s y arneses premium. Tu estilo definitivo para destacar en raves, festivales y conciertos en Colombia.\",\"publisher\":{\"@id\":\"https:\/\/ovaonline.co\/#organization\"},\"alternateName\":\"OVA Online Colombia\",\"potentialAction\":[{\"@type\":\"SearchAction\",\"target\":{\"@type\":\"EntryPoint\",\"urlTemplate\":\"https:\/\/ovaonline.co\/?s={search_term_string}\"},\"query-input\":{\"@type\":\"PropertyValueSpecification\",\"valueRequired\":true,\"valueName\":\"search_term_string\"}}],\"inLanguage\":\"es-CO\"},{\"@type\":\"Organization\",\"@id\":\"https:\/\/ovaonline.co\/#organization\",\"name\":\"Ova Online\",\"alternateName\":\"OVA Online Colombia\",\"url\":\"https:\/\/ovaonline.co\/\",\"logo\":{\"@type\":\"ImageObject\",\"inLanguage\":\"es-CO\",\"@id\":\"https:\/\/ovaonline.co\/#\/schema\/logo\/image\/\",\"url\":\"https:\/\/ovaonline.co\/wp-content\/uploads\/2026\/03\/logo-ova.png\",\"contentUrl\":\"https:\/\/ovaonline.co\/wp-content\/uploads\/2026\/03\/logo-ova.png\",\"width\":225,\"height\":225,\"caption\":\"Ova Online\"},\"image\":{\"@id\":\"https:\/\/ovaonline.co\/#\/schema\/logo\/image\/\"},\"sameAs\":[\"https:\/\/www.facebook.com\/ovaonline2022\/\",\"https:\/\/www.instagram.com\/ovaonlinecol\/\"]}]}<\/script>\n<!-- \/ Yoast SEO plugin. -->","yoast_head_json":{"title":"Plancha alisadora Remington aceite de Arg\u00e1n |","description":"Plancha alisadora Remington aceite de Arg\u00e1n S8500 consiente tu pelo con un poco de terapia si deseas un cabello reluciente con un 86 % m\u00e1s","robots":{"index":"index","follow":"follow","max-snippet":"max-snippet:-1","max-image-preview":"max-image-preview:large","max-video-preview":"max-video-preview:-1"},"canonical":"https:\/\/ovaonline.co\/index.php\/producto\/plancha-alisadora-remington-aceite-de-argan\/","og_locale":"es_ES","og_type":"article","og_title":"Plancha alisadora Remington aceite de Arg\u00e1n |","og_description":"Plancha alisadora Remington aceite de Arg\u00e1n S8500 consiente tu pelo con un poco de terapia si deseas un cabello reluciente con un 86 % m\u00e1s","og_url":"https:\/\/ovaonline.co\/index.php\/producto\/plancha-alisadora-remington-aceite-de-argan\/","article_publisher":"https:\/\/www.facebook.com\/ovaonline2022\/","article_modified_time":"2021-03-11T20:51:36+00:00","og_image":[{"width":600,"height":600,"url":"https:\/\/i0.wp.com\/ovaonline.co\/wp-content\/uploads\/2021\/03\/argan-opti_optimized.jpg?fit=600%2C600&ssl=1","type":"image\/jpeg"}],"twitter_card":"summary_large_image","twitter_misc":{"Tiempo de lectura":"3 minutos"},"schema":{"@context":"https:\/\/schema.org","@graph":[{"@type":"WebPage","@id":"https:\/\/ovaonline.co\/index.php\/producto\/plancha-alisadora-remington-aceite-de-argan\/","url":"https:\/\/ovaonline.co\/index.php\/producto\/plancha-alisadora-remington-aceite-de-argan\/","name":"Plancha alisadora Remington aceite de Arg\u00e1n |","isPartOf":{"@id":"https:\/\/ovaonline.co\/#website"},"primaryImageOfPage":{"@id":"https:\/\/ovaonline.co\/index.php\/producto\/plancha-alisadora-remington-aceite-de-argan\/#primaryimage"},"image":{"@id":"https:\/\/ovaonline.co\/index.php\/producto\/plancha-alisadora-remington-aceite-de-argan\/#primaryimage"},"thumbnailUrl":"https:\/\/i0.wp.com\/ovaonline.co\/wp-content\/uploads\/2021\/03\/argan-opti_optimized.jpg?fit=600%2C600&ssl=1","datePublished":"2021-03-09T20:39:41+00:00","dateModified":"2021-03-11T20:51:36+00:00","description":"Plancha alisadora Remington aceite de Arg\u00e1n S8500 consiente tu pelo con un poco de terapia si deseas un cabello reluciente con un 86 % m\u00e1s","breadcrumb":{"@id":"https:\/\/ovaonline.co\/index.php\/producto\/plancha-alisadora-remington-aceite-de-argan\/#breadcrumb"},"inLanguage":"es-CO","potentialAction":[{"@type":"ReadAction","target":["https:\/\/ovaonline.co\/index.php\/producto\/plancha-alisadora-remington-aceite-de-argan\/"]}]},{"@type":"ImageObject","inLanguage":"es-CO","@id":"https:\/\/ovaonline.co\/index.php\/producto\/plancha-alisadora-remington-aceite-de-argan\/#primaryimage","url":"https:\/\/i0.wp.com\/ovaonline.co\/wp-content\/uploads\/2021\/03\/argan-opti_optimized.jpg?fit=600%2C600&ssl=1","contentUrl":"https:\/\/i0.wp.com\/ovaonline.co\/wp-content\/uploads\/2021\/03\/argan-opti_optimized.jpg?fit=600%2C600&ssl=1","width":600,"height":600},{"@type":"BreadcrumbList","@id":"https:\/\/ovaonline.co\/index.php\/producto\/plancha-alisadora-remington-aceite-de-argan\/#breadcrumb","itemListElement":[{"@type":"ListItem","position":1,"name":"Portada","item":"https:\/\/ovaonline.co\/"},{"@type":"ListItem","position":2,"name":"Shop","item":"https:\/\/ovaonline.co\/index.php\/shop\/"},{"@type":"ListItem","position":3,"name":"Plancha alisadora Remington aceite de Arg\u00e1n"}]},{"@type":"WebSite","@id":"https:\/\/ovaonline.co\/#website","url":"https:\/\/ovaonline.co\/","name":"OVA Online","description":"Moda alternativa, cors\u00e9s y arneses premium. Tu estilo definitivo para destacar en raves, festivales y conciertos en Colombia.","publisher":{"@id":"https:\/\/ovaonline.co\/#organization"},"alternateName":"OVA Online Colombia","potentialAction":[{"@type":"SearchAction","target":{"@type":"EntryPoint","urlTemplate":"https:\/\/ovaonline.co\/?s={search_term_string}"},"query-input":{"@type":"PropertyValueSpecification","valueRequired":true,"valueName":"search_term_string"}}],"inLanguage":"es-CO"},{"@type":"Organization","@id":"https:\/\/ovaonline.co\/#organization","name":"Ova Online","alternateName":"OVA Online Colombia","url":"https:\/\/ovaonline.co\/","logo":{"@type":"ImageObject","inLanguage":"es-CO","@id":"https:\/\/ovaonline.co\/#\/schema\/logo\/image\/","url":"https:\/\/ovaonline.co\/wp-content\/uploads\/2026\/03\/logo-ova.png","contentUrl":"https:\/\/ovaonline.co\/wp-content\/uploads\/2026\/03\/logo-ova.png","width":225,"height":225,"caption":"Ova Online"},"image":{"@id":"https:\/\/ovaonline.co\/#\/schema\/logo\/image\/"},"sameAs":["https:\/\/www.facebook.com\/ovaonline2022\/","https:\/\/www.instagram.com\/ovaonlinecol\/"]}]}},"jetpack_sharing_enabled":true,"_links":{"self":[{"href":"https:\/\/ovaonline.co\/index.php\/wp-json\/wp\/v2\/product\/1014","targetHints":{"allow":["GET"]}}],"collection":[{"href":"https:\/\/ovaonline.co\/index.php\/wp-json\/wp\/v2\/product"}],"about":[{"href":"https:\/\/ovaonline.co\/index.php\/wp-json\/wp\/v2\/types\/product"}],"replies":[{"embeddable":true,"href":"https:\/\/ovaonline.co\/index.php\/wp-json\/wp\/v2\/comments?post=1014"}],"wp:featuredmedia":[{"embeddable":true,"href":"https:\/\/ovaonline.co\/index.php\/wp-json\/wp\/v2\/media\/1015"}],"wp:attachment":[{"href":"https:\/\/ovaonline.co\/index.php\/wp-json\/wp\/v2\/media?parent=1014"}],"wp:term":[{"taxonomy":"product_brand","embeddable":true,"href":"https:\/\/ovaonline.co\/index.php\/wp-json\/wp\/v2\/product_brand?post=1014"},{"taxonomy":"product_cat","embeddable":true,"href":"https:\/\/ovaonline.co\/index.php\/wp-json\/wp\/v2\/product_cat?post=1014"},{"taxonomy":"product_tag","embeddable":true,"href":"https:\/\/ovaonline.co\/index.php\/wp-json\/wp\/v2\/product_tag?post=1014"}],"curies":[{"name":"wp","href":"https:\/\/api.w.org\/{rel}","templated":true}]}}