{"id":1010,"date":"2021-03-09T20:34:51","date_gmt":"2021-03-09T20:34:51","guid":{"rendered":"http:\/\/zakra.ovaonlinecol.com\/?post_type=product&#038;p=1010"},"modified":"2021-03-11T20:35:49","modified_gmt":"2021-03-11T20:35:49","slug":"plancha-alisadora-remington-con-sales-de-mar","status":"publish","type":"product","link":"https:\/\/ovaonline.co\/index.php\/producto\/plancha-alisadora-remington-con-sales-de-mar\/","title":{"rendered":"Plancha alisadora  con sales de mar"},"content":{"rendered":"<h4>Plancha alisadora con sales de mar Remington<\/h4>\n<p>plancha alisadora con sales de mar\u00a0 Wet2Straight de Remington es el accesorio imprescindible para el estilizado del cabello. Te ayudar\u00e1 a abreviar tu rutina matutina, de manera que ahorrar\u00e1s tiempo y esfuerzo.<\/p>\n<div class=\"long-description-container\">\n<div class=\"long-description\">\n<div class=\"long-description-text\">\n<p>Dise\u00f1ada espec\u00edficamente para utilizarse tras secar el cabello \u00fanicamente con una toalla, te permite suprimir el secado con secador en favor de este innovador producto que seca y alisa al mismo tiempo, proporcion\u00e1ndote un cabello super liso un 86% m\u00e1s r\u00e1pido que tu rutina actual.<\/p>\n<p>Simplemente alisa el pelo h\u00famedo como lo har\u00edas normalmente y deja que la Plancha alisadora Remington con sales de mar \u00a0haga el resto al aplicar las placas calientes al cabello y deslizarlas desde la ra\u00edz hasta las puntas por secciones<\/p>\n<p>el exceso de agua se evapora a trav\u00e9s de unos orificios de ventilaci\u00f3n dise\u00f1ados espec\u00edficamente, dejando el cabello seco y liso.<\/p>\n<h4>Las placas flotantes extra largas de 110 mm<\/h4>\n<p>aplican la presi\u00f3n uniformemente sobre el cabello para lograr unos resultados profesionales con total facilidad.<\/p>\n<p>Adem\u00e1s, tarda muy poco en calentarse, algo muy \u00fatil cuando dispones de poco tiempo. La plancha alisadora de sales marinas Wet2Straight de Remington es la \u00fanica herramienta que necesitas para conseguir un alisado impecable y duradero, sin tener que invertir tiempo en ello. 86% m\u00e1s r\u00e1pido 85% de aspecto m\u00e1s saludable 85% m\u00e1s duraci\u00f3n del peinado<\/p>\n<div class=\"long-description-small-text\">Las consumidoras estuvieron de acuerdo, en comparaci\u00f3n con su plancha y secador actuales.<br \/>\nbasado en las respuestas obtenidas en prueba a ciegas con un panel de 60 consumidores comparando contra su secador y alisador actual.<br \/>\nvs alisadora est\u00e1ndar de Remington<\/div>\n<\/div>\n<\/div>\n<div class=\"long-description-listing\">\n<div class=\"long-description-listing-text\">\n<p>Medida de las placas: 2,54cm \/ 1\u2033<\/p>\n<p>Ajustes de Temperatura (+\/-) con Temperatura m\u00e1xima: 230\u00b0C (450\u00b0F)<\/p>\n<p>Bot\u00f3n de Encendido y Apagado<\/p>\n<p>Pantalla Digital<\/p>\n<p>Placas flotantes Recubiertas de cer\u00e1mica y iones infundida con sales de mar<\/p>\n<p>Bloqueo de placas<\/p>\n<p>Apagado Autom\u00e1tico<\/p>\n<\/div>\n<\/div>\n<\/div>\n","protected":false},"excerpt":{"rendered":"<div class=\"characteristics-container\">\n<div class=\"bullets-product\">\n<ul id=\"nav\">\n<li><strong>GARANT\u00cdA DE 2 A\u00d1OS POR DEFECTOS DE F\u00c1BRICA<\/strong><\/li>\n<li>Seca y Alisa<\/li>\n<li>Habitaciones de mar<\/li>\n<li>Protecci\u00f3n contra la humedad<\/li>\n<\/ul>\n<\/div>\n<\/div>\n<div class=\"woocommerce-product-details__short-description\">\n<p>Seca y peina en un solo paso con la\u00a0<b>plancha de cabello Wet2Straight\u2122<\/b>\u00a0de Remington, dise\u00f1ada para utilizarse tras secar el cabello \u00fanicamente con una toalla, de modo que ya no es necesario utilizar el secador.<\/p>\n<\/div>\n","protected":false},"featured_media":1011,"comment_status":"open","ping_status":"closed","template":"","meta":{"zakra_page_container_layout":"customizer","zakra_page_sidebar_layout":"customizer","zakra_remove_content_margin":false,"zakra_sidebar":"customizer","zakra_transparent_header":"customizer","zakra_logo":0,"zakra_main_header_style":"default","zakra_menu_item_color":"","zakra_menu_item_hover_color":"","zakra_menu_item_active_color":"","zakra_menu_active_style":"","zakra_page_header":true,"_joinchat":[]},"product_brand":[],"product_cat":[22,40,38],"product_tag":[],"class_list":{"0":"post-1010","1":"product","2":"type-product","3":"status-publish","4":"has-post-thumbnail","6":"product_cat-belleza","7":"product_cat-cuidado-del-cabello","8":"product_cat-planchas-para-el-cabello","10":"first","11":"instock","12":"taxable","13":"shipping-taxable","14":"purchasable","15":"product-type-simple"},"yoast_head":"<!-- This site is optimized with the Yoast SEO plugin v27.2 - https:\/\/yoast.com\/product\/yoast-seo-wordpress\/ -->\n<title>Plancha alisadora con sales de mar | Env\u00edo Gratis<\/title>\n<meta name=\"description\" content=\"plancha alisadora con sales de mar antifrizz seco y mojado placa anchaAhorra tiempo arregl\u00e1ndote el cabello con la funcionalidad\" \/>\n<meta name=\"robots\" content=\"index, follow, max-snippet:-1, max-image-preview:large, max-video-preview:-1\" \/>\n<link rel=\"canonical\" href=\"https:\/\/ovaonline.co\/index.php\/producto\/plancha-alisadora-remington-con-sales-de-mar\/\" \/>\n<meta property=\"og:locale\" content=\"es_ES\" \/>\n<meta property=\"og:type\" content=\"article\" \/>\n<meta property=\"og:title\" content=\"Plancha alisadora con sales de mar | Env\u00edo Gratis\" \/>\n<meta property=\"og:description\" content=\"plancha alisadora con sales de mar antifrizz seco y mojado placa anchaAhorra tiempo arregl\u00e1ndote el cabello con la funcionalidad\" \/>\n<meta property=\"og:url\" content=\"https:\/\/ovaonline.co\/index.php\/producto\/plancha-alisadora-remington-con-sales-de-mar\/\" \/>\n<meta property=\"article:publisher\" content=\"https:\/\/www.facebook.com\/ovaonline2022\/\" \/>\n<meta property=\"article:modified_time\" content=\"2021-03-11T20:35:49+00:00\" \/>\n<meta property=\"og:image\" content=\"https:\/\/i0.wp.com\/ovaonline.co\/wp-content\/uploads\/2021\/03\/sal-poti_optimized.jpg?fit=600%2C600&ssl=1\" \/>\n\t<meta property=\"og:image:width\" content=\"600\" \/>\n\t<meta property=\"og:image:height\" content=\"600\" \/>\n\t<meta property=\"og:image:type\" content=\"image\/jpeg\" \/>\n<meta name=\"twitter:card\" content=\"summary_large_image\" \/>\n<meta name=\"twitter:label1\" content=\"Tiempo de lectura\" \/>\n\t<meta name=\"twitter:data1\" content=\"2 minutos\" \/>\n<script type=\"application\/ld+json\" class=\"yoast-schema-graph\">{\"@context\":\"https:\/\/schema.org\",\"@graph\":[{\"@type\":\"WebPage\",\"@id\":\"https:\/\/ovaonline.co\/index.php\/producto\/plancha-alisadora-remington-con-sales-de-mar\/\",\"url\":\"https:\/\/ovaonline.co\/index.php\/producto\/plancha-alisadora-remington-con-sales-de-mar\/\",\"name\":\"Plancha alisadora con sales de mar | Env\u00edo Gratis\",\"isPartOf\":{\"@id\":\"https:\/\/ovaonline.co\/#website\"},\"primaryImageOfPage\":{\"@id\":\"https:\/\/ovaonline.co\/index.php\/producto\/plancha-alisadora-remington-con-sales-de-mar\/#primaryimage\"},\"image\":{\"@id\":\"https:\/\/ovaonline.co\/index.php\/producto\/plancha-alisadora-remington-con-sales-de-mar\/#primaryimage\"},\"thumbnailUrl\":\"https:\/\/i0.wp.com\/ovaonline.co\/wp-content\/uploads\/2021\/03\/sal-poti_optimized.jpg?fit=600%2C600&ssl=1\",\"datePublished\":\"2021-03-09T20:34:51+00:00\",\"dateModified\":\"2021-03-11T20:35:49+00:00\",\"description\":\"plancha alisadora con sales de mar antifrizz seco y mojado placa anchaAhorra tiempo arregl\u00e1ndote el cabello con la funcionalidad\",\"breadcrumb\":{\"@id\":\"https:\/\/ovaonline.co\/index.php\/producto\/plancha-alisadora-remington-con-sales-de-mar\/#breadcrumb\"},\"inLanguage\":\"es-CO\",\"potentialAction\":[{\"@type\":\"ReadAction\",\"target\":[\"https:\/\/ovaonline.co\/index.php\/producto\/plancha-alisadora-remington-con-sales-de-mar\/\"]}]},{\"@type\":\"ImageObject\",\"inLanguage\":\"es-CO\",\"@id\":\"https:\/\/ovaonline.co\/index.php\/producto\/plancha-alisadora-remington-con-sales-de-mar\/#primaryimage\",\"url\":\"https:\/\/i0.wp.com\/ovaonline.co\/wp-content\/uploads\/2021\/03\/sal-poti_optimized.jpg?fit=600%2C600&ssl=1\",\"contentUrl\":\"https:\/\/i0.wp.com\/ovaonline.co\/wp-content\/uploads\/2021\/03\/sal-poti_optimized.jpg?fit=600%2C600&ssl=1\",\"width\":600,\"height\":600},{\"@type\":\"BreadcrumbList\",\"@id\":\"https:\/\/ovaonline.co\/index.php\/producto\/plancha-alisadora-remington-con-sales-de-mar\/#breadcrumb\",\"itemListElement\":[{\"@type\":\"ListItem\",\"position\":1,\"name\":\"Portada\",\"item\":\"https:\/\/ovaonline.co\/\"},{\"@type\":\"ListItem\",\"position\":2,\"name\":\"Shop\",\"item\":\"https:\/\/ovaonline.co\/index.php\/shop\/\"},{\"@type\":\"ListItem\",\"position\":3,\"name\":\"Plancha alisadora con sales de mar\"}]},{\"@type\":\"WebSite\",\"@id\":\"https:\/\/ovaonline.co\/#website\",\"url\":\"https:\/\/ovaonline.co\/\",\"name\":\"OVA Online\",\"description\":\"Moda alternativa, cors\u00e9s y arneses premium. Tu estilo definitivo para destacar en raves, festivales y conciertos en Colombia.\",\"publisher\":{\"@id\":\"https:\/\/ovaonline.co\/#organization\"},\"alternateName\":\"OVA Online Colombia\",\"potentialAction\":[{\"@type\":\"SearchAction\",\"target\":{\"@type\":\"EntryPoint\",\"urlTemplate\":\"https:\/\/ovaonline.co\/?s={search_term_string}\"},\"query-input\":{\"@type\":\"PropertyValueSpecification\",\"valueRequired\":true,\"valueName\":\"search_term_string\"}}],\"inLanguage\":\"es-CO\"},{\"@type\":\"Organization\",\"@id\":\"https:\/\/ovaonline.co\/#organization\",\"name\":\"Ova Online\",\"alternateName\":\"OVA Online Colombia\",\"url\":\"https:\/\/ovaonline.co\/\",\"logo\":{\"@type\":\"ImageObject\",\"inLanguage\":\"es-CO\",\"@id\":\"https:\/\/ovaonline.co\/#\/schema\/logo\/image\/\",\"url\":\"https:\/\/ovaonline.co\/wp-content\/uploads\/2026\/03\/logo-ova.png\",\"contentUrl\":\"https:\/\/ovaonline.co\/wp-content\/uploads\/2026\/03\/logo-ova.png\",\"width\":225,\"height\":225,\"caption\":\"Ova Online\"},\"image\":{\"@id\":\"https:\/\/ovaonline.co\/#\/schema\/logo\/image\/\"},\"sameAs\":[\"https:\/\/www.facebook.com\/ovaonline2022\/\",\"https:\/\/www.instagram.com\/ovaonlinecol\/\"]}]}<\/script>\n<!-- \/ Yoast SEO plugin. -->","yoast_head_json":{"title":"Plancha alisadora con sales de mar | Env\u00edo Gratis","description":"plancha alisadora con sales de mar antifrizz seco y mojado placa anchaAhorra tiempo arregl\u00e1ndote el cabello con la funcionalidad","robots":{"index":"index","follow":"follow","max-snippet":"max-snippet:-1","max-image-preview":"max-image-preview:large","max-video-preview":"max-video-preview:-1"},"canonical":"https:\/\/ovaonline.co\/index.php\/producto\/plancha-alisadora-remington-con-sales-de-mar\/","og_locale":"es_ES","og_type":"article","og_title":"Plancha alisadora con sales de mar | Env\u00edo Gratis","og_description":"plancha alisadora con sales de mar antifrizz seco y mojado placa anchaAhorra tiempo arregl\u00e1ndote el cabello con la funcionalidad","og_url":"https:\/\/ovaonline.co\/index.php\/producto\/plancha-alisadora-remington-con-sales-de-mar\/","article_publisher":"https:\/\/www.facebook.com\/ovaonline2022\/","article_modified_time":"2021-03-11T20:35:49+00:00","og_image":[{"width":600,"height":600,"url":"https:\/\/i0.wp.com\/ovaonline.co\/wp-content\/uploads\/2021\/03\/sal-poti_optimized.jpg?fit=600%2C600&ssl=1","type":"image\/jpeg"}],"twitter_card":"summary_large_image","twitter_misc":{"Tiempo de lectura":"2 minutos"},"schema":{"@context":"https:\/\/schema.org","@graph":[{"@type":"WebPage","@id":"https:\/\/ovaonline.co\/index.php\/producto\/plancha-alisadora-remington-con-sales-de-mar\/","url":"https:\/\/ovaonline.co\/index.php\/producto\/plancha-alisadora-remington-con-sales-de-mar\/","name":"Plancha alisadora con sales de mar | Env\u00edo Gratis","isPartOf":{"@id":"https:\/\/ovaonline.co\/#website"},"primaryImageOfPage":{"@id":"https:\/\/ovaonline.co\/index.php\/producto\/plancha-alisadora-remington-con-sales-de-mar\/#primaryimage"},"image":{"@id":"https:\/\/ovaonline.co\/index.php\/producto\/plancha-alisadora-remington-con-sales-de-mar\/#primaryimage"},"thumbnailUrl":"https:\/\/i0.wp.com\/ovaonline.co\/wp-content\/uploads\/2021\/03\/sal-poti_optimized.jpg?fit=600%2C600&ssl=1","datePublished":"2021-03-09T20:34:51+00:00","dateModified":"2021-03-11T20:35:49+00:00","description":"plancha alisadora con sales de mar antifrizz seco y mojado placa anchaAhorra tiempo arregl\u00e1ndote el cabello con la funcionalidad","breadcrumb":{"@id":"https:\/\/ovaonline.co\/index.php\/producto\/plancha-alisadora-remington-con-sales-de-mar\/#breadcrumb"},"inLanguage":"es-CO","potentialAction":[{"@type":"ReadAction","target":["https:\/\/ovaonline.co\/index.php\/producto\/plancha-alisadora-remington-con-sales-de-mar\/"]}]},{"@type":"ImageObject","inLanguage":"es-CO","@id":"https:\/\/ovaonline.co\/index.php\/producto\/plancha-alisadora-remington-con-sales-de-mar\/#primaryimage","url":"https:\/\/i0.wp.com\/ovaonline.co\/wp-content\/uploads\/2021\/03\/sal-poti_optimized.jpg?fit=600%2C600&ssl=1","contentUrl":"https:\/\/i0.wp.com\/ovaonline.co\/wp-content\/uploads\/2021\/03\/sal-poti_optimized.jpg?fit=600%2C600&ssl=1","width":600,"height":600},{"@type":"BreadcrumbList","@id":"https:\/\/ovaonline.co\/index.php\/producto\/plancha-alisadora-remington-con-sales-de-mar\/#breadcrumb","itemListElement":[{"@type":"ListItem","position":1,"name":"Portada","item":"https:\/\/ovaonline.co\/"},{"@type":"ListItem","position":2,"name":"Shop","item":"https:\/\/ovaonline.co\/index.php\/shop\/"},{"@type":"ListItem","position":3,"name":"Plancha alisadora con sales de mar"}]},{"@type":"WebSite","@id":"https:\/\/ovaonline.co\/#website","url":"https:\/\/ovaonline.co\/","name":"OVA Online","description":"Moda alternativa, cors\u00e9s y arneses premium. Tu estilo definitivo para destacar en raves, festivales y conciertos en Colombia.","publisher":{"@id":"https:\/\/ovaonline.co\/#organization"},"alternateName":"OVA Online Colombia","potentialAction":[{"@type":"SearchAction","target":{"@type":"EntryPoint","urlTemplate":"https:\/\/ovaonline.co\/?s={search_term_string}"},"query-input":{"@type":"PropertyValueSpecification","valueRequired":true,"valueName":"search_term_string"}}],"inLanguage":"es-CO"},{"@type":"Organization","@id":"https:\/\/ovaonline.co\/#organization","name":"Ova Online","alternateName":"OVA Online Colombia","url":"https:\/\/ovaonline.co\/","logo":{"@type":"ImageObject","inLanguage":"es-CO","@id":"https:\/\/ovaonline.co\/#\/schema\/logo\/image\/","url":"https:\/\/ovaonline.co\/wp-content\/uploads\/2026\/03\/logo-ova.png","contentUrl":"https:\/\/ovaonline.co\/wp-content\/uploads\/2026\/03\/logo-ova.png","width":225,"height":225,"caption":"Ova Online"},"image":{"@id":"https:\/\/ovaonline.co\/#\/schema\/logo\/image\/"},"sameAs":["https:\/\/www.facebook.com\/ovaonline2022\/","https:\/\/www.instagram.com\/ovaonlinecol\/"]}]}},"jetpack_sharing_enabled":true,"_links":{"self":[{"href":"https:\/\/ovaonline.co\/index.php\/wp-json\/wp\/v2\/product\/1010","targetHints":{"allow":["GET"]}}],"collection":[{"href":"https:\/\/ovaonline.co\/index.php\/wp-json\/wp\/v2\/product"}],"about":[{"href":"https:\/\/ovaonline.co\/index.php\/wp-json\/wp\/v2\/types\/product"}],"replies":[{"embeddable":true,"href":"https:\/\/ovaonline.co\/index.php\/wp-json\/wp\/v2\/comments?post=1010"}],"wp:featuredmedia":[{"embeddable":true,"href":"https:\/\/ovaonline.co\/index.php\/wp-json\/wp\/v2\/media\/1011"}],"wp:attachment":[{"href":"https:\/\/ovaonline.co\/index.php\/wp-json\/wp\/v2\/media?parent=1010"}],"wp:term":[{"taxonomy":"product_brand","embeddable":true,"href":"https:\/\/ovaonline.co\/index.php\/wp-json\/wp\/v2\/product_brand?post=1010"},{"taxonomy":"product_cat","embeddable":true,"href":"https:\/\/ovaonline.co\/index.php\/wp-json\/wp\/v2\/product_cat?post=1010"},{"taxonomy":"product_tag","embeddable":true,"href":"https:\/\/ovaonline.co\/index.php\/wp-json\/wp\/v2\/product_tag?post=1010"}],"curies":[{"name":"wp","href":"https:\/\/api.w.org\/{rel}","templated":true}]}}