{"id":1006,"date":"2021-03-09T20:26:14","date_gmt":"2021-03-09T20:26:14","guid":{"rendered":"http:\/\/zakra.ovaonlinecol.com\/?post_type=product&#038;p=1006"},"modified":"2021-03-11T20:03:14","modified_gmt":"2021-03-11T20:03:14","slug":"plancha-remington-keratina-y-aceite-de-argan","status":"publish","type":"product","link":"https:\/\/ovaonline.co\/index.php\/producto\/plancha-remington-keratina-y-aceite-de-argan\/","title":{"rendered":"Plancha Keratina Y Aceite De Arg\u00e1n"},"content":{"rendered":"<div class=\"long-description-container\">\n<div class=\"long-description\">\n<div class=\"long-description-text\">\n<h4>Plancha Remington Keratina Y Aceite De Arg\u00e1n<\/h4>\n<p>Plancha Remington Keratina Y Aceite De Arg\u00e1n No hay nada tan sofisticado como un cabello superbrillante, liso y sedoso. Pero alisar el cabello con frecuencia suele tener efectos perjudiciales. Si te alisas el cabello habitualmente a una temperatura muy alta, los resultados pueden ser un cabello seco y quebradizo, con las indeseadas puntas abiertas.<\/p>\n<p>Adopta tu propio estilo personal sin arriesgar la salud de tu cabello con la\u00a0<b>plancha para cabello<\/b>\u00a0de Keratina, que te ayuda a mantener tu peinado durante m\u00e1s tiempo, con un acabado brillante y de aspecto sano.<\/p>\n<p>Con sus infusiones de Keratina y aceite de arg\u00e1n incorporados en la cer\u00e1mica avanzada de esta plancha, los microacondicionadores se transfieren a tu cabello mientras lo alisas y lo deja fuerte, con aspecto sano, reluciente y con elasticidad.<\/p>\n<p>La colecci\u00f3n Keratin Therapy de Remington es una selecci\u00f3n de productos innovadores que mantienen tu cabello sano durante el estilizado.<\/p>\n<\/div>\n<\/div>\n<\/div>\n<div>\n<div class=\"long-description-container\">\n<div class=\"long-description-listing\">\n<div class=\"long-description-listing-text\">\n<ul id=\"nav\">\n<li>Medida de las placas: 2,54cm \/ 1\u2033<\/li>\n<li>Ajustes de Temperatura (+\/-)<\/li>\n<li>Bot\u00f3n de Temperatura R\u00e1pida<\/li>\n<li>Temperatura m\u00e1xima: 230\u00b0C (450\u00b0F)<\/li>\n<li>Calentamiento en 30 segundos<\/li>\n<li>Bot\u00f3n de Encendido y Apagado<\/li>\n<li>Pantalla Digital<\/li>\n<li>Placas Recubiertas de Cer\u00e1mica infundida con aceite de Keratina y Arg\u00e1n<\/li>\n<li>Bloqueo de placas<\/li>\n<li>Apagado Autom\u00e1tico (60 minutos)<\/li>\n<li>Placas flotantes<\/li>\n<li>Cable Giratorio de 3 metros<\/li>\n<li>Para un cabello 88% m\u00e1s liso, 82% menos frizz y 94% mas sedoso*<\/li>\n<li>Garant\u00eda de 2 a\u00f1os<\/li>\n<li>Cobre<\/li>\n<\/ul>\n<figure style=\"width: 100px\" class=\"wp-caption alignleft\"><a href=\"https:\/\/www.facebook.com\/ovaonlinecol\"><img data-recalc-dims=\"1\" decoding=\"async\" class=\"\" src=\"https:\/\/i0.wp.com\/image.freepik.com\/foto-gratis\/conexion-red-facebook-logo-social_121-76534.jpg?resize=100%2C56&#038;ssl=1\" width=\"100\" height=\"56\" \/><\/a><figcaption class=\"wp-caption-text\">Facebook<\/figcaption><\/figure>\n<\/div>\n<\/div>\n<\/div>\n<\/div>\n","protected":false},"excerpt":{"rendered":"<p>\u00a1Es hora de que tu cabello se vea mejor que nunca! Con la <b>plancha de cabello Keratin Therapy<\/b>\u00a0de Remington, con infusi\u00f3n de aceite de arg\u00e1n marroqu\u00ed y elementos esenciales que deben estar presentes en el cuidado de tu cabello.<\/p>\n","protected":false},"featured_media":1007,"comment_status":"open","ping_status":"closed","template":"","meta":{"zakra_page_container_layout":"customizer","zakra_page_sidebar_layout":"customizer","zakra_remove_content_margin":false,"zakra_sidebar":"customizer","zakra_transparent_header":"customizer","zakra_logo":0,"zakra_main_header_style":"default","zakra_menu_item_color":"","zakra_menu_item_hover_color":"","zakra_menu_item_active_color":"","zakra_menu_active_style":"","zakra_page_header":true,"_joinchat":[]},"product_brand":[],"product_cat":[22,40,38],"product_tag":[],"class_list":{"0":"post-1006","1":"product","2":"type-product","3":"status-publish","4":"has-post-thumbnail","6":"product_cat-belleza","7":"product_cat-cuidado-del-cabello","8":"product_cat-planchas-para-el-cabello","10":"first","11":"instock","12":"taxable","13":"shipping-taxable","14":"purchasable","15":"product-type-simple"},"yoast_head":"<!-- This site is optimized with the Yoast SEO plugin v27.2 - https:\/\/yoast.com\/product\/yoast-seo-wordpress\/ -->\n<title>Plancha Keratina Y Aceite De Arg\u00e1n | Env\u00edo Gratis<\/title>\n<meta name=\"description\" content=\"\u00a1Es hora de que tu cabello se vea mejor que nunca!Con la\u00a0Plancha Remington Keratina Y Aceite De Arg\u00e1n, con infusi\u00f3n de aceite de arg\u00e1n\" \/>\n<meta name=\"robots\" content=\"index, follow, max-snippet:-1, max-image-preview:large, max-video-preview:-1\" \/>\n<link rel=\"canonical\" href=\"https:\/\/ovaonline.co\/index.php\/producto\/plancha-remington-keratina-y-aceite-de-argan\/\" \/>\n<meta property=\"og:locale\" content=\"es_ES\" \/>\n<meta property=\"og:type\" content=\"article\" \/>\n<meta property=\"og:title\" content=\"Plancha Keratina Y Aceite De Arg\u00e1n | Env\u00edo Gratis\" \/>\n<meta property=\"og:description\" content=\"\u00a1Es hora de que tu cabello se vea mejor que nunca!Con la\u00a0Plancha Remington Keratina Y Aceite De Arg\u00e1n, con infusi\u00f3n de aceite de arg\u00e1n\" \/>\n<meta property=\"og:url\" content=\"https:\/\/ovaonline.co\/index.php\/producto\/plancha-remington-keratina-y-aceite-de-argan\/\" \/>\n<meta property=\"article:publisher\" content=\"https:\/\/www.facebook.com\/ovaonline2022\/\" \/>\n<meta property=\"article:modified_time\" content=\"2021-03-11T20:03:14+00:00\" \/>\n<meta property=\"og:image\" content=\"https:\/\/i0.wp.com\/ovaonline.co\/wp-content\/uploads\/2021\/03\/keratina_optimized.jpg?fit=600%2C600&ssl=1\" \/>\n\t<meta property=\"og:image:width\" content=\"600\" \/>\n\t<meta property=\"og:image:height\" content=\"600\" \/>\n\t<meta property=\"og:image:type\" content=\"image\/jpeg\" \/>\n<meta name=\"twitter:card\" content=\"summary_large_image\" \/>\n<meta name=\"twitter:label1\" content=\"Tiempo de lectura\" \/>\n\t<meta name=\"twitter:data1\" content=\"2 minutos\" \/>\n<script type=\"application\/ld+json\" class=\"yoast-schema-graph\">{\"@context\":\"https:\/\/schema.org\",\"@graph\":[{\"@type\":\"WebPage\",\"@id\":\"https:\/\/ovaonline.co\/index.php\/producto\/plancha-remington-keratina-y-aceite-de-argan\/\",\"url\":\"https:\/\/ovaonline.co\/index.php\/producto\/plancha-remington-keratina-y-aceite-de-argan\/\",\"name\":\"Plancha Keratina Y Aceite De Arg\u00e1n | Env\u00edo Gratis\",\"isPartOf\":{\"@id\":\"https:\/\/ovaonline.co\/#website\"},\"primaryImageOfPage\":{\"@id\":\"https:\/\/ovaonline.co\/index.php\/producto\/plancha-remington-keratina-y-aceite-de-argan\/#primaryimage\"},\"image\":{\"@id\":\"https:\/\/ovaonline.co\/index.php\/producto\/plancha-remington-keratina-y-aceite-de-argan\/#primaryimage\"},\"thumbnailUrl\":\"https:\/\/i0.wp.com\/ovaonline.co\/wp-content\/uploads\/2021\/03\/keratina_optimized.jpg?fit=600%2C600&ssl=1\",\"datePublished\":\"2021-03-09T20:26:14+00:00\",\"dateModified\":\"2021-03-11T20:03:14+00:00\",\"description\":\"\u00a1Es hora de que tu cabello se vea mejor que nunca!Con la\u00a0Plancha Remington Keratina Y Aceite De Arg\u00e1n, con infusi\u00f3n de aceite de arg\u00e1n\",\"breadcrumb\":{\"@id\":\"https:\/\/ovaonline.co\/index.php\/producto\/plancha-remington-keratina-y-aceite-de-argan\/#breadcrumb\"},\"inLanguage\":\"es-CO\",\"potentialAction\":[{\"@type\":\"ReadAction\",\"target\":[\"https:\/\/ovaonline.co\/index.php\/producto\/plancha-remington-keratina-y-aceite-de-argan\/\"]}]},{\"@type\":\"ImageObject\",\"inLanguage\":\"es-CO\",\"@id\":\"https:\/\/ovaonline.co\/index.php\/producto\/plancha-remington-keratina-y-aceite-de-argan\/#primaryimage\",\"url\":\"https:\/\/i0.wp.com\/ovaonline.co\/wp-content\/uploads\/2021\/03\/keratina_optimized.jpg?fit=600%2C600&ssl=1\",\"contentUrl\":\"https:\/\/i0.wp.com\/ovaonline.co\/wp-content\/uploads\/2021\/03\/keratina_optimized.jpg?fit=600%2C600&ssl=1\",\"width\":600,\"height\":600},{\"@type\":\"BreadcrumbList\",\"@id\":\"https:\/\/ovaonline.co\/index.php\/producto\/plancha-remington-keratina-y-aceite-de-argan\/#breadcrumb\",\"itemListElement\":[{\"@type\":\"ListItem\",\"position\":1,\"name\":\"Portada\",\"item\":\"https:\/\/ovaonline.co\/\"},{\"@type\":\"ListItem\",\"position\":2,\"name\":\"Shop\",\"item\":\"https:\/\/ovaonline.co\/index.php\/shop\/\"},{\"@type\":\"ListItem\",\"position\":3,\"name\":\"Plancha Keratina Y Aceite De Arg\u00e1n\"}]},{\"@type\":\"WebSite\",\"@id\":\"https:\/\/ovaonline.co\/#website\",\"url\":\"https:\/\/ovaonline.co\/\",\"name\":\"OVA Online\",\"description\":\"Moda alternativa, cors\u00e9s y arneses premium. Tu estilo definitivo para destacar en raves, festivales y conciertos en Colombia.\",\"publisher\":{\"@id\":\"https:\/\/ovaonline.co\/#organization\"},\"alternateName\":\"OVA Online Colombia\",\"potentialAction\":[{\"@type\":\"SearchAction\",\"target\":{\"@type\":\"EntryPoint\",\"urlTemplate\":\"https:\/\/ovaonline.co\/?s={search_term_string}\"},\"query-input\":{\"@type\":\"PropertyValueSpecification\",\"valueRequired\":true,\"valueName\":\"search_term_string\"}}],\"inLanguage\":\"es-CO\"},{\"@type\":\"Organization\",\"@id\":\"https:\/\/ovaonline.co\/#organization\",\"name\":\"Ova Online\",\"alternateName\":\"OVA Online Colombia\",\"url\":\"https:\/\/ovaonline.co\/\",\"logo\":{\"@type\":\"ImageObject\",\"inLanguage\":\"es-CO\",\"@id\":\"https:\/\/ovaonline.co\/#\/schema\/logo\/image\/\",\"url\":\"https:\/\/ovaonline.co\/wp-content\/uploads\/2026\/03\/logo-ova.png\",\"contentUrl\":\"https:\/\/ovaonline.co\/wp-content\/uploads\/2026\/03\/logo-ova.png\",\"width\":225,\"height\":225,\"caption\":\"Ova Online\"},\"image\":{\"@id\":\"https:\/\/ovaonline.co\/#\/schema\/logo\/image\/\"},\"sameAs\":[\"https:\/\/www.facebook.com\/ovaonline2022\/\",\"https:\/\/www.instagram.com\/ovaonlinecol\/\"]}]}<\/script>\n<!-- \/ Yoast SEO plugin. -->","yoast_head_json":{"title":"Plancha Keratina Y Aceite De Arg\u00e1n | Env\u00edo Gratis","description":"\u00a1Es hora de que tu cabello se vea mejor que nunca!Con la\u00a0Plancha Remington Keratina Y Aceite De Arg\u00e1n, con infusi\u00f3n de aceite de arg\u00e1n","robots":{"index":"index","follow":"follow","max-snippet":"max-snippet:-1","max-image-preview":"max-image-preview:large","max-video-preview":"max-video-preview:-1"},"canonical":"https:\/\/ovaonline.co\/index.php\/producto\/plancha-remington-keratina-y-aceite-de-argan\/","og_locale":"es_ES","og_type":"article","og_title":"Plancha Keratina Y Aceite De Arg\u00e1n | Env\u00edo Gratis","og_description":"\u00a1Es hora de que tu cabello se vea mejor que nunca!Con la\u00a0Plancha Remington Keratina Y Aceite De Arg\u00e1n, con infusi\u00f3n de aceite de arg\u00e1n","og_url":"https:\/\/ovaonline.co\/index.php\/producto\/plancha-remington-keratina-y-aceite-de-argan\/","article_publisher":"https:\/\/www.facebook.com\/ovaonline2022\/","article_modified_time":"2021-03-11T20:03:14+00:00","og_image":[{"width":600,"height":600,"url":"https:\/\/i0.wp.com\/ovaonline.co\/wp-content\/uploads\/2021\/03\/keratina_optimized.jpg?fit=600%2C600&ssl=1","type":"image\/jpeg"}],"twitter_card":"summary_large_image","twitter_misc":{"Tiempo de lectura":"2 minutos"},"schema":{"@context":"https:\/\/schema.org","@graph":[{"@type":"WebPage","@id":"https:\/\/ovaonline.co\/index.php\/producto\/plancha-remington-keratina-y-aceite-de-argan\/","url":"https:\/\/ovaonline.co\/index.php\/producto\/plancha-remington-keratina-y-aceite-de-argan\/","name":"Plancha Keratina Y Aceite De Arg\u00e1n | Env\u00edo Gratis","isPartOf":{"@id":"https:\/\/ovaonline.co\/#website"},"primaryImageOfPage":{"@id":"https:\/\/ovaonline.co\/index.php\/producto\/plancha-remington-keratina-y-aceite-de-argan\/#primaryimage"},"image":{"@id":"https:\/\/ovaonline.co\/index.php\/producto\/plancha-remington-keratina-y-aceite-de-argan\/#primaryimage"},"thumbnailUrl":"https:\/\/i0.wp.com\/ovaonline.co\/wp-content\/uploads\/2021\/03\/keratina_optimized.jpg?fit=600%2C600&ssl=1","datePublished":"2021-03-09T20:26:14+00:00","dateModified":"2021-03-11T20:03:14+00:00","description":"\u00a1Es hora de que tu cabello se vea mejor que nunca!Con la\u00a0Plancha Remington Keratina Y Aceite De Arg\u00e1n, con infusi\u00f3n de aceite de arg\u00e1n","breadcrumb":{"@id":"https:\/\/ovaonline.co\/index.php\/producto\/plancha-remington-keratina-y-aceite-de-argan\/#breadcrumb"},"inLanguage":"es-CO","potentialAction":[{"@type":"ReadAction","target":["https:\/\/ovaonline.co\/index.php\/producto\/plancha-remington-keratina-y-aceite-de-argan\/"]}]},{"@type":"ImageObject","inLanguage":"es-CO","@id":"https:\/\/ovaonline.co\/index.php\/producto\/plancha-remington-keratina-y-aceite-de-argan\/#primaryimage","url":"https:\/\/i0.wp.com\/ovaonline.co\/wp-content\/uploads\/2021\/03\/keratina_optimized.jpg?fit=600%2C600&ssl=1","contentUrl":"https:\/\/i0.wp.com\/ovaonline.co\/wp-content\/uploads\/2021\/03\/keratina_optimized.jpg?fit=600%2C600&ssl=1","width":600,"height":600},{"@type":"BreadcrumbList","@id":"https:\/\/ovaonline.co\/index.php\/producto\/plancha-remington-keratina-y-aceite-de-argan\/#breadcrumb","itemListElement":[{"@type":"ListItem","position":1,"name":"Portada","item":"https:\/\/ovaonline.co\/"},{"@type":"ListItem","position":2,"name":"Shop","item":"https:\/\/ovaonline.co\/index.php\/shop\/"},{"@type":"ListItem","position":3,"name":"Plancha Keratina Y Aceite De Arg\u00e1n"}]},{"@type":"WebSite","@id":"https:\/\/ovaonline.co\/#website","url":"https:\/\/ovaonline.co\/","name":"OVA Online","description":"Moda alternativa, cors\u00e9s y arneses premium. Tu estilo definitivo para destacar en raves, festivales y conciertos en Colombia.","publisher":{"@id":"https:\/\/ovaonline.co\/#organization"},"alternateName":"OVA Online Colombia","potentialAction":[{"@type":"SearchAction","target":{"@type":"EntryPoint","urlTemplate":"https:\/\/ovaonline.co\/?s={search_term_string}"},"query-input":{"@type":"PropertyValueSpecification","valueRequired":true,"valueName":"search_term_string"}}],"inLanguage":"es-CO"},{"@type":"Organization","@id":"https:\/\/ovaonline.co\/#organization","name":"Ova Online","alternateName":"OVA Online Colombia","url":"https:\/\/ovaonline.co\/","logo":{"@type":"ImageObject","inLanguage":"es-CO","@id":"https:\/\/ovaonline.co\/#\/schema\/logo\/image\/","url":"https:\/\/ovaonline.co\/wp-content\/uploads\/2026\/03\/logo-ova.png","contentUrl":"https:\/\/ovaonline.co\/wp-content\/uploads\/2026\/03\/logo-ova.png","width":225,"height":225,"caption":"Ova Online"},"image":{"@id":"https:\/\/ovaonline.co\/#\/schema\/logo\/image\/"},"sameAs":["https:\/\/www.facebook.com\/ovaonline2022\/","https:\/\/www.instagram.com\/ovaonlinecol\/"]}]}},"jetpack_sharing_enabled":true,"_links":{"self":[{"href":"https:\/\/ovaonline.co\/index.php\/wp-json\/wp\/v2\/product\/1006","targetHints":{"allow":["GET"]}}],"collection":[{"href":"https:\/\/ovaonline.co\/index.php\/wp-json\/wp\/v2\/product"}],"about":[{"href":"https:\/\/ovaonline.co\/index.php\/wp-json\/wp\/v2\/types\/product"}],"replies":[{"embeddable":true,"href":"https:\/\/ovaonline.co\/index.php\/wp-json\/wp\/v2\/comments?post=1006"}],"wp:featuredmedia":[{"embeddable":true,"href":"https:\/\/ovaonline.co\/index.php\/wp-json\/wp\/v2\/media\/1007"}],"wp:attachment":[{"href":"https:\/\/ovaonline.co\/index.php\/wp-json\/wp\/v2\/media?parent=1006"}],"wp:term":[{"taxonomy":"product_brand","embeddable":true,"href":"https:\/\/ovaonline.co\/index.php\/wp-json\/wp\/v2\/product_brand?post=1006"},{"taxonomy":"product_cat","embeddable":true,"href":"https:\/\/ovaonline.co\/index.php\/wp-json\/wp\/v2\/product_cat?post=1006"},{"taxonomy":"product_tag","embeddable":true,"href":"https:\/\/ovaonline.co\/index.php\/wp-json\/wp\/v2\/product_tag?post=1006"}],"curies":[{"name":"wp","href":"https:\/\/api.w.org\/{rel}","templated":true}]}}