{"id":1001,"date":"2021-03-09T20:16:23","date_gmt":"2021-03-09T20:16:23","guid":{"rendered":"http:\/\/zakra.ovaonlinecol.com\/?post_type=product&#038;p=1001"},"modified":"2021-03-11T20:48:34","modified_gmt":"2021-03-11T20:48:34","slug":"plancha-viajera-vertical-a-vapor-tobi","status":"publish","type":"product","link":"https:\/\/ovaonline.co\/index.php\/producto\/plancha-viajera-vertical-a-vapor-tobi\/","title":{"rendered":"Plancha Vertical A Vapor Tobi"},"content":{"rendered":"<h3>Plancha Vertical A Vapor Tobi<\/h3>\n<p>La plancha vertical a vapor tobi elimina r\u00e1pidamente las arrugas dif\u00edciles y profundas con este vaporizador port\u00e1til Steam Brush, que cuenta con tecnolog\u00eda de calor dual para brindar vapor caliente en forma r\u00e1pida con sus 5 ajustes de calor para un uso eficiente.<\/p>\n<p>-Quita arrugas de todas las telas, 5 veces m\u00e1s r\u00e1pido.<\/p>\n<p>-El vapor seco le permite penetrar las telas m\u00e1s pesadas para obtener mejores resultados Plancha Vertical A Vapor Tobi con su sistema de calefacci\u00f3n dual con 1000 Watts de Potencia.<\/p>\n<p>-Elimina \u00e1caros, chinches y pulgas. Cable de poder de 2 metros<\/p>\n<h2 class=\"main-section__title item-description__title\"><\/h2>\n<div id=\"description-includes\" class=\"item-description__content \">\n<div class=\"item-description__text\">\n<p>Material: Carcasa en pl\u00e1stico.<br \/>\nTama\u00f1o Aprox.: 30 x 8 x 7.5 cm.<br \/>\nPeso producto: 498 g.<br \/>\n110V \/ 60Hz \/ 800W<br \/>\nLa luz indicadora de encendido se apaga cuando est\u00e1 lista para usar.<br \/>\nVaporizador multifunci\u00f3n de mano para eliminar arrugas y olores de las prendas.<br \/>\nF\u00e1cil de llenar con agua del grifo.<br \/>\nCable de alimentaci\u00f3n de 7.5 pies.<br \/>\nCapacidad de agua para una sola recarga: 100 ml<br \/>\nSeguro para tejidos delicados y diferentes tipos de telas.<br \/>\nVentana de pl\u00e1stico transparente para mostrar el nivel del agua.<br \/>\nCalienta r\u00e1pidamente para un uso r\u00e1pido.<br \/>\nVapores en menos de 3 minutos.<br \/>\nIdeal para retoques r\u00e1pidos cuando tienes prisa.<br \/>\nAhorra mucho en la limpieza en seco.<br \/>\nIdeal para desinfecta cortinas y camas.<br \/>\nPort\u00e1til e ideal para viajar.<br \/>\nNo m\u00e1s telas quemadas o da\u00f1adas con planchas pesadas y dif\u00edciles de manejar.<\/p>\n<figure style=\"width: 626px\" class=\"wp-caption alignleft\"><a href=\"https:\/\/www.facebook.com\/ovaonlinecol\"><img data-recalc-dims=\"1\" fetchpriority=\"high\" decoding=\"async\" class=\"size-medium\" src=\"https:\/\/i0.wp.com\/image.freepik.com\/foto-gratis\/conexion-red-facebook-logo-social_121-76534.jpg?resize=626%2C351&#038;ssl=1\" width=\"626\" height=\"351\" \/><\/a><figcaption class=\"wp-caption-text\">Facebook<\/figcaption><\/figure>\n<\/div>\n<\/div>\n","protected":false},"excerpt":{"rendered":"<p>Elimine las arrugas y el olor de las prendas de manera sencilla con esta maravillosa plancha a vapor, seguro para usar en diferentes tipos de materiales y telas. Vaporizador de mano que se calienta en segundos para un uso r\u00e1pido y conveniente. Ya no se queman ni da\u00f1an las telas con hierros pesados y dif\u00edciles de manejar.<\/p>\n","protected":false},"featured_media":1002,"comment_status":"open","ping_status":"closed","template":"","meta":{"zakra_page_container_layout":"customizer","zakra_page_sidebar_layout":"customizer","zakra_remove_content_margin":false,"zakra_sidebar":"customizer","zakra_transparent_header":"customizer","zakra_logo":0,"zakra_main_header_style":"default","zakra_menu_item_color":"","zakra_menu_item_hover_color":"","zakra_menu_item_active_color":"","zakra_menu_active_style":"","zakra_page_header":true,"_joinchat":[]},"product_brand":[],"product_cat":[24,25],"product_tag":[],"class_list":{"0":"post-1001","1":"product","2":"type-product","3":"status-publish","4":"has-post-thumbnail","6":"product_cat-gadgets","7":"product_cat-hogar","9":"first","10":"instock","11":"taxable","12":"shipping-taxable","13":"purchasable","14":"product-type-simple"},"yoast_head":"<!-- This site is optimized with the Yoast SEO plugin v27.2 - https:\/\/yoast.com\/product\/yoast-seo-wordpress\/ -->\n<title>Plancha Vertical A Vapor Tobi | Env\u00edo Gratis<\/title>\n<meta name=\"description\" content=\"Plancha Vertical A Vapor Tobi Elimine las arrugas y el olor de las prendas de manera sencilla con esta maravillosa plancha a vapor.\" \/>\n<meta name=\"robots\" content=\"index, follow, max-snippet:-1, max-image-preview:large, max-video-preview:-1\" \/>\n<link rel=\"canonical\" href=\"https:\/\/ovaonline.co\/index.php\/producto\/plancha-viajera-vertical-a-vapor-tobi\/\" \/>\n<meta property=\"og:locale\" content=\"es_ES\" \/>\n<meta property=\"og:type\" content=\"article\" \/>\n<meta property=\"og:title\" content=\"Plancha Vertical A Vapor Tobi | Env\u00edo Gratis\" \/>\n<meta property=\"og:description\" content=\"Plancha Vertical A Vapor Tobi Elimine las arrugas y el olor de las prendas de manera sencilla con esta maravillosa plancha a vapor.\" \/>\n<meta property=\"og:url\" content=\"https:\/\/ovaonline.co\/index.php\/producto\/plancha-viajera-vertical-a-vapor-tobi\/\" \/>\n<meta property=\"article:publisher\" content=\"https:\/\/www.facebook.com\/ovaonline2022\/\" \/>\n<meta property=\"article:modified_time\" content=\"2021-03-11T20:48:34+00:00\" \/>\n<meta property=\"og:image\" content=\"https:\/\/i0.wp.com\/ovaonline.co\/wp-content\/uploads\/2021\/03\/plataza_optimized.jpg?fit=600%2C600&ssl=1\" \/>\n\t<meta property=\"og:image:width\" content=\"600\" \/>\n\t<meta property=\"og:image:height\" content=\"600\" \/>\n\t<meta property=\"og:image:type\" content=\"image\/jpeg\" \/>\n<meta name=\"twitter:card\" content=\"summary_large_image\" \/>\n<meta name=\"twitter:label1\" content=\"Tiempo de lectura\" \/>\n\t<meta name=\"twitter:data1\" content=\"2 minutos\" \/>\n<script type=\"application\/ld+json\" class=\"yoast-schema-graph\">{\"@context\":\"https:\/\/schema.org\",\"@graph\":[{\"@type\":\"WebPage\",\"@id\":\"https:\/\/ovaonline.co\/index.php\/producto\/plancha-viajera-vertical-a-vapor-tobi\/\",\"url\":\"https:\/\/ovaonline.co\/index.php\/producto\/plancha-viajera-vertical-a-vapor-tobi\/\",\"name\":\"Plancha Vertical A Vapor Tobi | Env\u00edo Gratis\",\"isPartOf\":{\"@id\":\"https:\/\/ovaonline.co\/#website\"},\"primaryImageOfPage\":{\"@id\":\"https:\/\/ovaonline.co\/index.php\/producto\/plancha-viajera-vertical-a-vapor-tobi\/#primaryimage\"},\"image\":{\"@id\":\"https:\/\/ovaonline.co\/index.php\/producto\/plancha-viajera-vertical-a-vapor-tobi\/#primaryimage\"},\"thumbnailUrl\":\"https:\/\/i0.wp.com\/ovaonline.co\/wp-content\/uploads\/2021\/03\/plataza_optimized.jpg?fit=600%2C600&ssl=1\",\"datePublished\":\"2021-03-09T20:16:23+00:00\",\"dateModified\":\"2021-03-11T20:48:34+00:00\",\"description\":\"Plancha Vertical A Vapor Tobi Elimine las arrugas y el olor de las prendas de manera sencilla con esta maravillosa plancha a vapor.\",\"breadcrumb\":{\"@id\":\"https:\/\/ovaonline.co\/index.php\/producto\/plancha-viajera-vertical-a-vapor-tobi\/#breadcrumb\"},\"inLanguage\":\"es-CO\",\"potentialAction\":[{\"@type\":\"ReadAction\",\"target\":[\"https:\/\/ovaonline.co\/index.php\/producto\/plancha-viajera-vertical-a-vapor-tobi\/\"]}]},{\"@type\":\"ImageObject\",\"inLanguage\":\"es-CO\",\"@id\":\"https:\/\/ovaonline.co\/index.php\/producto\/plancha-viajera-vertical-a-vapor-tobi\/#primaryimage\",\"url\":\"https:\/\/i0.wp.com\/ovaonline.co\/wp-content\/uploads\/2021\/03\/plataza_optimized.jpg?fit=600%2C600&ssl=1\",\"contentUrl\":\"https:\/\/i0.wp.com\/ovaonline.co\/wp-content\/uploads\/2021\/03\/plataza_optimized.jpg?fit=600%2C600&ssl=1\",\"width\":600,\"height\":600},{\"@type\":\"BreadcrumbList\",\"@id\":\"https:\/\/ovaonline.co\/index.php\/producto\/plancha-viajera-vertical-a-vapor-tobi\/#breadcrumb\",\"itemListElement\":[{\"@type\":\"ListItem\",\"position\":1,\"name\":\"Portada\",\"item\":\"https:\/\/ovaonline.co\/\"},{\"@type\":\"ListItem\",\"position\":2,\"name\":\"Shop\",\"item\":\"https:\/\/ovaonline.co\/index.php\/shop\/\"},{\"@type\":\"ListItem\",\"position\":3,\"name\":\"Plancha Vertical A Vapor Tobi\"}]},{\"@type\":\"WebSite\",\"@id\":\"https:\/\/ovaonline.co\/#website\",\"url\":\"https:\/\/ovaonline.co\/\",\"name\":\"OVA Online\",\"description\":\"Moda alternativa, cors\u00e9s y arneses premium. Tu estilo definitivo para destacar en raves, festivales y conciertos en Colombia.\",\"publisher\":{\"@id\":\"https:\/\/ovaonline.co\/#organization\"},\"alternateName\":\"OVA Online Colombia\",\"potentialAction\":[{\"@type\":\"SearchAction\",\"target\":{\"@type\":\"EntryPoint\",\"urlTemplate\":\"https:\/\/ovaonline.co\/?s={search_term_string}\"},\"query-input\":{\"@type\":\"PropertyValueSpecification\",\"valueRequired\":true,\"valueName\":\"search_term_string\"}}],\"inLanguage\":\"es-CO\"},{\"@type\":\"Organization\",\"@id\":\"https:\/\/ovaonline.co\/#organization\",\"name\":\"Ova Online\",\"alternateName\":\"OVA Online Colombia\",\"url\":\"https:\/\/ovaonline.co\/\",\"logo\":{\"@type\":\"ImageObject\",\"inLanguage\":\"es-CO\",\"@id\":\"https:\/\/ovaonline.co\/#\/schema\/logo\/image\/\",\"url\":\"https:\/\/ovaonline.co\/wp-content\/uploads\/2026\/03\/logo-ova.png\",\"contentUrl\":\"https:\/\/ovaonline.co\/wp-content\/uploads\/2026\/03\/logo-ova.png\",\"width\":225,\"height\":225,\"caption\":\"Ova Online\"},\"image\":{\"@id\":\"https:\/\/ovaonline.co\/#\/schema\/logo\/image\/\"},\"sameAs\":[\"https:\/\/www.facebook.com\/ovaonline2022\/\",\"https:\/\/www.instagram.com\/ovaonlinecol\/\"]}]}<\/script>\n<!-- \/ Yoast SEO plugin. -->","yoast_head_json":{"title":"Plancha Vertical A Vapor Tobi | Env\u00edo Gratis","description":"Plancha Vertical A Vapor Tobi Elimine las arrugas y el olor de las prendas de manera sencilla con esta maravillosa plancha a vapor.","robots":{"index":"index","follow":"follow","max-snippet":"max-snippet:-1","max-image-preview":"max-image-preview:large","max-video-preview":"max-video-preview:-1"},"canonical":"https:\/\/ovaonline.co\/index.php\/producto\/plancha-viajera-vertical-a-vapor-tobi\/","og_locale":"es_ES","og_type":"article","og_title":"Plancha Vertical A Vapor Tobi | Env\u00edo Gratis","og_description":"Plancha Vertical A Vapor Tobi Elimine las arrugas y el olor de las prendas de manera sencilla con esta maravillosa plancha a vapor.","og_url":"https:\/\/ovaonline.co\/index.php\/producto\/plancha-viajera-vertical-a-vapor-tobi\/","article_publisher":"https:\/\/www.facebook.com\/ovaonline2022\/","article_modified_time":"2021-03-11T20:48:34+00:00","og_image":[{"width":600,"height":600,"url":"https:\/\/i0.wp.com\/ovaonline.co\/wp-content\/uploads\/2021\/03\/plataza_optimized.jpg?fit=600%2C600&ssl=1","type":"image\/jpeg"}],"twitter_card":"summary_large_image","twitter_misc":{"Tiempo de lectura":"2 minutos"},"schema":{"@context":"https:\/\/schema.org","@graph":[{"@type":"WebPage","@id":"https:\/\/ovaonline.co\/index.php\/producto\/plancha-viajera-vertical-a-vapor-tobi\/","url":"https:\/\/ovaonline.co\/index.php\/producto\/plancha-viajera-vertical-a-vapor-tobi\/","name":"Plancha Vertical A Vapor Tobi | Env\u00edo Gratis","isPartOf":{"@id":"https:\/\/ovaonline.co\/#website"},"primaryImageOfPage":{"@id":"https:\/\/ovaonline.co\/index.php\/producto\/plancha-viajera-vertical-a-vapor-tobi\/#primaryimage"},"image":{"@id":"https:\/\/ovaonline.co\/index.php\/producto\/plancha-viajera-vertical-a-vapor-tobi\/#primaryimage"},"thumbnailUrl":"https:\/\/i0.wp.com\/ovaonline.co\/wp-content\/uploads\/2021\/03\/plataza_optimized.jpg?fit=600%2C600&ssl=1","datePublished":"2021-03-09T20:16:23+00:00","dateModified":"2021-03-11T20:48:34+00:00","description":"Plancha Vertical A Vapor Tobi Elimine las arrugas y el olor de las prendas de manera sencilla con esta maravillosa plancha a vapor.","breadcrumb":{"@id":"https:\/\/ovaonline.co\/index.php\/producto\/plancha-viajera-vertical-a-vapor-tobi\/#breadcrumb"},"inLanguage":"es-CO","potentialAction":[{"@type":"ReadAction","target":["https:\/\/ovaonline.co\/index.php\/producto\/plancha-viajera-vertical-a-vapor-tobi\/"]}]},{"@type":"ImageObject","inLanguage":"es-CO","@id":"https:\/\/ovaonline.co\/index.php\/producto\/plancha-viajera-vertical-a-vapor-tobi\/#primaryimage","url":"https:\/\/i0.wp.com\/ovaonline.co\/wp-content\/uploads\/2021\/03\/plataza_optimized.jpg?fit=600%2C600&ssl=1","contentUrl":"https:\/\/i0.wp.com\/ovaonline.co\/wp-content\/uploads\/2021\/03\/plataza_optimized.jpg?fit=600%2C600&ssl=1","width":600,"height":600},{"@type":"BreadcrumbList","@id":"https:\/\/ovaonline.co\/index.php\/producto\/plancha-viajera-vertical-a-vapor-tobi\/#breadcrumb","itemListElement":[{"@type":"ListItem","position":1,"name":"Portada","item":"https:\/\/ovaonline.co\/"},{"@type":"ListItem","position":2,"name":"Shop","item":"https:\/\/ovaonline.co\/index.php\/shop\/"},{"@type":"ListItem","position":3,"name":"Plancha Vertical A Vapor Tobi"}]},{"@type":"WebSite","@id":"https:\/\/ovaonline.co\/#website","url":"https:\/\/ovaonline.co\/","name":"OVA Online","description":"Moda alternativa, cors\u00e9s y arneses premium. Tu estilo definitivo para destacar en raves, festivales y conciertos en Colombia.","publisher":{"@id":"https:\/\/ovaonline.co\/#organization"},"alternateName":"OVA Online Colombia","potentialAction":[{"@type":"SearchAction","target":{"@type":"EntryPoint","urlTemplate":"https:\/\/ovaonline.co\/?s={search_term_string}"},"query-input":{"@type":"PropertyValueSpecification","valueRequired":true,"valueName":"search_term_string"}}],"inLanguage":"es-CO"},{"@type":"Organization","@id":"https:\/\/ovaonline.co\/#organization","name":"Ova Online","alternateName":"OVA Online Colombia","url":"https:\/\/ovaonline.co\/","logo":{"@type":"ImageObject","inLanguage":"es-CO","@id":"https:\/\/ovaonline.co\/#\/schema\/logo\/image\/","url":"https:\/\/ovaonline.co\/wp-content\/uploads\/2026\/03\/logo-ova.png","contentUrl":"https:\/\/ovaonline.co\/wp-content\/uploads\/2026\/03\/logo-ova.png","width":225,"height":225,"caption":"Ova Online"},"image":{"@id":"https:\/\/ovaonline.co\/#\/schema\/logo\/image\/"},"sameAs":["https:\/\/www.facebook.com\/ovaonline2022\/","https:\/\/www.instagram.com\/ovaonlinecol\/"]}]}},"jetpack_sharing_enabled":true,"_links":{"self":[{"href":"https:\/\/ovaonline.co\/index.php\/wp-json\/wp\/v2\/product\/1001","targetHints":{"allow":["GET"]}}],"collection":[{"href":"https:\/\/ovaonline.co\/index.php\/wp-json\/wp\/v2\/product"}],"about":[{"href":"https:\/\/ovaonline.co\/index.php\/wp-json\/wp\/v2\/types\/product"}],"replies":[{"embeddable":true,"href":"https:\/\/ovaonline.co\/index.php\/wp-json\/wp\/v2\/comments?post=1001"}],"wp:featuredmedia":[{"embeddable":true,"href":"https:\/\/ovaonline.co\/index.php\/wp-json\/wp\/v2\/media\/1002"}],"wp:attachment":[{"href":"https:\/\/ovaonline.co\/index.php\/wp-json\/wp\/v2\/media?parent=1001"}],"wp:term":[{"taxonomy":"product_brand","embeddable":true,"href":"https:\/\/ovaonline.co\/index.php\/wp-json\/wp\/v2\/product_brand?post=1001"},{"taxonomy":"product_cat","embeddable":true,"href":"https:\/\/ovaonline.co\/index.php\/wp-json\/wp\/v2\/product_cat?post=1001"},{"taxonomy":"product_tag","embeddable":true,"href":"https:\/\/ovaonline.co\/index.php\/wp-json\/wp\/v2\/product_tag?post=1001"}],"curies":[{"name":"wp","href":"https:\/\/api.w.org\/{rel}","templated":true}]}}