{"id":801,"date":"2019-06-17T08:42:30","date_gmt":"2019-06-17T08:42:30","guid":{"rendered":"http:\/\/poor-salmon.w5.wpsandbox.pro\/?page_id=10"},"modified":"2021-03-09T16:15:41","modified_gmt":"2021-03-09T16:15:41","slug":"contact","status":"publish","type":"page","link":"https:\/\/ovaonline.co\/index.php\/contact\/","title":{"rendered":"Contact"},"content":{"rendered":"\t\t<div data-elementor-type=\"wp-post\" data-elementor-id=\"801\" class=\"elementor elementor-801\">\n\t\t\t\t\t\t<section class=\"elementor-section elementor-top-section elementor-element elementor-element-fdd7f47 elementor-section-full_width elementor-section-height-default elementor-section-height-default\" data-id=\"fdd7f47\" data-element_type=\"section\" data-e-type=\"section\">\n\t\t\t\t\t\t<div class=\"elementor-container elementor-column-gap-default\">\n\t\t\t\t\t<div class=\"elementor-column elementor-col-100 elementor-top-column elementor-element elementor-element-75d5ff2\" data-id=\"75d5ff2\" data-element_type=\"column\" data-e-type=\"column\">\n\t\t\t<div class=\"elementor-widget-wrap elementor-element-populated\">\n\t\t\t\t\t\t<div class=\"elementor-element elementor-element-6f38a1c elementor-widget elementor-widget-spacer\" data-id=\"6f38a1c\" data-element_type=\"widget\" data-e-type=\"widget\" data-widget_type=\"spacer.default\">\n\t\t\t\t<div class=\"elementor-widget-container\">\n\t\t\t\t\t\t\t<div class=\"elementor-spacer\">\n\t\t\t<div class=\"elementor-spacer-inner\"><\/div>\n\t\t<\/div>\n\t\t\t\t\t\t<\/div>\n\t\t\t\t<\/div>\n\t\t\t\t<section class=\"elementor-section elementor-inner-section elementor-element elementor-element-cc5c8fa elementor-section-boxed elementor-section-height-default elementor-section-height-default\" data-id=\"cc5c8fa\" data-element_type=\"section\" data-e-type=\"section\">\n\t\t\t\t\t\t<div class=\"elementor-container elementor-column-gap-default\">\n\t\t\t\t\t<div class=\"elementor-column elementor-col-100 elementor-inner-column elementor-element elementor-element-1d144ed\" data-id=\"1d144ed\" data-element_type=\"column\" data-e-type=\"column\">\n\t\t\t<div class=\"elementor-widget-wrap elementor-element-populated\">\n\t\t\t\t\t\t<div class=\"elementor-element elementor-element-666e3d8 elementor-widget elementor-widget-heading\" data-id=\"666e3d8\" data-element_type=\"widget\" data-e-type=\"widget\" data-widget_type=\"heading.default\">\n\t\t\t\t<div class=\"elementor-widget-container\">\n\t\t\t\t\t<h2 class=\"elementor-heading-title elementor-size-default\">cont\u00e1C<span>tenos<\/span><\/h2>\t\t\t\t<\/div>\n\t\t\t\t<\/div>\n\t\t\t\t\t<\/div>\n\t\t<\/div>\n\t\t\t\t\t<\/div>\n\t\t<\/section>\n\t\t\t\t<div class=\"elementor-element elementor-element-09b5519 elementor-widget-divider--view-line elementor-widget elementor-widget-divider\" data-id=\"09b5519\" data-element_type=\"widget\" data-e-type=\"widget\" data-widget_type=\"divider.default\">\n\t\t\t\t<div class=\"elementor-widget-container\">\n\t\t\t\t\t\t\t<div class=\"elementor-divider\">\n\t\t\t<span class=\"elementor-divider-separator\">\n\t\t\t\t\t\t<\/span>\n\t\t<\/div>\n\t\t\t\t\t\t<\/div>\n\t\t\t\t<\/div>\n\t\t\t\t<div class=\"elementor-element elementor-element-495beef elementor-widget elementor-widget-spacer\" data-id=\"495beef\" data-element_type=\"widget\" data-e-type=\"widget\" data-widget_type=\"spacer.default\">\n\t\t\t\t<div class=\"elementor-widget-container\">\n\t\t\t\t\t\t\t<div class=\"elementor-spacer\">\n\t\t\t<div class=\"elementor-spacer-inner\"><\/div>\n\t\t<\/div>\n\t\t\t\t\t\t<\/div>\n\t\t\t\t<\/div>\n\t\t\t\t\t<\/div>\n\t\t<\/div>\n\t\t\t\t\t<\/div>\n\t\t<\/section>\n\t\t\t\t<section class=\"elementor-section elementor-top-section elementor-element elementor-element-0792b6d elementor-section-boxed elementor-section-height-default elementor-section-height-default\" data-id=\"0792b6d\" data-element_type=\"section\" data-e-type=\"section\">\n\t\t\t\t\t\t<div class=\"elementor-container elementor-column-gap-default\">\n\t\t\t\t\t<div class=\"elementor-column elementor-col-50 elementor-top-column elementor-element elementor-element-7c3eacc\" data-id=\"7c3eacc\" data-element_type=\"column\" data-e-type=\"column\">\n\t\t\t<div class=\"elementor-widget-wrap elementor-element-populated\">\n\t\t\t\t\t\t<section class=\"elementor-section elementor-inner-section elementor-element elementor-element-56abacc elementor-section-boxed elementor-section-height-default elementor-section-height-default\" data-id=\"56abacc\" data-element_type=\"section\" data-e-type=\"section\">\n\t\t\t\t\t\t<div class=\"elementor-container elementor-column-gap-default\">\n\t\t\t\t\t<div class=\"elementor-column elementor-col-50 elementor-inner-column elementor-element elementor-element-c79a739\" data-id=\"c79a739\" data-element_type=\"column\" data-e-type=\"column\">\n\t\t\t<div class=\"elementor-widget-wrap elementor-element-populated\">\n\t\t\t\t\t\t<div class=\"elementor-element elementor-element-5a494b5 elementor-view-default elementor-position-block-start elementor-mobile-position-block-start elementor-widget elementor-widget-icon-box\" data-id=\"5a494b5\" data-element_type=\"widget\" data-e-type=\"widget\" data-widget_type=\"icon-box.default\">\n\t\t\t\t<div class=\"elementor-widget-container\">\n\t\t\t\t\t\t\t<div class=\"elementor-icon-box-wrapper\">\n\n\t\t\t\t\t\t<div class=\"elementor-icon-box-icon\">\n\t\t\t\t<span  class=\"elementor-icon\">\n\t\t\t\t<i aria-hidden=\"true\" class=\"fas fa-map-marker-alt\"><\/i>\t\t\t\t<\/span>\n\t\t\t<\/div>\n\t\t\t\n\t\t\t\t\t\t<div class=\"elementor-icon-box-content\">\n\n\t\t\t\t\n\t\t\t\t\t\t\t\t\t<p class=\"elementor-icon-box-description\">\n\t\t\t\t\t\t+57-316-461-5944<br>\nMedell\u00edn, Antioquia<br>\nCl. 50 #46-36\t\t\t\t\t<\/p>\n\t\t\t\t\n\t\t\t<\/div>\n\t\t\t\n\t\t<\/div>\n\t\t\t\t\t\t<\/div>\n\t\t\t\t<\/div>\n\t\t\t\t\t<\/div>\n\t\t<\/div>\n\t\t\t\t<div class=\"elementor-column elementor-col-50 elementor-inner-column elementor-element elementor-element-ede072f\" data-id=\"ede072f\" data-element_type=\"column\" data-e-type=\"column\">\n\t\t\t<div class=\"elementor-widget-wrap elementor-element-populated\">\n\t\t\t\t\t\t<div class=\"elementor-element elementor-element-9b2a5be elementor-view-default elementor-position-block-start elementor-mobile-position-block-start elementor-widget elementor-widget-icon-box\" data-id=\"9b2a5be\" data-element_type=\"widget\" data-e-type=\"widget\" data-widget_type=\"icon-box.default\">\n\t\t\t\t<div class=\"elementor-widget-container\">\n\t\t\t\t\t\t\t<div class=\"elementor-icon-box-wrapper\">\n\n\t\t\t\t\t\t<div class=\"elementor-icon-box-icon\">\n\t\t\t\t<span  class=\"elementor-icon\">\n\t\t\t\t<i aria-hidden=\"true\" class=\"fas fa-envelope\"><\/i>\t\t\t\t<\/span>\n\t\t\t<\/div>\n\t\t\t\n\t\t\t\t\t\t<div class=\"elementor-icon-box-content\">\n\n\t\t\t\t\n\t\t\t\t\t\t\t\t\t<p class=\"elementor-icon-box-description\">\n\t\t\t\t\t\tovaonline@gmail.com\n\t\t\t\t\t<\/p>\n\t\t\t\t\n\t\t\t<\/div>\n\t\t\t\n\t\t<\/div>\n\t\t\t\t\t\t<\/div>\n\t\t\t\t<\/div>\n\t\t\t\t\t<\/div>\n\t\t<\/div>\n\t\t\t\t\t<\/div>\n\t\t<\/section>\n\t\t\t\t<section class=\"elementor-section elementor-inner-section elementor-element elementor-element-fec2018 elementor-section-boxed elementor-section-height-default elementor-section-height-default\" data-id=\"fec2018\" data-element_type=\"section\" data-e-type=\"section\">\n\t\t\t\t\t\t<div class=\"elementor-container elementor-column-gap-default\">\n\t\t\t\t\t<div class=\"elementor-column elementor-col-50 elementor-inner-column elementor-element elementor-element-6448f49\" data-id=\"6448f49\" data-element_type=\"column\" data-e-type=\"column\">\n\t\t\t<div class=\"elementor-widget-wrap elementor-element-populated\">\n\t\t\t\t\t\t<div class=\"elementor-element elementor-element-432657b elementor-view-default elementor-position-block-start elementor-mobile-position-block-start elementor-widget elementor-widget-icon-box\" data-id=\"432657b\" data-element_type=\"widget\" data-e-type=\"widget\" data-widget_type=\"icon-box.default\">\n\t\t\t\t<div class=\"elementor-widget-container\">\n\t\t\t\t\t\t\t<div class=\"elementor-icon-box-wrapper\">\n\n\t\t\t\t\t\t<div class=\"elementor-icon-box-icon\">\n\t\t\t\t<span  class=\"elementor-icon\">\n\t\t\t\t<i aria-hidden=\"true\" class=\"fas fa-phone\"><\/i>\t\t\t\t<\/span>\n\t\t\t<\/div>\n\t\t\t\n\t\t\t\t\t\t<div class=\"elementor-icon-box-content\">\n\n\t\t\t\t\n\t\t\t\t\t\t\t\t\t<p class=\"elementor-icon-box-description\">\n\t\t\t\t\t\t+57 316-461-5944\t\t\t\t\t<\/p>\n\t\t\t\t\n\t\t\t<\/div>\n\t\t\t\n\t\t<\/div>\n\t\t\t\t\t\t<\/div>\n\t\t\t\t<\/div>\n\t\t\t\t\t<\/div>\n\t\t<\/div>\n\t\t\t\t<div class=\"elementor-column elementor-col-50 elementor-inner-column elementor-element elementor-element-9e22af7\" data-id=\"9e22af7\" data-element_type=\"column\" data-e-type=\"column\">\n\t\t\t<div class=\"elementor-widget-wrap elementor-element-populated\">\n\t\t\t\t\t\t<div class=\"elementor-element elementor-element-9fd7ea8 elementor-view-default elementor-position-block-start elementor-mobile-position-block-start elementor-widget elementor-widget-icon-box\" data-id=\"9fd7ea8\" data-element_type=\"widget\" data-e-type=\"widget\" data-widget_type=\"icon-box.default\">\n\t\t\t\t<div class=\"elementor-widget-container\">\n\t\t\t\t\t\t\t<div class=\"elementor-icon-box-wrapper\">\n\n\t\t\t\t\t\t<div class=\"elementor-icon-box-icon\">\n\t\t\t\t<span  class=\"elementor-icon\">\n\t\t\t\t<i aria-hidden=\"true\" class=\"fas fa-fax\"><\/i>\t\t\t\t<\/span>\n\t\t\t<\/div>\n\t\t\t\n\t\t\t\t\t\t<div class=\"elementor-icon-box-content\">\n\n\t\t\t\t\n\t\t\t\t\t\t\t\t\t<p class=\"elementor-icon-box-description\">\n\t\t\t\t\t\t055050\t\t\t\t\t<\/p>\n\t\t\t\t\n\t\t\t<\/div>\n\t\t\t\n\t\t<\/div>\n\t\t\t\t\t\t<\/div>\n\t\t\t\t<\/div>\n\t\t\t\t\t<\/div>\n\t\t<\/div>\n\t\t\t\t\t<\/div>\n\t\t<\/section>\n\t\t\t\t\t<\/div>\n\t\t<\/div>\n\t\t\t\t<div class=\"elementor-column elementor-col-50 elementor-top-column elementor-element elementor-element-17c2d64\" data-id=\"17c2d64\" data-element_type=\"column\" data-e-type=\"column\">\n\t\t\t<div class=\"elementor-widget-wrap elementor-element-populated\">\n\t\t\t\t\t\t<div class=\"elementor-element elementor-element-6d3806f elementor-widget elementor-widget-shortcode\" data-id=\"6d3806f\" data-element_type=\"widget\" data-e-type=\"widget\" data-widget_type=\"shortcode.default\">\n\t\t\t\t<div class=\"elementor-widget-container\">\n\t\t\t\t\t\t\t<div class=\"elementor-shortcode\"><div class=\"everest-forms\"><div class=\"evf-container default\" id=\"evf-294\"><form id=\"evf-form-294\" class=\"everest-form\" data-formid=\"294\" data-ajax_submission=\"0\" data-keyboard_friendly_form=\"0\" data-form_state_type=\"\" method=\"post\" enctype=\"multipart\/form-data\" action=\"\/index.php\/wp-json\/wp\/v2\/pages\/801\"><div class=\"evf-field-container\"><input type=\"hidden\" id=\"_wpnonce294\" name=\"_wpnonce294\" value=\"3af8d1f1d0\" \/><input type=\"hidden\" name=\"_wp_http_referer\" value=\"\/index.php\/wp-json\/wp\/v2\/pages\/801\" \/><div class=\"evf-frontend-row\" data-row=\"row_1\" conditional_rules=\"[]\"><div class=\"evf-frontend-grid evf-grid-1\" data-grid=\"grid_1\"><div id=\"evf-294-field_qeBvk1NaeQ-1-container\" class=\"evf-field evf-field-first-name form-row validate-required\" data-required-field-message=\"Este campo es obligatorio.\" data-field-id=\"qeBvk1NaeQ-1\"><label class=\"evf-field-label\" for=\"evf-294-field_qeBvk1NaeQ-1\"><span class=\"evf-label\">Nombres<\/span> <abbr class=\"required\" title=\"Obligatorio\">*<\/abbr><\/label><input type=\"text\" id=\"evf-294-field_qeBvk1NaeQ-1\" class=\"input-text\" name=\"everest_forms[form_fields][qeBvk1NaeQ-1]\" placeholder=\"Nombres completos \" required><\/div><div id=\"evf-294-field_ENr9WdpgGQ-2-container\" class=\"evf-field evf-field-number form-row validate-required\" data-required-field-message=\"Escribe un n\u00famero v\u00e1lido.\" data-field-id=\"ENr9WdpgGQ-2\"><label class=\"evf-field-label\" for=\"evf-294-field_ENr9WdpgGQ-2\"><span class=\"evf-label\">Tel\u00e9fono <\/span> <abbr class=\"required\" title=\"Obligatorio\">*<\/abbr><\/label><input type=\"number\" id=\"evf-294-field_ENr9WdpgGQ-2\" class=\"input-text\" name=\"everest_forms[form_fields][ENr9WdpgGQ-2]\" placeholder=\"Numero celular \" required\/><\/div><div id=\"evf-294-field_52pe0S6f7y-3-container\" class=\"evf-field evf-field-email form-row validate-required validate-email\" data-required-field-message=\"Por favor, usa una direcci\u00f3n de correo electr\u00f3nico v\u00e1lida.\" data-field-id=\"52pe0S6f7y-3\"><label class=\"evf-field-label\" for=\"evf-294-field_52pe0S6f7y-3\"><span class=\"evf-label\">Correo electr\u00f3nico <\/span> <abbr class=\"required\" title=\"Obligatorio\">*<\/abbr><\/label><input type=\"email\" id=\"evf-294-field_52pe0S6f7y-3\" class=\"input-text\" name=\"everest_forms[form_fields][52pe0S6f7y-3]\" placeholder=\"Email\" required ><\/div><div id=\"evf-294-field_MJDGfvRR6o-4-container\" class=\"evf-field evf-field-text form-row\" data-field-id=\"MJDGfvRR6o-4\"><label class=\"evf-field-label\" for=\"evf-294-field_MJDGfvRR6o-4\"><span class=\"evf-label\">Asunto <\/span> <\/label><input type=\"text\" id=\"evf-294-field_MJDGfvRR6o-4\" class=\"input-text\" name=\"everest_forms[form_fields][MJDGfvRR6o-4]\" placeholder=\"Asunto del mensaje \" ><\/div><div id=\"evf-294-field_lNJswmyFsx-5-container\" class=\"evf-field evf-field-textarea form-row validate-required\" data-required-field-message=\"Este campo es obligatorio.\" data-field-id=\"lNJswmyFsx-5\"><label class=\"evf-field-label\" for=\"evf-294-field_lNJswmyFsx-5\"><span class=\"evf-label\">Mensaje<\/span> <abbr class=\"required\" title=\"Obligatorio\">*<\/abbr><\/label><textarea id=\"evf-294-field_lNJswmyFsx-5\" class=\"input-text\" name=\"everest_forms[form_fields][lNJswmyFsx-5]\" placeholder=\"Redactar mensaje \" required ><\/textarea><\/div><\/div><\/div><\/div><div class=\"evf-honeypot-container evf-field-hp\"><label for=\"evf-294-field-hp\" class=\"evf-field-label\">Name<\/label><input type=\"text\" name=\"everest_forms[hp]\" id=\"evf-294-field-hp\" class=\"input-text\"><\/div><div class=\"evf-submit-container \" ><input type=\"hidden\" name=\"everest_forms[id]\" value=\"294\"><input type=\"hidden\" name=\"everest_forms[author]\" value=\"1\"><button type='submit' name='everest_forms[submit]' class='everest-forms-submit-button button evf-submit ' id='evf-submit-294' value='evf-submit' data-process-text=\"Enviando\u2026\" conditional_rules='&quot;&quot;' conditional_id='evf-submit-294'  id=\"evf-submit-294\" aria-live=\"assertive\">Enviar<\/button><\/div><\/form><\/div><!-- .evf-container --><\/div><\/div>\n\t\t\t\t\t\t<\/div>\n\t\t\t\t<\/div>\n\t\t\t\t\t<\/div>\n\t\t<\/div>\n\t\t\t\t\t<\/div>\n\t\t<\/section>\n\t\t\t\t<section class=\"elementor-section elementor-top-section elementor-element elementor-element-fca2abd elementor-section-boxed elementor-section-height-default elementor-section-height-default\" data-id=\"fca2abd\" data-element_type=\"section\" data-e-type=\"section\">\n\t\t\t\t\t\t<div class=\"elementor-container elementor-column-gap-default\">\n\t\t\t\t\t<div class=\"elementor-column elementor-col-100 elementor-top-column elementor-element elementor-element-c05d9b8\" data-id=\"c05d9b8\" data-element_type=\"column\" data-e-type=\"column\">\n\t\t\t<div class=\"elementor-widget-wrap elementor-element-populated\">\n\t\t\t\t\t\t<div class=\"elementor-element elementor-element-bb89850 elementor-widget elementor-widget-spacer\" data-id=\"bb89850\" data-element_type=\"widget\" data-e-type=\"widget\" data-widget_type=\"spacer.default\">\n\t\t\t\t<div class=\"elementor-widget-container\">\n\t\t\t\t\t\t\t<div class=\"elementor-spacer\">\n\t\t\t<div class=\"elementor-spacer-inner\"><\/div>\n\t\t<\/div>\n\t\t\t\t\t\t<\/div>\n\t\t\t\t<\/div>\n\t\t\t\t<div class=\"elementor-element elementor-element-68e2d45 elementor-widget elementor-widget-google_maps\" data-id=\"68e2d45\" data-element_type=\"widget\" data-e-type=\"widget\" data-widget_type=\"google_maps.default\">\n\t\t\t\t<div class=\"elementor-widget-container\">\n\t\t\t\t\t\t\t<div class=\"elementor-custom-embed\">\n\t\t\t<iframe loading=\"lazy\"\n\t\t\t\t\tsrc=\"https:\/\/maps.google.com\/maps?q=Colombia%2C%20Antioquia%2C%20Medell%C3%ADn%2C%20cl.%2050%20%2346-36&#038;t=m&#038;z=17&#038;output=embed&#038;iwloc=near\"\n\t\t\t\t\ttitle=\"Colombia, Antioquia, Medell\u00edn, cl. 50 #46-36\"\n\t\t\t\t\taria-label=\"Colombia, Antioquia, Medell\u00edn, cl. 50 #46-36\"\n\t\t\t><\/iframe>\n\t\t<\/div>\n\t\t\t\t\t\t<\/div>\n\t\t\t\t<\/div>\n\t\t\t\t<div class=\"elementor-element elementor-element-ef82eeb elementor-widget elementor-widget-spacer\" data-id=\"ef82eeb\" data-element_type=\"widget\" data-e-type=\"widget\" data-widget_type=\"spacer.default\">\n\t\t\t\t<div class=\"elementor-widget-container\">\n\t\t\t\t\t\t\t<div class=\"elementor-spacer\">\n\t\t\t<div class=\"elementor-spacer-inner\"><\/div>\n\t\t<\/div>\n\t\t\t\t\t\t<\/div>\n\t\t\t\t<\/div>\n\t\t\t\t\t<\/div>\n\t\t<\/div>\n\t\t\t\t\t<\/div>\n\t\t<\/section>\n\t\t\t\t<\/div>\n\t\t","protected":false},"excerpt":{"rendered":"<p>cont\u00e1Ctenos +57-316-461-5944 Medell\u00edn, Antioquia Cl. 50 #46-36 ovaonline@gmail.com +57 316-461-5944 055050<\/p>\n","protected":false},"author":1,"featured_media":0,"parent":0,"menu_order":0,"comment_status":"closed","ping_status":"closed","template":"page-templates\/pagebuilder.php","meta":{"zakra_page_container_layout":"customizer","zakra_page_sidebar_layout":"customizer","zakra_remove_content_margin":false,"zakra_sidebar":"customizer","zakra_transparent_header":"0","zakra_logo":0,"zakra_main_header_style":"default","zakra_menu_item_color":"","zakra_menu_item_hover_color":"","zakra_menu_item_active_color":"","zakra_menu_active_style":"","zakra_page_header":true,"_joinchat":[],"footnotes":""},"class_list":["post-801","page","type-page","status-publish","hentry"],"yoast_head":"<!-- This site is optimized with the Yoast SEO plugin v27.2 - https:\/\/yoast.com\/product\/yoast-seo-wordpress\/ -->\n<title>Contact |<\/title>\n<meta name=\"robots\" content=\"index, follow, max-snippet:-1, max-image-preview:large, max-video-preview:-1\" \/>\n<link rel=\"canonical\" href=\"https:\/\/ovaonline.co\/index.php\/contact\/\" \/>\n<meta property=\"og:locale\" content=\"es_ES\" \/>\n<meta property=\"og:type\" content=\"article\" \/>\n<meta property=\"og:title\" content=\"Contact |\" \/>\n<meta property=\"og:description\" content=\"cont\u00e1Ctenos +57-316-461-5944 Medell\u00edn, Antioquia Cl. 50 #46-36 ovaonline@gmail.com +57 316-461-5944 055050\" \/>\n<meta property=\"og:url\" content=\"https:\/\/ovaonline.co\/index.php\/contact\/\" \/>\n<meta property=\"article:publisher\" content=\"https:\/\/www.facebook.com\/ovaonline2022\/\" \/>\n<meta property=\"article:modified_time\" content=\"2021-03-09T16:15:41+00:00\" \/>\n<meta property=\"og:image\" content=\"https:\/\/i0.wp.com\/ovaonline.co\/wp-content\/uploads\/2026\/01\/il_1588xN.6388086482_66wa.webp?fit=1588%2C1561&ssl=1\" \/>\n\t<meta property=\"og:image:width\" content=\"1588\" \/>\n\t<meta property=\"og:image:height\" content=\"1561\" \/>\n\t<meta property=\"og:image:type\" content=\"image\/webp\" \/>\n<meta name=\"twitter:card\" content=\"summary_large_image\" \/>\n<script type=\"application\/ld+json\" class=\"yoast-schema-graph\">{\"@context\":\"https:\/\/schema.org\",\"@graph\":[{\"@type\":\"WebPage\",\"@id\":\"https:\/\/ovaonline.co\/index.php\/contact\/\",\"url\":\"https:\/\/ovaonline.co\/index.php\/contact\/\",\"name\":\"Contact |\",\"isPartOf\":{\"@id\":\"https:\/\/ovaonline.co\/#website\"},\"datePublished\":\"2019-06-17T08:42:30+00:00\",\"dateModified\":\"2021-03-09T16:15:41+00:00\",\"breadcrumb\":{\"@id\":\"https:\/\/ovaonline.co\/index.php\/contact\/#breadcrumb\"},\"inLanguage\":\"es-CO\",\"potentialAction\":[{\"@type\":\"ReadAction\",\"target\":[\"https:\/\/ovaonline.co\/index.php\/contact\/\"]}]},{\"@type\":\"BreadcrumbList\",\"@id\":\"https:\/\/ovaonline.co\/index.php\/contact\/#breadcrumb\",\"itemListElement\":[{\"@type\":\"ListItem\",\"position\":1,\"name\":\"Portada\",\"item\":\"https:\/\/ovaonline.co\/\"},{\"@type\":\"ListItem\",\"position\":2,\"name\":\"Contact\"}]},{\"@type\":\"WebSite\",\"@id\":\"https:\/\/ovaonline.co\/#website\",\"url\":\"https:\/\/ovaonline.co\/\",\"name\":\"OVA Online\",\"description\":\"Moda alternativa, cors\u00e9s y arneses premium. Tu estilo definitivo para destacar en raves, festivales y conciertos en Colombia.\",\"publisher\":{\"@id\":\"https:\/\/ovaonline.co\/#organization\"},\"alternateName\":\"OVA Online Colombia\",\"potentialAction\":[{\"@type\":\"SearchAction\",\"target\":{\"@type\":\"EntryPoint\",\"urlTemplate\":\"https:\/\/ovaonline.co\/?s={search_term_string}\"},\"query-input\":{\"@type\":\"PropertyValueSpecification\",\"valueRequired\":true,\"valueName\":\"search_term_string\"}}],\"inLanguage\":\"es-CO\"},{\"@type\":\"Organization\",\"@id\":\"https:\/\/ovaonline.co\/#organization\",\"name\":\"Ova Online\",\"alternateName\":\"OVA Online Colombia\",\"url\":\"https:\/\/ovaonline.co\/\",\"logo\":{\"@type\":\"ImageObject\",\"inLanguage\":\"es-CO\",\"@id\":\"https:\/\/ovaonline.co\/#\/schema\/logo\/image\/\",\"url\":\"https:\/\/ovaonline.co\/wp-content\/uploads\/2026\/03\/logo-ova.png\",\"contentUrl\":\"https:\/\/ovaonline.co\/wp-content\/uploads\/2026\/03\/logo-ova.png\",\"width\":225,\"height\":225,\"caption\":\"Ova Online\"},\"image\":{\"@id\":\"https:\/\/ovaonline.co\/#\/schema\/logo\/image\/\"},\"sameAs\":[\"https:\/\/www.facebook.com\/ovaonline2022\/\",\"https:\/\/www.instagram.com\/ovaonlinecol\/\"]}]}<\/script>\n<!-- \/ Yoast SEO plugin. -->","yoast_head_json":{"title":"Contact |","robots":{"index":"index","follow":"follow","max-snippet":"max-snippet:-1","max-image-preview":"max-image-preview:large","max-video-preview":"max-video-preview:-1"},"canonical":"https:\/\/ovaonline.co\/index.php\/contact\/","og_locale":"es_ES","og_type":"article","og_title":"Contact |","og_description":"cont\u00e1Ctenos +57-316-461-5944 Medell\u00edn, Antioquia Cl. 50 #46-36 ovaonline@gmail.com +57 316-461-5944 055050","og_url":"https:\/\/ovaonline.co\/index.php\/contact\/","article_publisher":"https:\/\/www.facebook.com\/ovaonline2022\/","article_modified_time":"2021-03-09T16:15:41+00:00","og_image":[{"width":1588,"height":1561,"url":"https:\/\/i0.wp.com\/ovaonline.co\/wp-content\/uploads\/2026\/01\/il_1588xN.6388086482_66wa.webp?fit=1588%2C1561&ssl=1","type":"image\/webp"}],"twitter_card":"summary_large_image","schema":{"@context":"https:\/\/schema.org","@graph":[{"@type":"WebPage","@id":"https:\/\/ovaonline.co\/index.php\/contact\/","url":"https:\/\/ovaonline.co\/index.php\/contact\/","name":"Contact |","isPartOf":{"@id":"https:\/\/ovaonline.co\/#website"},"datePublished":"2019-06-17T08:42:30+00:00","dateModified":"2021-03-09T16:15:41+00:00","breadcrumb":{"@id":"https:\/\/ovaonline.co\/index.php\/contact\/#breadcrumb"},"inLanguage":"es-CO","potentialAction":[{"@type":"ReadAction","target":["https:\/\/ovaonline.co\/index.php\/contact\/"]}]},{"@type":"BreadcrumbList","@id":"https:\/\/ovaonline.co\/index.php\/contact\/#breadcrumb","itemListElement":[{"@type":"ListItem","position":1,"name":"Portada","item":"https:\/\/ovaonline.co\/"},{"@type":"ListItem","position":2,"name":"Contact"}]},{"@type":"WebSite","@id":"https:\/\/ovaonline.co\/#website","url":"https:\/\/ovaonline.co\/","name":"OVA Online","description":"Moda alternativa, cors\u00e9s y arneses premium. Tu estilo definitivo para destacar en raves, festivales y conciertos en Colombia.","publisher":{"@id":"https:\/\/ovaonline.co\/#organization"},"alternateName":"OVA Online Colombia","potentialAction":[{"@type":"SearchAction","target":{"@type":"EntryPoint","urlTemplate":"https:\/\/ovaonline.co\/?s={search_term_string}"},"query-input":{"@type":"PropertyValueSpecification","valueRequired":true,"valueName":"search_term_string"}}],"inLanguage":"es-CO"},{"@type":"Organization","@id":"https:\/\/ovaonline.co\/#organization","name":"Ova Online","alternateName":"OVA Online Colombia","url":"https:\/\/ovaonline.co\/","logo":{"@type":"ImageObject","inLanguage":"es-CO","@id":"https:\/\/ovaonline.co\/#\/schema\/logo\/image\/","url":"https:\/\/ovaonline.co\/wp-content\/uploads\/2026\/03\/logo-ova.png","contentUrl":"https:\/\/ovaonline.co\/wp-content\/uploads\/2026\/03\/logo-ova.png","width":225,"height":225,"caption":"Ova Online"},"image":{"@id":"https:\/\/ovaonline.co\/#\/schema\/logo\/image\/"},"sameAs":["https:\/\/www.facebook.com\/ovaonline2022\/","https:\/\/www.instagram.com\/ovaonlinecol\/"]}]}},"jetpack_sharing_enabled":true,"_links":{"self":[{"href":"https:\/\/ovaonline.co\/index.php\/wp-json\/wp\/v2\/pages\/801","targetHints":{"allow":["GET"]}}],"collection":[{"href":"https:\/\/ovaonline.co\/index.php\/wp-json\/wp\/v2\/pages"}],"about":[{"href":"https:\/\/ovaonline.co\/index.php\/wp-json\/wp\/v2\/types\/page"}],"author":[{"embeddable":true,"href":"https:\/\/ovaonline.co\/index.php\/wp-json\/wp\/v2\/users\/1"}],"replies":[{"embeddable":true,"href":"https:\/\/ovaonline.co\/index.php\/wp-json\/wp\/v2\/comments?post=801"}],"version-history":[{"count":6,"href":"https:\/\/ovaonline.co\/index.php\/wp-json\/wp\/v2\/pages\/801\/revisions"}],"predecessor-version":[{"id":944,"href":"https:\/\/ovaonline.co\/index.php\/wp-json\/wp\/v2\/pages\/801\/revisions\/944"}],"wp:attachment":[{"href":"https:\/\/ovaonline.co\/index.php\/wp-json\/wp\/v2\/media?parent=801"}],"curies":[{"name":"wp","href":"https:\/\/api.w.org\/{rel}","templated":true}]}}